{"id":23017,"date":"2025-07-15T01:51:17","date_gmt":"2025-07-14T17:51:17","guid":{"rendered":"https:\/\/yeezy.xianzhi.org\/?post_type=product&#038;p=23017"},"modified":"2025-07-15T01:52:05","modified_gmt":"2025-07-14T17:52:05","slug":"yeezy-foam-rnnr-ochre","status":"publish","type":"product","link":"https:\/\/yeezy.xianzhi.org\/?product=yeezy-foam-rnnr-ochre","title":{"rendered":"Yeezy Foam RNNR Ochre"},"content":{"rendered":"<div>\n<p>D\u00e9voil\u00e9e aux c\u00f4t\u00e9s de l&#8217;\u00e9dition<span>\u00a0<\/span><span><strong>MX Cream Clay<\/strong><\/span>. cette nouvelle<span>\u00a0<\/span><strong>Yeezy Foam RNNR<\/strong><span>\u00a0<\/span><strong>Ochre<\/strong><span>\u00a0<\/span>reprend cette fois-ci un look monochrome toujours plus saisissant !<\/p>\n<p>La<span>\u00a0<\/span><strong>Adidas Yeezy Foam RNNR Ochre<\/strong><span>\u00a0<\/span>se pr\u00e9sente comme \u00e0 son habitude d&#8217;une structure \u00e9labor\u00e9e en\u00a0une seule pi\u00e8ce<span>\u00a0<\/span><strong data-mce-fragment=\"1\">moul\u00e9e<\/strong>. La slip-on affiche une teinte orang\u00e9e qui ne passera pas inaper\u00e7ue. On note \u00e9galement plusieurs orifices venant s&#8217;ajouter \u00e0 la silhouette\u00a0<b data-mce-fragment=\"1\">avant-gardiste<\/b>.<\/p>\n<p><span>Inspir\u00e9e de la\u00a0<\/span><span>. cette nouvelle it\u00e9ration est de loin la plus color\u00e9e des\u00a0<strong>Yeezy Foam RNNR<\/strong>\u00a0!<\/span><\/p>\n<p><strong>Date de sortie<\/strong><span>\u00a0<\/span>: Ao\u00fbt 2021<br \/><strong>Colorway<\/strong><span>\u00a0<\/span>: OCHRE\/OCHRE\/OCHRE<\/p>\n<\/div>\n","protected":false},"excerpt":{"rendered":"<p>D\u00e9voil\u00e9e aux c\u00f4t\u00e9s de l&#8217;\u00e9dition\u00a0MX Cream Clay. ce [&hellip;]<\/p>\n","protected":false},"featured_media":23027,"template":"","meta":[],"product_brand":[],"product_cat":[176,42],"product_tag":[],"class_list":{"0":"post-23017","1":"product","2":"type-product","3":"status-publish","4":"has-post-thumbnail","6":"product_cat-sneakers","7":"product_cat-yeezy-foam-rnnr","9":"first","10":"instock","11":"sale","12":"shipping-taxable","13":"purchasable","14":"product-type-variable"},"_links":{"self":[{"href":"https:\/\/yeezy.xianzhi.org\/index.php?rest_route=\/wp\/v2\/product\/23017","targetHints":{"allow":["GET"]}}],"collection":[{"href":"https:\/\/yeezy.xianzhi.org\/index.php?rest_route=\/wp\/v2\/product"}],"about":[{"href":"https:\/\/yeezy.xianzhi.org\/index.php?rest_route=\/wp\/v2\/types\/product"}],"wp:featuredmedia":[{"embeddable":true,"href":"https:\/\/yeezy.xianzhi.org\/index.php?rest_route=\/wp\/v2\/media\/23027"}],"wp:attachment":[{"href":"https:\/\/yeezy.xianzhi.org\/index.php?rest_route=%2Fwp%2Fv2%2Fmedia&parent=23017"}],"wp:term":[{"taxonomy":"product_brand","embeddable":true,"href":"https:\/\/yeezy.xianzhi.org\/index.php?rest_route=%2Fwp%2Fv2%2Fproduct_brand&post=23017"},{"taxonomy":"product_cat","embeddable":true,"href":"https:\/\/yeezy.xianzhi.org\/index.php?rest_route=%2Fwp%2Fv2%2Fproduct_cat&post=23017"},{"taxonomy":"product_tag","embeddable":true,"href":"https:\/\/yeezy.xianzhi.org\/index.php?rest_route=%2Fwp%2Fv2%2Fproduct_tag&post=23017"}],"curies":[{"name":"wp","href":"https:\/\/api.w.org\/{rel}","templated":true}]}}