{"id":23016,"date":"2025-07-15T01:51:17","date_gmt":"2025-07-14T17:51:17","guid":{"rendered":"https:\/\/yeezy.xianzhi.org\/?post_type=product&#038;p=23016"},"modified":"2025-07-15T01:52:05","modified_gmt":"2025-07-14T17:52:05","slug":"adidas-yeezy-foam-rnnr-mx-sand-grey","status":"publish","type":"product","link":"https:\/\/yeezy.xianzhi.org\/?product=adidas-yeezy-foam-rnnr-mx-sand-grey","title":{"rendered":"Adidas Yeezy Foam Rnnr Mx Sand Grey"},"content":{"rendered":"<p><strong><b data-stringify-type=\"bold\" data-mce-fragment=\"1\"><\/b><\/strong><strong>Adidas<\/strong> et  reviennent avec une toute nouvelle it\u00e9ration de leur mod\u00e8le futuriste sign\u00e9 <strong>Kanye West<\/strong>.<\/p>\n<p>La <strong>Adidas Yeezy Foam RNNR MX Sand Grey<\/strong> poss\u00e8de une structure <strong>marron<\/strong> en <strong>EVA<\/strong> moul\u00e9. recouverte de <strong>motifs marbr\u00e9s<\/strong> bleus. roses et chocolat qui viennent se fondre tout le long de l&#8217;empeigne. La silhouette est parsem\u00e9e d&#8217;orifices qui viennent compl\u00e9ter le design <strong>avant-gardiste<\/strong>.  <\/p>\n<p>Inspir\u00e9e des . cette nouvelle it\u00e9ration sombre de la Foam RNNR peaufinera n&#8217;importe quel look !<\/p>\n<p><strong>SKU<\/strong> : <span data-mce-fragment=\"1\">GY3969<\/span><br \/><strong>Date de sortie<\/strong> : D\u00e9cembre 2021<br \/><strong>Colorway <\/strong>: MX SAND GREY<\/p>\n","protected":false},"excerpt":{"rendered":"<p>Adidas et reviennent avec une toute nouvelle it\u00e9ration  [&hellip;]<\/p>\n","protected":false},"featured_media":23023,"template":"","meta":[],"product_brand":[],"product_cat":[176,42],"product_tag":[],"class_list":{"0":"post-23016","1":"product","2":"type-product","3":"status-publish","4":"has-post-thumbnail","6":"product_cat-sneakers","7":"product_cat-yeezy-foam-rnnr","9":"first","10":"instock","11":"sale","12":"shipping-taxable","13":"purchasable","14":"product-type-variable"},"_links":{"self":[{"href":"https:\/\/yeezy.xianzhi.org\/index.php?rest_route=\/wp\/v2\/product\/23016","targetHints":{"allow":["GET"]}}],"collection":[{"href":"https:\/\/yeezy.xianzhi.org\/index.php?rest_route=\/wp\/v2\/product"}],"about":[{"href":"https:\/\/yeezy.xianzhi.org\/index.php?rest_route=\/wp\/v2\/types\/product"}],"wp:featuredmedia":[{"embeddable":true,"href":"https:\/\/yeezy.xianzhi.org\/index.php?rest_route=\/wp\/v2\/media\/23023"}],"wp:attachment":[{"href":"https:\/\/yeezy.xianzhi.org\/index.php?rest_route=%2Fwp%2Fv2%2Fmedia&parent=23016"}],"wp:term":[{"taxonomy":"product_brand","embeddable":true,"href":"https:\/\/yeezy.xianzhi.org\/index.php?rest_route=%2Fwp%2Fv2%2Fproduct_brand&post=23016"},{"taxonomy":"product_cat","embeddable":true,"href":"https:\/\/yeezy.xianzhi.org\/index.php?rest_route=%2Fwp%2Fv2%2Fproduct_cat&post=23016"},{"taxonomy":"product_tag","embeddable":true,"href":"https:\/\/yeezy.xianzhi.org\/index.php?rest_route=%2Fwp%2Fv2%2Fproduct_tag&post=23016"}],"curies":[{"name":"wp","href":"https:\/\/api.w.org\/{rel}","templated":true}]}}