{"id":23001,"date":"2025-07-15T01:51:04","date_gmt":"2025-07-14T17:51:04","guid":{"rendered":"https:\/\/yeezy.xianzhi.org\/?post_type=product&#038;p=23001"},"modified":"2025-07-15T01:52:05","modified_gmt":"2025-07-14T17:52:05","slug":"adidas-yeezy-foam-rnnr-mxt-moon-gray","status":"publish","type":"product","link":"https:\/\/yeezy.xianzhi.org\/?product=adidas-yeezy-foam-rnnr-mxt-moon-gray","title":{"rendered":"Adidas Yeezy Foam RNNR MXT Moon Gray"},"content":{"rendered":"<div>\n<div>\n<p>Quelques semaines apr\u00e8s la sortie de la<span>\u00a0<\/span><span><strong>Adidas Yeezy 450 Cloud White<\/strong><\/span>. le rappeur de Chicago pr\u00e9sente sa nouvelle<span>\u00a0<\/span><span>\u00a0<\/span>fa\u00e7on slip-on. disponible \u00e9galement dans un coloris<span>\u00a0<\/span><strong>Sand<\/strong>.<\/p>\n<p>La<span>\u00a0<\/span><strong>Adidas Yeezy Foam RNNR MXT Moon Gray<\/strong><span>\u00a0<\/span>pr\u00e9sente un design<span>\u00a0<\/span><strong>innovant<\/strong><span>\u00a0<\/span>\u00e9labor\u00e9 en une seule<span>\u00a0<\/span><strong>pi\u00e8ce<\/strong>. On note un d\u00e9grad\u00e9 de<span>\u00a0<\/span><strong>gris<\/strong><span>\u00a0<\/span>fonc\u00e9 vers un beige couleur<span>\u00a0<\/span><strong>sable<\/strong>. qui n&#8217;est pas sans rappeler son autre coloris. Plusieurs orifices viennent s&#8217;ajouter \u00e0 la silhouette<span>\u00a0<\/span><strong>avant-gardiste.<\/strong><\/p>\n<p>Inspir\u00e9e de la<span>\u00a0<\/span><strong>Yeezy 700 Wave Runner<\/strong>. cette nouvelle it\u00e9ration sortie en quantit\u00e9 tr\u00e8s limit\u00e9es s&#8217;annonce d\u00e9j\u00e0 comme l&#8217;une des pi\u00e8ces futuristes les plus convoit\u00e9es du duo !<\/p>\n<p><strong>Date de sortie<\/strong><span>\u00a0<\/span>: Mars 2021<br \/><strong>Colorway<\/strong><span>\u00a0<\/span>: MOON GRAY\/MOON GRAY\/MOON GRAY<\/p>\n<\/div>\n<\/div>\n","protected":false},"excerpt":{"rendered":"<p>Quelques semaines apr\u00e8s la sortie de la\u00a0Adidas Yeezy 45 [&hellip;]<\/p>\n","protected":false},"featured_media":23011,"template":"","meta":[],"product_brand":[],"product_cat":[176,42],"product_tag":[],"class_list":{"0":"post-23001","1":"product","2":"type-product","3":"status-publish","4":"has-post-thumbnail","6":"product_cat-sneakers","7":"product_cat-yeezy-foam-rnnr","9":"first","10":"instock","11":"sale","12":"shipping-taxable","13":"purchasable","14":"product-type-variable"},"_links":{"self":[{"href":"https:\/\/yeezy.xianzhi.org\/index.php?rest_route=\/wp\/v2\/product\/23001","targetHints":{"allow":["GET"]}}],"collection":[{"href":"https:\/\/yeezy.xianzhi.org\/index.php?rest_route=\/wp\/v2\/product"}],"about":[{"href":"https:\/\/yeezy.xianzhi.org\/index.php?rest_route=\/wp\/v2\/types\/product"}],"wp:featuredmedia":[{"embeddable":true,"href":"https:\/\/yeezy.xianzhi.org\/index.php?rest_route=\/wp\/v2\/media\/23011"}],"wp:attachment":[{"href":"https:\/\/yeezy.xianzhi.org\/index.php?rest_route=%2Fwp%2Fv2%2Fmedia&parent=23001"}],"wp:term":[{"taxonomy":"product_brand","embeddable":true,"href":"https:\/\/yeezy.xianzhi.org\/index.php?rest_route=%2Fwp%2Fv2%2Fproduct_brand&post=23001"},{"taxonomy":"product_cat","embeddable":true,"href":"https:\/\/yeezy.xianzhi.org\/index.php?rest_route=%2Fwp%2Fv2%2Fproduct_cat&post=23001"},{"taxonomy":"product_tag","embeddable":true,"href":"https:\/\/yeezy.xianzhi.org\/index.php?rest_route=%2Fwp%2Fv2%2Fproduct_tag&post=23001"}],"curies":[{"name":"wp","href":"https:\/\/api.w.org\/{rel}","templated":true}]}}