{"id":23000,"date":"2025-07-15T01:51:03","date_gmt":"2025-07-14T17:51:03","guid":{"rendered":"https:\/\/yeezy.xianzhi.org\/?post_type=product&#038;p=23000"},"modified":"2025-07-15T01:52:06","modified_gmt":"2025-07-14T17:52:06","slug":"adidas-yeezy-foam-rnnr-mineral-blue","status":"publish","type":"product","link":"https:\/\/yeezy.xianzhi.org\/?product=adidas-yeezy-foam-rnnr-mineral-blue","title":{"rendered":"Adidas Yeezy Foam Rnnr Mineral Blue"},"content":{"rendered":"<p><meta charset=\"utf-8\"><\/p>\n<p class=\"p1\" data-mce-fragment=\"1\"><meta charset=\"utf-8\">Quelques jours apr\u00e8s la sortie de la . Kanye West et Adidas nous d\u00e9voilent la  dans une version <strong>Mineral Blue<\/strong>.<\/p>\n<p class=\"p1\" data-mce-fragment=\"1\">La <strong>Adidas Yeezy Foam RNNR Mineral Blue<\/strong> se pr\u00e9sente comme \u00e0 son habitude d&#8217;une structure \u00e9labor\u00e9e en une seule pi\u00e8ce <strong>moul\u00e9e<\/strong>. La slip-on aux d\u00e9coupes <strong>ovales<\/strong> arbore une m\u00e9lange de <strong>noir<\/strong> et <strong>bleu marine<\/strong> fa\u00e7on <strong>tie and dye<\/strong>. On note \u00e9galement plusieurs orifices venant s&#8217;ajouter \u00e0 la silhouette <b>avant-gardiste<\/b>.<\/p>\n<p class=\"p1\" data-mce-fragment=\"1\"><span>Inspir\u00e9e de la <\/span><span>. cette nouvelle it\u00e9ration sortie en quantit\u00e9 tr\u00e8s limit\u00e9es s&#8217;annonce d\u00e9j\u00e0 comme l&#8217;une des pi\u00e8ces <strong>futuristes<\/strong> les plus convoit\u00e9es du duo.<\/span><\/p>\n<p><strong data-mce-fragment=\"1\">SKU<\/strong><span data-mce-fragment=\"1\"> <\/span><span data-mce-fragment=\"1\">: GV7903<\/span><br data-mce-fragment=\"1\"><strong data-mce-fragment=\"1\">Date de sortie<\/strong><span data-mce-fragment=\"1\"> <\/span><span data-mce-fragment=\"1\">: Mai 2021<\/span><br data-mce-fragment=\"1\"><strong data-mce-fragment=\"1\">Colorway<\/strong><span data-mce-fragment=\"1\"> <\/span><span data-mce-fragment=\"1\">: <meta charset=\"utf-8\">MINERAL BLUE\/MINERAL BLUE\/MINERAL BLUE <\/span><\/p>\n","protected":false},"excerpt":{"rendered":"<p>Quelques jours apr\u00e8s la sortie de la . Kanye West et Ad [&hellip;]<\/p>\n","protected":false},"featured_media":23007,"template":"","meta":[],"product_brand":[],"product_cat":[176,42],"product_tag":[],"class_list":{"0":"post-23000","1":"product","2":"type-product","3":"status-publish","4":"has-post-thumbnail","6":"product_cat-sneakers","7":"product_cat-yeezy-foam-rnnr","9":"first","10":"instock","11":"sale","12":"shipping-taxable","13":"purchasable","14":"product-type-variable"},"_links":{"self":[{"href":"https:\/\/yeezy.xianzhi.org\/index.php?rest_route=\/wp\/v2\/product\/23000","targetHints":{"allow":["GET"]}}],"collection":[{"href":"https:\/\/yeezy.xianzhi.org\/index.php?rest_route=\/wp\/v2\/product"}],"about":[{"href":"https:\/\/yeezy.xianzhi.org\/index.php?rest_route=\/wp\/v2\/types\/product"}],"wp:featuredmedia":[{"embeddable":true,"href":"https:\/\/yeezy.xianzhi.org\/index.php?rest_route=\/wp\/v2\/media\/23007"}],"wp:attachment":[{"href":"https:\/\/yeezy.xianzhi.org\/index.php?rest_route=%2Fwp%2Fv2%2Fmedia&parent=23000"}],"wp:term":[{"taxonomy":"product_brand","embeddable":true,"href":"https:\/\/yeezy.xianzhi.org\/index.php?rest_route=%2Fwp%2Fv2%2Fproduct_brand&post=23000"},{"taxonomy":"product_cat","embeddable":true,"href":"https:\/\/yeezy.xianzhi.org\/index.php?rest_route=%2Fwp%2Fv2%2Fproduct_cat&post=23000"},{"taxonomy":"product_tag","embeddable":true,"href":"https:\/\/yeezy.xianzhi.org\/index.php?rest_route=%2Fwp%2Fv2%2Fproduct_tag&post=23000"}],"curies":[{"name":"wp","href":"https:\/\/api.w.org\/{rel}","templated":true}]}}