{"id":22999,"date":"2025-07-15T01:51:03","date_gmt":"2025-07-14T17:51:03","guid":{"rendered":"https:\/\/yeezy.xianzhi.org\/?post_type=product&#038;p=22999"},"modified":"2025-07-15T01:52:06","modified_gmt":"2025-07-14T17:52:06","slug":"adidas-yeezy-foam-rnnr-mx-clay-cream","status":"publish","type":"product","link":"https:\/\/yeezy.xianzhi.org\/?product=adidas-yeezy-foam-rnnr-mx-clay-cream","title":{"rendered":"Adidas Yeezy Foam Rnnr Mx Clay Cream"},"content":{"rendered":"<p><b data-stringify-type=\"bold\" data-mce-fragment=\"1\"><\/b><span>Quelques semaines apr\u00e8s la sortie de sa collaboration avec <strong>Gap<\/strong>. <strong>Kanye West<\/strong> d\u00e9voile une nouvelle  similaire au sch\u00e9ma de couleur de l&#8217;\u00e9dition MXT Moon Gray.<\/span><\/p>\n<p><span>La <strong>Adidas Yeezy Foam RNNR MX Clay Cream<\/strong> pr\u00e9sente un design des plus <strong>futuristes<\/strong> \u00e9labor\u00e9s en une seule et m\u00eame pi\u00e8ce. On y retrouve une teinte de beige couleur <strong>sable<\/strong> qui vient se fondre dans des nuances de marron et de gris. Plusieurs <strong>orifices<\/strong> viennent compl\u00e9ter le quarter panel du mod\u00e8le.<br \/><\/span><\/p>\n<p><span>Inspir\u00e9e des lignes de la  cette nouvelle d\u00e9clinaison en quantit\u00e9 tr\u00e8s limit\u00e9e ne manquera pas de cr\u00e9er la sensation chez les amateurs du m\u00e9diatique designer.<\/span><\/p>\n<p><strong>SKU<\/strong> : GX8774<br \/><strong>Date de sortie<\/strong> : Ao\u00fbt 2021<br \/><strong>Colorway<\/strong> : MX CLAY CREAM\/MX CLAY CREAM\/MX CLAY CREAM<\/p>\n","protected":false},"excerpt":{"rendered":"<p>Quelques semaines apr\u00e8s la sortie de sa collaboration a [&hellip;]<\/p>\n","protected":false},"featured_media":23002,"template":"","meta":[],"product_brand":[],"product_cat":[176,42],"product_tag":[],"class_list":{"0":"post-22999","1":"product","2":"type-product","3":"status-publish","4":"has-post-thumbnail","6":"product_cat-sneakers","7":"product_cat-yeezy-foam-rnnr","9":"first","10":"instock","11":"sale","12":"shipping-taxable","13":"purchasable","14":"product-type-variable"},"_links":{"self":[{"href":"https:\/\/yeezy.xianzhi.org\/index.php?rest_route=\/wp\/v2\/product\/22999","targetHints":{"allow":["GET"]}}],"collection":[{"href":"https:\/\/yeezy.xianzhi.org\/index.php?rest_route=\/wp\/v2\/product"}],"about":[{"href":"https:\/\/yeezy.xianzhi.org\/index.php?rest_route=\/wp\/v2\/types\/product"}],"wp:featuredmedia":[{"embeddable":true,"href":"https:\/\/yeezy.xianzhi.org\/index.php?rest_route=\/wp\/v2\/media\/23002"}],"wp:attachment":[{"href":"https:\/\/yeezy.xianzhi.org\/index.php?rest_route=%2Fwp%2Fv2%2Fmedia&parent=22999"}],"wp:term":[{"taxonomy":"product_brand","embeddable":true,"href":"https:\/\/yeezy.xianzhi.org\/index.php?rest_route=%2Fwp%2Fv2%2Fproduct_brand&post=22999"},{"taxonomy":"product_cat","embeddable":true,"href":"https:\/\/yeezy.xianzhi.org\/index.php?rest_route=%2Fwp%2Fv2%2Fproduct_cat&post=22999"},{"taxonomy":"product_tag","embeddable":true,"href":"https:\/\/yeezy.xianzhi.org\/index.php?rest_route=%2Fwp%2Fv2%2Fproduct_tag&post=22999"}],"curies":[{"name":"wp","href":"https:\/\/api.w.org\/{rel}","templated":true}]}}