{"id":22991,"date":"2025-07-15T01:50:57","date_gmt":"2025-07-14T17:50:57","guid":{"rendered":"https:\/\/yeezy.xianzhi.org\/?post_type=product&#038;p=22991"},"modified":"2025-07-15T01:52:06","modified_gmt":"2025-07-14T17:52:06","slug":"adidas-yeezy-foam-rnnr-sulfur","status":"publish","type":"product","link":"https:\/\/yeezy.xianzhi.org\/?product=adidas-yeezy-foam-rnnr-sulfur","title":{"rendered":"Adidas Yeezy Foam Rnnr Sulfur"},"content":{"rendered":"<p><strong>Adidas<\/strong> et <strong>Kanye West<\/strong> l\u00e8vent le voile sur une nouvelle  avec un coloris estival qui tombe \u00e0 pic pour le d\u00e9but de l&#8217;\u00e9t\u00e9 !<\/p>\n<p>La <strong>Adidas Yeezy Foam RNNR Sulfure<\/strong> se pare de la structure habituelle reprenant plusieurs orifices sur les panels de la paire. On note une teinte jaune p\u00e2le monochrome en mousse <strong>EVA<\/strong>.<\/p>\n<p>Le duo pr\u00e9pare l&#8217;\u00e9t\u00e9 avec une sortie qui s&#8217;annonce jusqu&#8217;\u00e0 pr\u00e9sent comme l&#8217;un des coloris les plus pris\u00e9s des fans du Ye !<\/p>\n<p><strong>SKU<\/strong> : GV6775<br \/><strong>Date de sortie<\/strong> : Avril 2022<br \/><strong>Colorway<\/strong> : SULFURE\/SULFURE\/SULFURE<\/p>\n","protected":false},"excerpt":{"rendered":"<p>Adidas et Kanye West l\u00e8vent le voile sur une nouvelle a [&hellip;]<\/p>\n","protected":false},"featured_media":22996,"template":"","meta":[],"product_brand":[],"product_cat":[176,42],"product_tag":[],"class_list":{"0":"post-22991","1":"product","2":"type-product","3":"status-publish","4":"has-post-thumbnail","6":"product_cat-sneakers","7":"product_cat-yeezy-foam-rnnr","9":"first","10":"instock","11":"sale","12":"shipping-taxable","13":"purchasable","14":"product-type-variable"},"_links":{"self":[{"href":"https:\/\/yeezy.xianzhi.org\/index.php?rest_route=\/wp\/v2\/product\/22991","targetHints":{"allow":["GET"]}}],"collection":[{"href":"https:\/\/yeezy.xianzhi.org\/index.php?rest_route=\/wp\/v2\/product"}],"about":[{"href":"https:\/\/yeezy.xianzhi.org\/index.php?rest_route=\/wp\/v2\/types\/product"}],"wp:featuredmedia":[{"embeddable":true,"href":"https:\/\/yeezy.xianzhi.org\/index.php?rest_route=\/wp\/v2\/media\/22996"}],"wp:attachment":[{"href":"https:\/\/yeezy.xianzhi.org\/index.php?rest_route=%2Fwp%2Fv2%2Fmedia&parent=22991"}],"wp:term":[{"taxonomy":"product_brand","embeddable":true,"href":"https:\/\/yeezy.xianzhi.org\/index.php?rest_route=%2Fwp%2Fv2%2Fproduct_brand&post=22991"},{"taxonomy":"product_cat","embeddable":true,"href":"https:\/\/yeezy.xianzhi.org\/index.php?rest_route=%2Fwp%2Fv2%2Fproduct_cat&post=22991"},{"taxonomy":"product_tag","embeddable":true,"href":"https:\/\/yeezy.xianzhi.org\/index.php?rest_route=%2Fwp%2Fv2%2Fproduct_tag&post=22991"}],"curies":[{"name":"wp","href":"https:\/\/api.w.org\/{rel}","templated":true}]}}