{"id":22990,"date":"2025-07-15T01:50:57","date_gmt":"2025-07-14T17:50:57","guid":{"rendered":"https:\/\/yeezy.xianzhi.org\/?post_type=product&#038;p=22990"},"modified":"2025-07-15T01:52:06","modified_gmt":"2025-07-14T17:52:06","slug":"adidas-yeezy-foam-rnnr-mist","status":"publish","type":"product","link":"https:\/\/yeezy.xianzhi.org\/?product=adidas-yeezy-foam-rnnr-mist","title":{"rendered":"Adidas Yeezy Foam Rnnr Mist"},"content":{"rendered":"<p>L&#8217;\u00e9quipe cr\u00e9ative du label  continue d&#8217;\u00e9toffer sa gamme  et nous offre une nouvelle d\u00e9clinaison douce et \u00e9pur\u00e9e du mod\u00e8le futuriste.\u00a0\u00a0<\/p>\n<p>La <strong>Adidas Yeezy Foam RNNR Mist<\/strong> d\u00e9voile une structure en mousse <strong>EVA<\/strong>\u00a0\u00e0 l&#8217;aspect <strong>brun monochrome<\/strong> qui se voir compos\u00e9e de mat\u00e9riaux eco-responsables. Des orifices parcourent l&#8217;ensemble de la silhouette et procurent une grande respirabilit\u00e9. Une outsole \u00e0 rayures de m\u00eame qu&#8217;un branding Adidas viennent finaliser le design <strong>avant-gardiste<\/strong>.<\/p>\n<p>Kanye West poursuit sa lanc\u00e9e du &#8220;Yeezy For Everyone&#8221; et introduit en parall\u00e8le l&#8217;\u00e9dition  !\u00a0 \u00a0<\/p>\n<p><strong>SKU<\/strong> :\u00a0<meta charset=\"utf-8\"><span data-mce-fragment=\"1\">GV6774<\/span><br \/><strong>Date de sortie<\/strong> : Mars 2022<br \/><strong>Colorway<\/strong> : MIST\/MIST-MIST\u00a0<\/p>\n","protected":false},"excerpt":{"rendered":"<p>L&#8217;\u00e9quipe cr\u00e9ative du label continue d&#8217;\u00e9toff [&hellip;]<\/p>\n","protected":false},"featured_media":22994,"template":"","meta":[],"product_brand":[],"product_cat":[176,42],"product_tag":[],"class_list":{"0":"post-22990","1":"product","2":"type-product","3":"status-publish","4":"has-post-thumbnail","6":"product_cat-sneakers","7":"product_cat-yeezy-foam-rnnr","9":"first","10":"instock","11":"sale","12":"shipping-taxable","13":"purchasable","14":"product-type-variable"},"_links":{"self":[{"href":"https:\/\/yeezy.xianzhi.org\/index.php?rest_route=\/wp\/v2\/product\/22990","targetHints":{"allow":["GET"]}}],"collection":[{"href":"https:\/\/yeezy.xianzhi.org\/index.php?rest_route=\/wp\/v2\/product"}],"about":[{"href":"https:\/\/yeezy.xianzhi.org\/index.php?rest_route=\/wp\/v2\/types\/product"}],"wp:featuredmedia":[{"embeddable":true,"href":"https:\/\/yeezy.xianzhi.org\/index.php?rest_route=\/wp\/v2\/media\/22994"}],"wp:attachment":[{"href":"https:\/\/yeezy.xianzhi.org\/index.php?rest_route=%2Fwp%2Fv2%2Fmedia&parent=22990"}],"wp:term":[{"taxonomy":"product_brand","embeddable":true,"href":"https:\/\/yeezy.xianzhi.org\/index.php?rest_route=%2Fwp%2Fv2%2Fproduct_brand&post=22990"},{"taxonomy":"product_cat","embeddable":true,"href":"https:\/\/yeezy.xianzhi.org\/index.php?rest_route=%2Fwp%2Fv2%2Fproduct_cat&post=22990"},{"taxonomy":"product_tag","embeddable":true,"href":"https:\/\/yeezy.xianzhi.org\/index.php?rest_route=%2Fwp%2Fv2%2Fproduct_tag&post=22990"}],"curies":[{"name":"wp","href":"https:\/\/api.w.org\/{rel}","templated":true}]}}