{"id":22989,"date":"2025-07-15T01:50:56","date_gmt":"2025-07-14T17:50:56","guid":{"rendered":"https:\/\/yeezy.xianzhi.org\/?post_type=product&#038;p=22989"},"modified":"2025-07-15T01:52:06","modified_gmt":"2025-07-14T17:52:06","slug":"adidas-yeezy-foam-rnnr-stone-sage","status":"publish","type":"product","link":"https:\/\/yeezy.xianzhi.org\/?product=adidas-yeezy-foam-rnnr-stone-sage","title":{"rendered":"Adidas Yeezy Foam Rnnr Stone Sage"},"content":{"rendered":"<p><strong>Adidas<\/strong> et le rappeur de Chicago <strong>Kanye West<\/strong> continuent sur leur lanc\u00e9e en ce mois de Mars ! Pour l&#8217;occasion. on d\u00e9couvre une nouvelle  aux tonalit\u00e9s beiges.<\/p>\n<p>La <strong>Adidas Yeezy Foam RNNR Stone Sage<\/strong> affiche une empeigne en mousse <strong>EVA<\/strong> monochrome. avec cette fois-ci une couleur oscillant entre le <strong>beige<\/strong> et le gris. On retrouve les orifices sur le long de l&#8217;empeigne. t\u00e9moignant de l&#8217;aspect <strong>futuriste<\/strong> de la silhouette.<\/p>\n<p>Un nouveau coloris pour un mod\u00e8le toujours plus en vogue !<\/p>\n<p><strong>SKU<\/strong> : GX4472<br \/><strong>Date de sortie<\/strong> : Mars 2022<br \/><strong>Colorway<\/strong> : STONE SAGE\/STONE SAGE\/STONE SAGE<\/p>\n","protected":false},"excerpt":{"rendered":"<p>Adidas et le rappeur de Chicago Kanye West continuent s [&hellip;]<\/p>\n","protected":false},"featured_media":22992,"template":"","meta":[],"product_brand":[],"product_cat":[176,42],"product_tag":[],"class_list":{"0":"post-22989","1":"product","2":"type-product","3":"status-publish","4":"has-post-thumbnail","6":"product_cat-sneakers","7":"product_cat-yeezy-foam-rnnr","9":"first","10":"instock","11":"sale","12":"shipping-taxable","13":"purchasable","14":"product-type-variable"},"_links":{"self":[{"href":"https:\/\/yeezy.xianzhi.org\/index.php?rest_route=\/wp\/v2\/product\/22989","targetHints":{"allow":["GET"]}}],"collection":[{"href":"https:\/\/yeezy.xianzhi.org\/index.php?rest_route=\/wp\/v2\/product"}],"about":[{"href":"https:\/\/yeezy.xianzhi.org\/index.php?rest_route=\/wp\/v2\/types\/product"}],"wp:featuredmedia":[{"embeddable":true,"href":"https:\/\/yeezy.xianzhi.org\/index.php?rest_route=\/wp\/v2\/media\/22992"}],"wp:attachment":[{"href":"https:\/\/yeezy.xianzhi.org\/index.php?rest_route=%2Fwp%2Fv2%2Fmedia&parent=22989"}],"wp:term":[{"taxonomy":"product_brand","embeddable":true,"href":"https:\/\/yeezy.xianzhi.org\/index.php?rest_route=%2Fwp%2Fv2%2Fproduct_brand&post=22989"},{"taxonomy":"product_cat","embeddable":true,"href":"https:\/\/yeezy.xianzhi.org\/index.php?rest_route=%2Fwp%2Fv2%2Fproduct_cat&post=22989"},{"taxonomy":"product_tag","embeddable":true,"href":"https:\/\/yeezy.xianzhi.org\/index.php?rest_route=%2Fwp%2Fv2%2Fproduct_tag&post=22989"}],"curies":[{"name":"wp","href":"https:\/\/api.w.org\/{rel}","templated":true}]}}