{"id":22981,"date":"2025-07-15T01:50:49","date_gmt":"2025-07-14T17:50:49","guid":{"rendered":"https:\/\/yeezy.xianzhi.org\/?post_type=product&#038;p=22981"},"modified":"2025-07-15T01:52:06","modified_gmt":"2025-07-14T17:52:06","slug":"adidas-yeezy-foam-rnnr-vermillion","status":"publish","type":"product","link":"https:\/\/yeezy.xianzhi.org\/?product=adidas-yeezy-foam-rnnr-vermillion","title":{"rendered":"Adidas Yeezy Foam Rnnr Vermillion"},"content":{"rendered":"<p><b data-stringify-type=\"bold\" data-mce-fragment=\"1\"><\/b>Yeezy d\u00e9voile une nouvelle it\u00e9ration de <strong>Foam RNNR<\/strong> dont le coloris n&#8217;est pas sans rappeler la <meta charset=\"utf-8\"><span data-mce-fragment=\"1\"><strong>Yeezy 2 Red October<\/strong> de 2014.<\/span><\/p>\n<p>La<span> <\/span><strong>Adidas Yeezy Foam RNNR Vermillion<\/strong> pr\u00e9sente la construction habituelle. compos\u00e9e d&#8217;une seule pi\u00e8ce<strong> <\/strong>moul\u00e9e en EVA et d&#8217;un d\u00e9riv\u00e9 d&#8217;algue. La slip-on affiche une teinte rouge vif qui ne passera pas inaper\u00e7ue.<\/p>\n<p><span>Parfaitement dans le th\u00e8me de cette saison. cette nouvelle <strong>Foam RNNR<\/strong> fera sensation pour un costume d&#8217;Halloween. ou bien pour completer les outfits des plus audacieux.<\/span><\/p>\n<p><strong>SKU :<\/strong> GW3355<br \/><strong>Date de sortie :<\/strong> Octobre 2021<br \/><strong>Colorway :<\/strong> <meta charset=\"utf-8\">VERMILLION\/VERMILLION\/VERMILLION<\/p>\n","protected":false},"excerpt":{"rendered":"<p>Yeezy d\u00e9voile une nouvelle it\u00e9ration de Foam RNNR dont  [&hellip;]<\/p>\n","protected":false},"featured_media":22985,"template":"","meta":[],"product_brand":[],"product_cat":[176,42],"product_tag":[],"class_list":{"0":"post-22981","1":"product","2":"type-product","3":"status-publish","4":"has-post-thumbnail","6":"product_cat-sneakers","7":"product_cat-yeezy-foam-rnnr","9":"first","10":"instock","11":"sale","12":"shipping-taxable","13":"purchasable","14":"product-type-variable"},"_links":{"self":[{"href":"https:\/\/yeezy.xianzhi.org\/index.php?rest_route=\/wp\/v2\/product\/22981","targetHints":{"allow":["GET"]}}],"collection":[{"href":"https:\/\/yeezy.xianzhi.org\/index.php?rest_route=\/wp\/v2\/product"}],"about":[{"href":"https:\/\/yeezy.xianzhi.org\/index.php?rest_route=\/wp\/v2\/types\/product"}],"wp:featuredmedia":[{"embeddable":true,"href":"https:\/\/yeezy.xianzhi.org\/index.php?rest_route=\/wp\/v2\/media\/22985"}],"wp:attachment":[{"href":"https:\/\/yeezy.xianzhi.org\/index.php?rest_route=%2Fwp%2Fv2%2Fmedia&parent=22981"}],"wp:term":[{"taxonomy":"product_brand","embeddable":true,"href":"https:\/\/yeezy.xianzhi.org\/index.php?rest_route=%2Fwp%2Fv2%2Fproduct_brand&post=22981"},{"taxonomy":"product_cat","embeddable":true,"href":"https:\/\/yeezy.xianzhi.org\/index.php?rest_route=%2Fwp%2Fv2%2Fproduct_cat&post=22981"},{"taxonomy":"product_tag","embeddable":true,"href":"https:\/\/yeezy.xianzhi.org\/index.php?rest_route=%2Fwp%2Fv2%2Fproduct_tag&post=22981"}],"curies":[{"name":"wp","href":"https:\/\/api.w.org\/{rel}","templated":true}]}}