{"id":22978,"date":"2025-07-15T01:50:46","date_gmt":"2025-07-14T17:50:46","guid":{"rendered":"https:\/\/yeezy.xianzhi.org\/?product=adidas-yeezy-foam-rnnr-mx-granite"},"modified":"2025-07-15T01:52:06","modified_gmt":"2025-07-14T17:52:06","slug":"adidas-yeezy-foam-rnnr-mx-granite","status":"publish","type":"product","link":"https:\/\/yeezy.xianzhi.org\/?product=adidas-yeezy-foam-rnnr-mx-granite","title":{"rendered":"Adidas Yeezy Foam RNNR MX Granite"},"content":{"rendered":"<p data-mce-fragment=\"1\">Silhouette futuriste co-sign\u00e9e par <span style=\"text-decoration: underline;\"><strong>Adidas<\/strong><\/span> et <strong>Kanye West<\/strong>. la  est de retour dans une nouvelle d\u00e9clinaison <strong>MX<\/strong>.<\/p>\n<p data-mce-fragment=\"1\">Cette <strong>Adidas Yeezy Foam RNNR MX Granite<\/strong> red\u00e9finit les fronti\u00e8res du design de chaussures avec sa structure monobloc innovante. con\u00e7ue pour \u00e9pouser parfaitement le pied. Son coloris &#8220;MX Granite&#8221; m\u00e9lange des teintes de <strong>gris<\/strong> dans un <strong>motif marbr\u00e9<\/strong>. offrant ainsi un aspect \u00e0 la fois <strong>brut<\/strong> et <strong>raffin\u00e9<\/strong>. Les perforations strat\u00e9giquement plac\u00e9es assurent une ventilation optimale. tandis que le mat\u00e9riau en <strong>mousse EVA<\/strong> garantit l\u00e9g\u00e8ret\u00e9 et amorti.\u00a0<\/p>\n<p data-mce-fragment=\"1\"><strong>SKU<\/strong> : IE4931<br \/><strong>Date de sortie<\/strong> : Mars 2024<\/p>\n","protected":false},"excerpt":{"rendered":"<p>Silhouette futuriste co-sign\u00e9e par Adidas et Kanye West [&hellip;]<\/p>\n","protected":false},"featured_media":22977,"template":"","meta":[],"product_brand":[],"product_cat":[176,42],"product_tag":[],"class_list":{"0":"post-22978","1":"product","2":"type-product","3":"status-publish","4":"has-post-thumbnail","6":"product_cat-sneakers","7":"product_cat-yeezy-foam-rnnr","9":"first","10":"instock","11":"sale","12":"shipping-taxable","13":"purchasable","14":"product-type-variable"},"_links":{"self":[{"href":"https:\/\/yeezy.xianzhi.org\/index.php?rest_route=\/wp\/v2\/product\/22978","targetHints":{"allow":["GET"]}}],"collection":[{"href":"https:\/\/yeezy.xianzhi.org\/index.php?rest_route=\/wp\/v2\/product"}],"about":[{"href":"https:\/\/yeezy.xianzhi.org\/index.php?rest_route=\/wp\/v2\/types\/product"}],"wp:featuredmedia":[{"embeddable":true,"href":"https:\/\/yeezy.xianzhi.org\/index.php?rest_route=\/wp\/v2\/media\/22977"}],"wp:attachment":[{"href":"https:\/\/yeezy.xianzhi.org\/index.php?rest_route=%2Fwp%2Fv2%2Fmedia&parent=22978"}],"wp:term":[{"taxonomy":"product_brand","embeddable":true,"href":"https:\/\/yeezy.xianzhi.org\/index.php?rest_route=%2Fwp%2Fv2%2Fproduct_brand&post=22978"},{"taxonomy":"product_cat","embeddable":true,"href":"https:\/\/yeezy.xianzhi.org\/index.php?rest_route=%2Fwp%2Fv2%2Fproduct_cat&post=22978"},{"taxonomy":"product_tag","embeddable":true,"href":"https:\/\/yeezy.xianzhi.org\/index.php?rest_route=%2Fwp%2Fv2%2Fproduct_tag&post=22978"}],"curies":[{"name":"wp","href":"https:\/\/api.w.org\/{rel}","templated":true}]}}