{"id":22957,"date":"2025-07-15T01:50:28","date_gmt":"2025-07-14T17:50:28","guid":{"rendered":"https:\/\/yeezy.xianzhi.org\/?post_type=product&#038;p=22957"},"modified":"2025-07-15T01:52:07","modified_gmt":"2025-07-14T17:52:07","slug":"adidas-yeezy-foam-rnnr-sand","status":"publish","type":"product","link":"https:\/\/yeezy.xianzhi.org\/?product=adidas-yeezy-foam-rnnr-sand","title":{"rendered":"Adidas Yeezy Foam RNNR Sand"},"content":{"rendered":"<p><meta charset=\"utf-8\"> <\/p>\n<p data-mce-fragment=\"1\"><b data-mce-fragment=\"1\" data-stringify-type=\"bold\"><\/b>Quelques semaines apr\u00e8s la sortie de la <strong><\/strong>. la Adidas Yeezy Foam RNNR se d\u00e9voile dans des versions <span data-mce-fragment=\"1\">&#8220;<\/span><span data-mce-fragment=\"1\">&#8221; et &#8220;<\/span><strong data-mce-fragment=\"1\">Sand<\/strong><span data-mce-fragment=\"1\">&#8220;.<\/span><\/p>\n<p class=\"p2\">La <strong>Yeezy Foam RNNR Sand<\/strong> arbore une teinte unie beige. sur une structure \u00e9labor\u00e9e en une seule <strong>pi\u00e8ce moul\u00e9e<\/strong> et affichant des <strong>ondulations<\/strong> qui assurent la ventilation et finissent d&#8217;octroyer un look <strong>futuriste<\/strong> \u00e0 la silhouette et aux lignes singuli\u00e8res.<\/p>\n<p class=\"p2\">Inspir\u00e9e de la  cette nouvelle d\u00e9clinaison en quantit\u00e9 tr\u00e8s limit\u00e9e <span data-mce-fragment=\"1\">ne manquera pas de cr\u00e9er la sensation chez les amateurs du m\u00e9diatique designer.<\/span><\/p>\n<p data-mce-fragment=\"1\"><strong data-mce-fragment=\"1\">SKU<\/strong><span data-mce-fragment=\"1\"> <\/span>: FY4567<br data-mce-fragment=\"1\"><strong data-mce-fragment=\"1\">Date de sortie<\/strong><span data-mce-fragment=\"1\"> <\/span>: Mars 2021<br data-mce-fragment=\"1\"><strong data-mce-fragment=\"1\">Colorway<\/strong><span data-mce-fragment=\"1\"> <\/span>: SAND\/SAND\/SAND<\/p>\n","protected":false},"excerpt":{"rendered":"<p>Quelques semaines apr\u00e8s la sortie de la . la Adidas Yee [&hellip;]<\/p>\n","protected":false},"featured_media":22962,"template":"","meta":[],"product_brand":[],"product_cat":[176,42],"product_tag":[],"class_list":{"0":"post-22957","1":"product","2":"type-product","3":"status-publish","4":"has-post-thumbnail","6":"product_cat-sneakers","7":"product_cat-yeezy-foam-rnnr","9":"first","10":"instock","11":"sale","12":"shipping-taxable","13":"purchasable","14":"product-type-variable"},"_links":{"self":[{"href":"https:\/\/yeezy.xianzhi.org\/index.php?rest_route=\/wp\/v2\/product\/22957","targetHints":{"allow":["GET"]}}],"collection":[{"href":"https:\/\/yeezy.xianzhi.org\/index.php?rest_route=\/wp\/v2\/product"}],"about":[{"href":"https:\/\/yeezy.xianzhi.org\/index.php?rest_route=\/wp\/v2\/types\/product"}],"wp:featuredmedia":[{"embeddable":true,"href":"https:\/\/yeezy.xianzhi.org\/index.php?rest_route=\/wp\/v2\/media\/22962"}],"wp:attachment":[{"href":"https:\/\/yeezy.xianzhi.org\/index.php?rest_route=%2Fwp%2Fv2%2Fmedia&parent=22957"}],"wp:term":[{"taxonomy":"product_brand","embeddable":true,"href":"https:\/\/yeezy.xianzhi.org\/index.php?rest_route=%2Fwp%2Fv2%2Fproduct_brand&post=22957"},{"taxonomy":"product_cat","embeddable":true,"href":"https:\/\/yeezy.xianzhi.org\/index.php?rest_route=%2Fwp%2Fv2%2Fproduct_cat&post=22957"},{"taxonomy":"product_tag","embeddable":true,"href":"https:\/\/yeezy.xianzhi.org\/index.php?rest_route=%2Fwp%2Fv2%2Fproduct_tag&post=22957"}],"curies":[{"name":"wp","href":"https:\/\/api.w.org\/{rel}","templated":true}]}}