{"id":22948,"date":"2025-07-15T01:50:21","date_gmt":"2025-07-14T17:50:21","guid":{"rendered":"https:\/\/yeezy.xianzhi.org\/?post_type=product&#038;p=22948"},"modified":"2025-07-15T01:52:07","modified_gmt":"2025-07-14T17:52:07","slug":"adidas-yeezy-foam-rnnr-mx-brown-blue","status":"publish","type":"product","link":"https:\/\/yeezy.xianzhi.org\/?product=adidas-yeezy-foam-rnnr-mx-brown-blue","title":{"rendered":"Adidas Yeezy Foam RNNR MX Brown Blue"},"content":{"rendered":"<p><meta charset=\"utf-8\"> <\/p>\n<p><span>\u00a0<\/span>et<span>\u00a0<\/span><span>\u00a0d\u00e9voilent une nouvelle d\u00e9clinaison in\u00e9dite de la version MX de la .<\/span><\/p>\n<p>La<span>\u00a0<strong>Adidas Yeezy Foam RNNR MX Brown Blue<\/strong><\/span>\u00a0garde sa traditionnelle\u00a0structure en mousse<span>\u00a0<\/span><strong>EVA<\/strong>. Silhouette<span>\u00a0<\/span><strong>futuriste<\/strong>. ce mod\u00e8le d\u00e9pourvu de lacets offre une a\u00e9ration des plus optimales gr\u00e2ce \u00e0 un de nombreuses<span>\u00a0<\/span><strong>perforations<\/strong><span>\u00a0<\/span>sur toute sa longueur. Du c\u00f4t\u00e9 des couleurs. les \u00e9quipes cr\u00e9atives de Yeezy ont laiss\u00e9 parler leur imagination. On retrouve ainsi du marron. du noir ou encore du bleu.<\/p>\n<p>Star de l&#8217;\u00e9t\u00e9. la<span>\u00a0<\/span><strong>Foam RNNR<\/strong><span>\u00a0<\/span>propose une nouvelle it\u00e9ration sombre et artistique de sa shape inspir\u00e9e de la<span>\u00a0<\/span>.<\/p>\n<p><strong>SKU<\/strong><span>\u00a0<\/span>: ID4126<br \/><strong>Date de sortie<\/strong><span>\u00a0<\/span>: Juin 2023<br \/><strong>Colorway<\/strong><span>\u00a0<\/span>:\u00a0<meta charset=\"utf-8\"><span data-mce-fragment=\"1\">MX CARBON\/MX CARBON-MX CARBON<\/span><\/p>\n","protected":false},"excerpt":{"rendered":"<p>\u00a0et\u00a0\u00a0d\u00e9voilent une nouvelle d\u00e9clinaison in\u00e9dite de la v [&hellip;]<\/p>\n","protected":false},"featured_media":22953,"template":"","meta":[],"product_brand":[],"product_cat":[176,42],"product_tag":[],"class_list":{"0":"post-22948","1":"product","2":"type-product","3":"status-publish","4":"has-post-thumbnail","6":"product_cat-sneakers","7":"product_cat-yeezy-foam-rnnr","9":"first","10":"instock","11":"sale","12":"shipping-taxable","13":"purchasable","14":"product-type-variable"},"_links":{"self":[{"href":"https:\/\/yeezy.xianzhi.org\/index.php?rest_route=\/wp\/v2\/product\/22948","targetHints":{"allow":["GET"]}}],"collection":[{"href":"https:\/\/yeezy.xianzhi.org\/index.php?rest_route=\/wp\/v2\/product"}],"about":[{"href":"https:\/\/yeezy.xianzhi.org\/index.php?rest_route=\/wp\/v2\/types\/product"}],"wp:featuredmedia":[{"embeddable":true,"href":"https:\/\/yeezy.xianzhi.org\/index.php?rest_route=\/wp\/v2\/media\/22953"}],"wp:attachment":[{"href":"https:\/\/yeezy.xianzhi.org\/index.php?rest_route=%2Fwp%2Fv2%2Fmedia&parent=22948"}],"wp:term":[{"taxonomy":"product_brand","embeddable":true,"href":"https:\/\/yeezy.xianzhi.org\/index.php?rest_route=%2Fwp%2Fv2%2Fproduct_brand&post=22948"},{"taxonomy":"product_cat","embeddable":true,"href":"https:\/\/yeezy.xianzhi.org\/index.php?rest_route=%2Fwp%2Fv2%2Fproduct_cat&post=22948"},{"taxonomy":"product_tag","embeddable":true,"href":"https:\/\/yeezy.xianzhi.org\/index.php?rest_route=%2Fwp%2Fv2%2Fproduct_tag&post=22948"}],"curies":[{"name":"wp","href":"https:\/\/api.w.org\/{rel}","templated":true}]}}