{"id":22913,"date":"2025-07-15T01:42:56","date_gmt":"2025-07-14T17:42:56","guid":{"rendered":"https:\/\/yeezy.xianzhi.org\/?post_type=product&#038;p=22913"},"modified":"2025-07-15T01:47:41","modified_gmt":"2025-07-14T17:47:41","slug":"adidas-yeezy-700-v2-tephra","status":"publish","type":"product","link":"https:\/\/yeezy.xianzhi.org\/?product=adidas-yeezy-700-v2-tephra","title":{"rendered":"Adidas Yeezy 700 V2 Tephra"},"content":{"rendered":"<p><meta charset=\"utf-8\"><b data-stringify-type=\"bold\" data-mce-fragment=\"1\"><\/b>La Yeezy Boost 700 V2 est la deuxi\u00e8me version de la populaire silhouette de la marque Yeezy. partenariat entre Kanye West et Adidas. Suite au succ\u00e8s de la version . le rappeur\/designer sort un coloris in\u00e9dit nomm\u00e9e sobrement <strong>Tephra<\/strong>.<\/p>\n<p>Cette nouvelle \u00e9dition s&#8217;habille d&#8217;une empeigne m\u00e9langeant suede. mesh et cuir. Le design chunky de cette paire adopte des tons gris clairs et fonc\u00e9s. Ce coloris n&#8217;est pas sans rappeler celui de la . Le mod\u00e8le est finalis\u00e9 par une semelle Boost grise fonc\u00e9e et une gumsole beige<\/p>\n<p>La <strong>Yeezy Boost 700 V2 Tephra<\/strong> s&#8217;inscrit dans la tendance &#8220;dad shoe&#8221; tout en affichant des traits profil\u00e9s et a\u00e9rodynamiques qui plairont aux amateurs de sneakers !<\/p>\n<p><strong>SKU :<\/strong> FU7914<br \/><strong>Date de sortie :<\/strong> Juin 2019<br \/><strong>Colorway :<\/strong> TEPHRA\/TEPHRA\/TEPHRA<\/p>\n","protected":false},"excerpt":{"rendered":"<p>La Yeezy Boost 700 V2 est la deuxi\u00e8me version de la pop [&hellip;]<\/p>\n","protected":false},"featured_media":22915,"template":"","meta":[],"product_brand":[],"product_cat":[176,69],"product_tag":[],"class_list":{"0":"post-22913","1":"product","2":"type-product","3":"status-publish","4":"has-post-thumbnail","6":"product_cat-sneakers","7":"product_cat-yeezy-700","9":"first","10":"instock","11":"sale","12":"shipping-taxable","13":"purchasable","14":"product-type-variable"},"_links":{"self":[{"href":"https:\/\/yeezy.xianzhi.org\/index.php?rest_route=\/wp\/v2\/product\/22913","targetHints":{"allow":["GET"]}}],"collection":[{"href":"https:\/\/yeezy.xianzhi.org\/index.php?rest_route=\/wp\/v2\/product"}],"about":[{"href":"https:\/\/yeezy.xianzhi.org\/index.php?rest_route=\/wp\/v2\/types\/product"}],"wp:featuredmedia":[{"embeddable":true,"href":"https:\/\/yeezy.xianzhi.org\/index.php?rest_route=\/wp\/v2\/media\/22915"}],"wp:attachment":[{"href":"https:\/\/yeezy.xianzhi.org\/index.php?rest_route=%2Fwp%2Fv2%2Fmedia&parent=22913"}],"wp:term":[{"taxonomy":"product_brand","embeddable":true,"href":"https:\/\/yeezy.xianzhi.org\/index.php?rest_route=%2Fwp%2Fv2%2Fproduct_brand&post=22913"},{"taxonomy":"product_cat","embeddable":true,"href":"https:\/\/yeezy.xianzhi.org\/index.php?rest_route=%2Fwp%2Fv2%2Fproduct_cat&post=22913"},{"taxonomy":"product_tag","embeddable":true,"href":"https:\/\/yeezy.xianzhi.org\/index.php?rest_route=%2Fwp%2Fv2%2Fproduct_tag&post=22913"}],"curies":[{"name":"wp","href":"https:\/\/api.w.org\/{rel}","templated":true}]}}