{"id":22904,"date":"2025-07-15T01:42:48","date_gmt":"2025-07-14T17:42:48","guid":{"rendered":"https:\/\/yeezy.xianzhi.org\/?post_type=product&#038;p=22904"},"modified":"2025-07-15T01:47:41","modified_gmt":"2025-07-14T17:47:41","slug":"adidas-yeezy-700-analog","status":"publish","type":"product","link":"https:\/\/yeezy.xianzhi.org\/?product=adidas-yeezy-700-analog","title":{"rendered":"Adidas Yeezy 700 Analog"},"content":{"rendered":"<p><strong><\/strong><meta charset=\"utf-8\"><b data-mce-fragment=\"1\" data-stringify-type=\"bold\"><\/b>La nouvelle version de la d\u00e9sormais tr\u00e8s populaire<strong> Yeezy Boost 700<\/strong> est issue du partenariat de longue date entre Kanye West et Adidas. Proche de l&#8217;\u00e9dition pr\u00e9c\u00e9dente. d\u00e9j\u00e0 dans des tons tr\u00e8s clairs. la <span style=\"text-decoration: underline;\"><\/span>. cette nouvelle paire baptis\u00e9e Analog promet de faire beaucoup parler d&#8217;elle ! Elle reprend tous les codes qui ont fait le succ\u00e8s de la fameuse silhouette. des courbes rondes et un design dad-shoe minimaliste inimitable.<\/p>\n<p>Le design chunky du mod\u00e8le <strong>Yeezy Boost 700<\/strong> a fait sa renomm\u00e9e et a permis sa d\u00e9mocratisation mais ce sont ses formes si particuli\u00e8res qui lui ont permis d&#8217;\u00eatre pl\u00e9biscit\u00e9es par tous les amateurs et aficionados du monde des sneakers. Pour ce nouveau coloris. la <strong>Yeezy 700 Analog<\/strong> adopte une base en su\u00e8de et en mesh dans des notes de gris clair. venant l\u00e9g\u00e8rement contraster avec la couleur blanche monochrome qui recouvre la majorit\u00e9 de la silhouette.<\/p>\n<p>L&#8217;ensemble de l&#8217;architecture de la<strong> Yeezy Boost 700 Analog<\/strong> repose sur une semelle Boost \u00e9paisse et une outsole anthracite. Cette nouvelle sortie risque d&#8217;attirer la convoitise des sneakers addict. des fans de la marque aux trois bandes ainsi que ceux du c\u00e9l\u00e8bre rappeur\/designer am\u00e9ricain. fondateur de la marque <span style=\"text-decoration: underline;\">.<\/p>\n<p><\/span><strong>SKU :<\/strong> EG7596<br \/><strong>Date de sortie :<\/strong> Avril 2019<br \/><strong>Colorway :<\/strong> <span>ANALOG\/ANALOG\/ANALOG<\/span><\/p>\n","protected":false},"excerpt":{"rendered":"<p>La nouvelle version de la d\u00e9sormais tr\u00e8s populaire Yeez [&hellip;]<\/p>\n","protected":false},"featured_media":22905,"template":"","meta":[],"product_brand":[],"product_cat":[176,69],"product_tag":[],"class_list":{"0":"post-22904","1":"product","2":"type-product","3":"status-publish","4":"has-post-thumbnail","6":"product_cat-sneakers","7":"product_cat-yeezy-700","9":"first","10":"instock","11":"sale","12":"shipping-taxable","13":"purchasable","14":"product-type-variable"},"_links":{"self":[{"href":"https:\/\/yeezy.xianzhi.org\/index.php?rest_route=\/wp\/v2\/product\/22904","targetHints":{"allow":["GET"]}}],"collection":[{"href":"https:\/\/yeezy.xianzhi.org\/index.php?rest_route=\/wp\/v2\/product"}],"about":[{"href":"https:\/\/yeezy.xianzhi.org\/index.php?rest_route=\/wp\/v2\/types\/product"}],"wp:featuredmedia":[{"embeddable":true,"href":"https:\/\/yeezy.xianzhi.org\/index.php?rest_route=\/wp\/v2\/media\/22905"}],"wp:attachment":[{"href":"https:\/\/yeezy.xianzhi.org\/index.php?rest_route=%2Fwp%2Fv2%2Fmedia&parent=22904"}],"wp:term":[{"taxonomy":"product_brand","embeddable":true,"href":"https:\/\/yeezy.xianzhi.org\/index.php?rest_route=%2Fwp%2Fv2%2Fproduct_brand&post=22904"},{"taxonomy":"product_cat","embeddable":true,"href":"https:\/\/yeezy.xianzhi.org\/index.php?rest_route=%2Fwp%2Fv2%2Fproduct_cat&post=22904"},{"taxonomy":"product_tag","embeddable":true,"href":"https:\/\/yeezy.xianzhi.org\/index.php?rest_route=%2Fwp%2Fv2%2Fproduct_tag&post=22904"}],"curies":[{"name":"wp","href":"https:\/\/api.w.org\/{rel}","templated":true}]}}