{"id":22879,"date":"2025-07-15T01:42:39","date_gmt":"2025-07-14T17:42:39","guid":{"rendered":"https:\/\/yeezy.xianzhi.org\/?post_type=product&#038;p=22879"},"modified":"2025-07-15T01:47:42","modified_gmt":"2025-07-14T17:47:42","slug":"adidas-yeezy-700-v2-vanta","status":"publish","type":"product","link":"https:\/\/yeezy.xianzhi.org\/?product=adidas-yeezy-700-v2-vanta","title":{"rendered":"Adidas Yeezy 700 V2 Vanta"},"content":{"rendered":"<p><strong><\/strong><meta charset=\"utf-8\"><b data-stringify-type=\"bold\" data-mce-fragment=\"1\"><\/b>Adidas et Kanye West sortent une toute nouvelle version de la <strong>Yeezy 700 V2<\/strong>. Mod\u00e8le tr\u00e8s populaire du designer. la paire se d\u00e9cline ici dans un nouveau coloris sobre et monochrome nomm\u00e9 Vanta en opposition avec le visuel \u00e9lectrique de la pr\u00e9c\u00e9dente <strong><span style=\"text-decoration: underline;\"><\/span><\/strong>. Largement teas\u00e9e sur Instagram. le mod\u00e8le est d\u00e9j\u00e0 pl\u00e9biscit\u00e9 car il a l&#8217;avantage de pouvoir se marier avec tout type de tenues.<\/p>\n<p>La paire se compose d&#8217;une empeigne anthracite noir m\u00e9langeant mesh et su\u00e8de. On retrouve les bandes en 3M r\u00e9fl\u00e9chissantes propres \u00e0 cette silhouette. rendant la paire brillante avec un flash. La large semelle en technologie Boost et son outsole ton sur ton viennent souligner le design avant gardiste de cette Yeezy 700 V2 Vanta.<\/p>\n<p>Une \u00e9dition in\u00e9dite tr\u00e8s attendue par les fans de la marque de Kanye West et par les amateurs de sneakers !<\/p>\n<p><strong>SKU :<\/strong> FU6684<br \/><strong>Date de sortie :<\/strong> Mai 2019<br \/><strong>Colorway :<\/strong> VANTA\/VANTA\/VANTA<\/p>\n","protected":false},"excerpt":{"rendered":"<p>Adidas et Kanye West sortent une toute nouvelle version [&hellip;]<\/p>\n","protected":false},"featured_media":22898,"template":"","meta":[],"product_brand":[],"product_cat":[176,69],"product_tag":[],"class_list":{"0":"post-22879","1":"product","2":"type-product","3":"status-publish","4":"has-post-thumbnail","6":"product_cat-sneakers","7":"product_cat-yeezy-700","9":"first","10":"instock","11":"sale","12":"shipping-taxable","13":"purchasable","14":"product-type-variable"},"_links":{"self":[{"href":"https:\/\/yeezy.xianzhi.org\/index.php?rest_route=\/wp\/v2\/product\/22879","targetHints":{"allow":["GET"]}}],"collection":[{"href":"https:\/\/yeezy.xianzhi.org\/index.php?rest_route=\/wp\/v2\/product"}],"about":[{"href":"https:\/\/yeezy.xianzhi.org\/index.php?rest_route=\/wp\/v2\/types\/product"}],"wp:featuredmedia":[{"embeddable":true,"href":"https:\/\/yeezy.xianzhi.org\/index.php?rest_route=\/wp\/v2\/media\/22898"}],"wp:attachment":[{"href":"https:\/\/yeezy.xianzhi.org\/index.php?rest_route=%2Fwp%2Fv2%2Fmedia&parent=22879"}],"wp:term":[{"taxonomy":"product_brand","embeddable":true,"href":"https:\/\/yeezy.xianzhi.org\/index.php?rest_route=%2Fwp%2Fv2%2Fproduct_brand&post=22879"},{"taxonomy":"product_cat","embeddable":true,"href":"https:\/\/yeezy.xianzhi.org\/index.php?rest_route=%2Fwp%2Fv2%2Fproduct_cat&post=22879"},{"taxonomy":"product_tag","embeddable":true,"href":"https:\/\/yeezy.xianzhi.org\/index.php?rest_route=%2Fwp%2Fv2%2Fproduct_tag&post=22879"}],"curies":[{"name":"wp","href":"https:\/\/api.w.org\/{rel}","templated":true}]}}