{"id":22878,"date":"2025-07-15T01:42:39","date_gmt":"2025-07-14T17:42:39","guid":{"rendered":"https:\/\/yeezy.xianzhi.org\/?post_type=product&#038;p=22878"},"modified":"2025-07-15T01:47:41","modified_gmt":"2025-07-14T17:47:41","slug":"adidas-yeezy-700-mnvn-orange","status":"publish","type":"product","link":"https:\/\/yeezy.xianzhi.org\/?product=adidas-yeezy-700-mnvn-orange","title":{"rendered":"Adidas Yeezy 700 Mnvn Orange"},"content":{"rendered":"<p><meta charset=\"utf-8\"><b data-stringify-type=\"bold\" data-mce-fragment=\"1\"><\/b><strong>Adidas<\/strong> et <strong>Kayne West<\/strong> reviennent combler les attentes des amateurs de Yeezy. avec un tout nouveau mod\u00e8le descendant de la . la <strong>700 MNVN<\/strong> en 4 colorways : Orange. Triple Black. Bone et Phosphor.<\/p>\n<p>La <strong>Yeezy Boost 700 MNVN Orange<\/strong> comprend 3 couleurs dominantes : orange. noir et gris. La paire est faite en <strong>nylon<\/strong> contrairement aux pr\u00e9c\u00e9dents mod\u00e8les de Yeezy 700. L&#8217;empeigne est orange. et laisse place \u00e0 l&#8217;inscription \u00ab 700 \u00bb grise. Une fois encore sur les 700. on retrouve une semelle <strong>Boost<\/strong> noire combin\u00e9e aux lacets noirs. venant renforcer les teintes plut\u00f4t sombres de la paire.<\/p>\n<p>Adidas propose donc un nouveau mod\u00e8le avec des coloris correspondant \u00e0 tous les go\u00fbts et pouvant s&#8217;allier \u00e0 tout type de tenue\u2026 L&#8217;ann\u00e9e 2020 d\u00e9marre bien pour les sneakeraddicts !<\/p>\n<p><strong>SKU<\/strong> : <span>FV3258<\/span> <br \/><strong>Date de sortie<\/strong> F\u00e9vrier 2020 <br \/><strong>Colorway<\/strong> ORANGE<\/p>\n","protected":false},"excerpt":{"rendered":"<p>Adidas et Kayne West reviennent combler les attentes de [&hellip;]<\/p>\n","protected":false},"featured_media":22880,"template":"","meta":[],"product_brand":[],"product_cat":[176,69],"product_tag":[],"class_list":{"0":"post-22878","1":"product","2":"type-product","3":"status-publish","4":"has-post-thumbnail","6":"product_cat-sneakers","7":"product_cat-yeezy-700","9":"first","10":"instock","11":"sale","12":"shipping-taxable","13":"purchasable","14":"product-type-variable"},"_links":{"self":[{"href":"https:\/\/yeezy.xianzhi.org\/index.php?rest_route=\/wp\/v2\/product\/22878","targetHints":{"allow":["GET"]}}],"collection":[{"href":"https:\/\/yeezy.xianzhi.org\/index.php?rest_route=\/wp\/v2\/product"}],"about":[{"href":"https:\/\/yeezy.xianzhi.org\/index.php?rest_route=\/wp\/v2\/types\/product"}],"wp:featuredmedia":[{"embeddable":true,"href":"https:\/\/yeezy.xianzhi.org\/index.php?rest_route=\/wp\/v2\/media\/22880"}],"wp:attachment":[{"href":"https:\/\/yeezy.xianzhi.org\/index.php?rest_route=%2Fwp%2Fv2%2Fmedia&parent=22878"}],"wp:term":[{"taxonomy":"product_brand","embeddable":true,"href":"https:\/\/yeezy.xianzhi.org\/index.php?rest_route=%2Fwp%2Fv2%2Fproduct_brand&post=22878"},{"taxonomy":"product_cat","embeddable":true,"href":"https:\/\/yeezy.xianzhi.org\/index.php?rest_route=%2Fwp%2Fv2%2Fproduct_cat&post=22878"},{"taxonomy":"product_tag","embeddable":true,"href":"https:\/\/yeezy.xianzhi.org\/index.php?rest_route=%2Fwp%2Fv2%2Fproduct_tag&post=22878"}],"curies":[{"name":"wp","href":"https:\/\/api.w.org\/{rel}","templated":true}]}}