{"id":22867,"date":"2025-07-15T01:42:28","date_gmt":"2025-07-14T17:42:28","guid":{"rendered":"https:\/\/yeezy.xianzhi.org\/?post_type=product&#038;p=22867"},"modified":"2025-07-15T01:47:42","modified_gmt":"2025-07-14T17:47:42","slug":"adidas-yeezy-700-mnvn-phosphor","status":"publish","type":"product","link":"https:\/\/yeezy.xianzhi.org\/?product=adidas-yeezy-700-mnvn-phosphor","title":{"rendered":"Adidas Yeezy 700 Mnvn Phosphor"},"content":{"rendered":"<p><meta charset=\"utf-8\"><b data-stringify-type=\"bold\" data-mce-fragment=\"1\"><\/b>Apr\u00e8s la <strong><span style=\"text-decoration: underline;\">Yeezy 700 MNVN Orange<\/span>. <span style=\"text-decoration: underline;\">Triple Black<\/span><\/strong> et <span style=\"text-decoration: underline;\"><strong>Bone<\/strong><\/span>. Adidas et Kayne West nous proposent un coloris <strong>Phosphor<\/strong>. pour les amateurs de paires aux couleurs plus vives !<\/p>\n<p>Cette <strong>Yeezy 700 MNVN Phosphor<\/strong> se d\u00e9compose en 3 teintes distinctes. En effet. on trouve une <strong>empeigne verte phosphor<\/strong> int\u00e9gralement en nylon. accueillant l&#8217;inscription \u00ab 700 \u00bb en gris. Les lacets sont noirs et s&#8217;accordent avec la fameuse semelle <strong>Boost<\/strong> que nous pouvons retrouver sur les Yeezy 700.<\/p>\n<p>Ce nouveau mod\u00e8le r\u00e9sultant de la collaboration entre l&#8217;artiste am\u00e9ricain et Adidas propos\u00e9 en 4 colorway promet de r\u00e9pondre \u00e0 tous les go\u00fbts. et r\u00e9jouit d\u00e8s \u00e0 pr\u00e9sent les passionn\u00e9s de sneakers !<\/p>\n<p><strong>SKU<\/strong> : FY3727 <br \/><strong>Date de sortie<\/strong> : Avril 2020 <br \/><strong>Colorway<\/strong> : PHOSPHOR<\/p>\n","protected":false},"excerpt":{"rendered":"<p>Apr\u00e8s la Yeezy 700 MNVN Orange. Triple Black et Bone. A [&hellip;]<\/p>\n","protected":false},"featured_media":22873,"template":"","meta":[],"product_brand":[],"product_cat":[176,69],"product_tag":[],"class_list":{"0":"post-22867","1":"product","2":"type-product","3":"status-publish","4":"has-post-thumbnail","6":"product_cat-sneakers","7":"product_cat-yeezy-700","9":"first","10":"instock","11":"sale","12":"shipping-taxable","13":"purchasable","14":"product-type-variable"},"_links":{"self":[{"href":"https:\/\/yeezy.xianzhi.org\/index.php?rest_route=\/wp\/v2\/product\/22867","targetHints":{"allow":["GET"]}}],"collection":[{"href":"https:\/\/yeezy.xianzhi.org\/index.php?rest_route=\/wp\/v2\/product"}],"about":[{"href":"https:\/\/yeezy.xianzhi.org\/index.php?rest_route=\/wp\/v2\/types\/product"}],"wp:featuredmedia":[{"embeddable":true,"href":"https:\/\/yeezy.xianzhi.org\/index.php?rest_route=\/wp\/v2\/media\/22873"}],"wp:attachment":[{"href":"https:\/\/yeezy.xianzhi.org\/index.php?rest_route=%2Fwp%2Fv2%2Fmedia&parent=22867"}],"wp:term":[{"taxonomy":"product_brand","embeddable":true,"href":"https:\/\/yeezy.xianzhi.org\/index.php?rest_route=%2Fwp%2Fv2%2Fproduct_brand&post=22867"},{"taxonomy":"product_cat","embeddable":true,"href":"https:\/\/yeezy.xianzhi.org\/index.php?rest_route=%2Fwp%2Fv2%2Fproduct_cat&post=22867"},{"taxonomy":"product_tag","embeddable":true,"href":"https:\/\/yeezy.xianzhi.org\/index.php?rest_route=%2Fwp%2Fv2%2Fproduct_tag&post=22867"}],"curies":[{"name":"wp","href":"https:\/\/api.w.org\/{rel}","templated":true}]}}