{"id":22866,"date":"2025-07-15T01:42:28","date_gmt":"2025-07-14T17:42:28","guid":{"rendered":"https:\/\/yeezy.xianzhi.org\/?post_type=product&#038;p=22866"},"modified":"2025-07-15T01:47:42","modified_gmt":"2025-07-14T17:47:42","slug":"adidas-yeezy-700-v3-clay-brown","status":"publish","type":"product","link":"https:\/\/yeezy.xianzhi.org\/?product=adidas-yeezy-700-v3-clay-brown","title":{"rendered":"Adidas Yeezy 700 V3 Clay Brown"},"content":{"rendered":"<p><meta charset=\"utf-8\"><\/p>\n<p class=\"p1\" data-mce-fragment=\"1\"><meta charset=\"utf-8\"><b data-stringify-type=\"bold\" data-mce-fragment=\"1\"><\/b><span>La fameuse silhouette <\/span><strong>Yeezy 700 V3 <\/strong> signe son grand retour. apr\u00e8s le coloris . Adidas et Kanye d\u00e9voilent une  it\u00e9ration beaucoup plus sombre.<\/p>\n<p>La<span> <\/span><strong>Yeezy Boost 700 V3 Clay Brown<\/strong><span> <\/span>se pare d&#8217;une empeigne noire. constitu\u00e9e d&#8217;un upper mixant<span> <\/span><strong>mesh<\/strong>.<span> <\/span><strong>n\u00e9opr\u00e8ne<\/strong><span> <\/span>et<span> <\/span><strong>Primeknit<\/strong>. Les rayures sur la partie en mesh sont de couleur marron. La base est surmont\u00e9e d&#8217;une cage en TPE fluorescent. soulignant l&#8217;aspect futuriste de ce nouveau mod\u00e8le. Le tout repose sur une semelle \u00e9paisse dot\u00e9e de la technologie<span> <\/span><strong>adiPRENE<\/strong>.<\/p>\n<p>Cette nouvelle version plut\u00f4t sobre arrive pour le plus grand plaisir des admiratifs de la shape 700V3 !<\/p>\n<p><strong>SKU<\/strong><span> <\/span>: GY0189<br \/><strong>Date de sortie<\/strong><span> <\/span>: D\u00e9cembre 2020<br \/><strong>Colorway<\/strong><span> <\/span>: CLAY\/BROWN\/BLACK<\/p>\n","protected":false},"excerpt":{"rendered":"<p>La fameuse silhouette Yeezy 700 V3 signe son grand reto [&hellip;]<\/p>\n","protected":false},"featured_media":22868,"template":"","meta":[],"product_brand":[],"product_cat":[176,69],"product_tag":[],"class_list":{"0":"post-22866","1":"product","2":"type-product","3":"status-publish","4":"has-post-thumbnail","6":"product_cat-sneakers","7":"product_cat-yeezy-700","9":"first","10":"instock","11":"sale","12":"shipping-taxable","13":"purchasable","14":"product-type-variable"},"_links":{"self":[{"href":"https:\/\/yeezy.xianzhi.org\/index.php?rest_route=\/wp\/v2\/product\/22866","targetHints":{"allow":["GET"]}}],"collection":[{"href":"https:\/\/yeezy.xianzhi.org\/index.php?rest_route=\/wp\/v2\/product"}],"about":[{"href":"https:\/\/yeezy.xianzhi.org\/index.php?rest_route=\/wp\/v2\/types\/product"}],"wp:featuredmedia":[{"embeddable":true,"href":"https:\/\/yeezy.xianzhi.org\/index.php?rest_route=\/wp\/v2\/media\/22868"}],"wp:attachment":[{"href":"https:\/\/yeezy.xianzhi.org\/index.php?rest_route=%2Fwp%2Fv2%2Fmedia&parent=22866"}],"wp:term":[{"taxonomy":"product_brand","embeddable":true,"href":"https:\/\/yeezy.xianzhi.org\/index.php?rest_route=%2Fwp%2Fv2%2Fproduct_brand&post=22866"},{"taxonomy":"product_cat","embeddable":true,"href":"https:\/\/yeezy.xianzhi.org\/index.php?rest_route=%2Fwp%2Fv2%2Fproduct_cat&post=22866"},{"taxonomy":"product_tag","embeddable":true,"href":"https:\/\/yeezy.xianzhi.org\/index.php?rest_route=%2Fwp%2Fv2%2Fproduct_tag&post=22866"}],"curies":[{"name":"wp","href":"https:\/\/api.w.org\/{rel}","templated":true}]}}