{"id":22861,"date":"2025-07-15T01:42:24","date_gmt":"2025-07-14T17:42:24","guid":{"rendered":"https:\/\/yeezy.xianzhi.org\/?post_type=product&#038;p=22861"},"modified":"2025-07-15T01:47:42","modified_gmt":"2025-07-14T17:47:42","slug":"adidas-yeezy-700-mnvn-bone","status":"publish","type":"product","link":"https:\/\/yeezy.xianzhi.org\/?product=adidas-yeezy-700-mnvn-bone","title":{"rendered":"Adidas Yeezy 700 Mnvn Bone"},"content":{"rendered":"<p><meta charset=\"utf-8\"><b data-stringify-type=\"bold\" data-mce-fragment=\"1\"><\/b>La <strong>Yeezy<\/strong> fait son grand retour avec un nouveau mod\u00e8le pour succ\u00e9der \u00e0 la <strong>Yeezy 700<\/strong>. disponible en 4 coloris. dont <strong>Bone<\/strong> qui compl\u00e8te les versions Triple Black. Phosphor et Orange.<\/p>\n<p>Sur cette <strong>Adidas Yeezy 700 MNVN Bone<\/strong>. on retrouve les m\u00eames bases que sur les 3 autres colorways. mais cette fois avec une teinte <strong>blanche\/cr\u00e8me<\/strong> dominante. En effet. le upper est blanc cr\u00e8me. en <strong>nylon<\/strong>. avec des lacets noirs accord\u00e9s au reste de la paire. Le <strong>\u00ab 700 \u00bb<\/strong> est toujours inscrit en gris venant ajouter une teinte suppl\u00e9mentaire. La semelle Boost est noire. comme pour l&#8217;ensemble de la s\u00e9rie Yeezy 700 MNVN.<\/p>\n<p>Cette version blanche et noire du nouveau mod\u00e8le imagin\u00e9 par <strong>Kayne West<\/strong> et <strong>Adidas<\/strong> va sans aucun doute faire parler d&#8217;elle de par sa simplicit\u00e9 et ses multitudes de possibilit\u00e9s d&#8217;outfits !<\/p>\n<p><strong>SKU<\/strong> : FY3729 <br \/><strong>Date de sortie<\/strong> : Avril 2020 <br \/><strong>Colorway<\/strong> : BONE<\/p>\n","protected":false},"excerpt":{"rendered":"<p>La Yeezy fait son grand retour avec un nouveau mod\u00e8le p [&hellip;]<\/p>\n","protected":false},"featured_media":22862,"template":"","meta":[],"product_brand":[],"product_cat":[176,69],"product_tag":[],"class_list":{"0":"post-22861","1":"product","2":"type-product","3":"status-publish","4":"has-post-thumbnail","6":"product_cat-sneakers","7":"product_cat-yeezy-700","9":"first","10":"instock","11":"sale","12":"shipping-taxable","13":"purchasable","14":"product-type-variable"},"_links":{"self":[{"href":"https:\/\/yeezy.xianzhi.org\/index.php?rest_route=\/wp\/v2\/product\/22861","targetHints":{"allow":["GET"]}}],"collection":[{"href":"https:\/\/yeezy.xianzhi.org\/index.php?rest_route=\/wp\/v2\/product"}],"about":[{"href":"https:\/\/yeezy.xianzhi.org\/index.php?rest_route=\/wp\/v2\/types\/product"}],"wp:featuredmedia":[{"embeddable":true,"href":"https:\/\/yeezy.xianzhi.org\/index.php?rest_route=\/wp\/v2\/media\/22862"}],"wp:attachment":[{"href":"https:\/\/yeezy.xianzhi.org\/index.php?rest_route=%2Fwp%2Fv2%2Fmedia&parent=22861"}],"wp:term":[{"taxonomy":"product_brand","embeddable":true,"href":"https:\/\/yeezy.xianzhi.org\/index.php?rest_route=%2Fwp%2Fv2%2Fproduct_brand&post=22861"},{"taxonomy":"product_cat","embeddable":true,"href":"https:\/\/yeezy.xianzhi.org\/index.php?rest_route=%2Fwp%2Fv2%2Fproduct_cat&post=22861"},{"taxonomy":"product_tag","embeddable":true,"href":"https:\/\/yeezy.xianzhi.org\/index.php?rest_route=%2Fwp%2Fv2%2Fproduct_tag&post=22861"}],"curies":[{"name":"wp","href":"https:\/\/api.w.org\/{rel}","templated":true}]}}