{"id":22850,"date":"2025-07-15T01:42:14","date_gmt":"2025-07-14T17:42:14","guid":{"rendered":"https:\/\/yeezy.xianzhi.org\/?post_type=product&#038;p=22850"},"modified":"2025-07-15T01:47:42","modified_gmt":"2025-07-14T17:47:42","slug":"adidas-yeezy-700-mauve","status":"publish","type":"product","link":"https:\/\/yeezy.xianzhi.org\/?product=adidas-yeezy-700-mauve","title":{"rendered":"Adidas Yeezy 700 Mauve"},"content":{"rendered":"<p><strong><\/strong><meta charset=\"utf-8\"><b data-stringify-type=\"bold\" data-mce-fragment=\"1\"><\/b><span>La Yeezy 700 revient avec son design unique. Type de sneakers qu&#8217;on aime ou qu&#8217;on d\u00e9teste. cette cr\u00e9ation de Kanye West en collaboration avec Adidas. revient dans un nouveau coloris.<\/span><\/p>\n<p><span>Habill\u00e9e d&#8217;un upper en toile anthracite. la Yeezy 700 se compose d&#8217;une base en cuir noir et en mesh avec des renforts en daim mauve assortis \u00e0 sa semelle reconnaissable.<\/span><\/p>\n<p>Suite au succ\u00e8s des Adidas  et au parti-pris du design de cette silhouette. cette version Mauve se diff\u00e9rencie de la  et ne manquera pas de faire sensation chez les amateurs du m\u00e9diatique designer&#8230; et plus g\u00e9n\u00e9ralement dans le monde.<\/p>\n<p><strong>SKU :<\/strong> EE9614<br \/><strong>Date de sortie :<\/strong> Octobre 2018<br \/><strong>Colorway :<\/strong> <span>MAUVE\/MAUVE\/MAUVE<\/span><\/p>\n","protected":false},"excerpt":{"rendered":"<p>La Yeezy 700 revient avec son design unique. Type de sn [&hellip;]<\/p>\n","protected":false},"featured_media":22856,"template":"","meta":[],"product_brand":[],"product_cat":[176,69],"product_tag":[],"class_list":{"0":"post-22850","1":"product","2":"type-product","3":"status-publish","4":"has-post-thumbnail","6":"product_cat-sneakers","7":"product_cat-yeezy-700","9":"first","10":"instock","11":"sale","12":"shipping-taxable","13":"purchasable","14":"product-type-variable"},"_links":{"self":[{"href":"https:\/\/yeezy.xianzhi.org\/index.php?rest_route=\/wp\/v2\/product\/22850","targetHints":{"allow":["GET"]}}],"collection":[{"href":"https:\/\/yeezy.xianzhi.org\/index.php?rest_route=\/wp\/v2\/product"}],"about":[{"href":"https:\/\/yeezy.xianzhi.org\/index.php?rest_route=\/wp\/v2\/types\/product"}],"wp:featuredmedia":[{"embeddable":true,"href":"https:\/\/yeezy.xianzhi.org\/index.php?rest_route=\/wp\/v2\/media\/22856"}],"wp:attachment":[{"href":"https:\/\/yeezy.xianzhi.org\/index.php?rest_route=%2Fwp%2Fv2%2Fmedia&parent=22850"}],"wp:term":[{"taxonomy":"product_brand","embeddable":true,"href":"https:\/\/yeezy.xianzhi.org\/index.php?rest_route=%2Fwp%2Fv2%2Fproduct_brand&post=22850"},{"taxonomy":"product_cat","embeddable":true,"href":"https:\/\/yeezy.xianzhi.org\/index.php?rest_route=%2Fwp%2Fv2%2Fproduct_cat&post=22850"},{"taxonomy":"product_tag","embeddable":true,"href":"https:\/\/yeezy.xianzhi.org\/index.php?rest_route=%2Fwp%2Fv2%2Fproduct_tag&post=22850"}],"curies":[{"name":"wp","href":"https:\/\/api.w.org\/{rel}","templated":true}]}}