{"id":22849,"date":"2025-07-15T01:42:14","date_gmt":"2025-07-14T17:42:14","guid":{"rendered":"https:\/\/yeezy.xianzhi.org\/?post_type=product&#038;p=22849"},"modified":"2025-07-15T01:47:42","modified_gmt":"2025-07-14T17:47:42","slug":"adidas-yeezy-700-mnvn-bright-cyan","status":"publish","type":"product","link":"https:\/\/yeezy.xianzhi.org\/?product=adidas-yeezy-700-mnvn-bright-cyan","title":{"rendered":"Adidas Yeezy 700 Mnvn Bright Cyan"},"content":{"rendered":"<p class=\"p1\"><span data-mce-fragment=\"1\">Apr\u00e8s la <\/span><strong data-mce-fragment=\"1\"><span data-mce-fragment=\"1\">Yeezy 700 MNVN <\/span>.<span data-mce-fragment=\"1\"> <\/span><\/strong><span data-mce-fragment=\"1\"> et <\/span><span data-mce-fragment=\"1\">. Adidas et Kanye West nous proposent un coloris <\/span><strong data-mce-fragment=\"1\">Bright Cyan<\/strong><span data-mce-fragment=\"1\">. pour les amateurs de paires aux couleurs vives !<\/span><\/p>\n<p> La <b>Adidas Yeezy 700 MNVN Bright Cyan<\/b> b\u00e9n\u00e9ficie d&#8217;une tige <b>synth\u00e9tique<\/b><strong> <\/strong>couleur bleu cyan. accompagn\u00e9e d&#8217;un imposant branding 700 gris sur le quarter panel. On retrouve ensuite des superpositions noires. ainsi que des accents <b>r\u00e9fl\u00e9chissants<\/b> sur le <b>mudguard<\/b> et le <b>talon<\/b>. Une semelle noire pourvue de la technologie <b>Boost<\/b> peaufine le design.<\/p>\n<p>Cette version bleue et noire imagin\u00e9e par <b>Kanye West<\/b> et <b>Adidas<\/b> va sans aucun doute faire parler d&#8217;elle aupr\u00e8s des fans inconditionnels du mod\u00e8le.<\/p>\n<p><span data-mce-fragment=\"1\"><meta charset=\"utf-8\"> <strong>SKU<\/strong> <strong>:<\/strong> <\/span>GZ3079<span data-mce-fragment=\"1\"><br \/><strong>Date de sortie :<\/strong> Juin 2021<br \/><strong>Colorway :<\/strong> <meta charset=\"utf-8\">BRIGHT CYAN\/BRIGHT CYAN-BRIGHT CYAN<\/span><\/p>\n","protected":false},"excerpt":{"rendered":"<p>Apr\u00e8s la Yeezy 700 MNVN . et . Adidas et Kanye West nou [&hellip;]<\/p>\n","protected":false},"featured_media":22851,"template":"","meta":[],"product_brand":[],"product_cat":[176,69],"product_tag":[],"class_list":{"0":"post-22849","1":"product","2":"type-product","3":"status-publish","4":"has-post-thumbnail","6":"product_cat-sneakers","7":"product_cat-yeezy-700","9":"first","10":"instock","11":"sale","12":"shipping-taxable","13":"purchasable","14":"product-type-variable"},"_links":{"self":[{"href":"https:\/\/yeezy.xianzhi.org\/index.php?rest_route=\/wp\/v2\/product\/22849","targetHints":{"allow":["GET"]}}],"collection":[{"href":"https:\/\/yeezy.xianzhi.org\/index.php?rest_route=\/wp\/v2\/product"}],"about":[{"href":"https:\/\/yeezy.xianzhi.org\/index.php?rest_route=\/wp\/v2\/types\/product"}],"wp:featuredmedia":[{"embeddable":true,"href":"https:\/\/yeezy.xianzhi.org\/index.php?rest_route=\/wp\/v2\/media\/22851"}],"wp:attachment":[{"href":"https:\/\/yeezy.xianzhi.org\/index.php?rest_route=%2Fwp%2Fv2%2Fmedia&parent=22849"}],"wp:term":[{"taxonomy":"product_brand","embeddable":true,"href":"https:\/\/yeezy.xianzhi.org\/index.php?rest_route=%2Fwp%2Fv2%2Fproduct_brand&post=22849"},{"taxonomy":"product_cat","embeddable":true,"href":"https:\/\/yeezy.xianzhi.org\/index.php?rest_route=%2Fwp%2Fv2%2Fproduct_cat&post=22849"},{"taxonomy":"product_tag","embeddable":true,"href":"https:\/\/yeezy.xianzhi.org\/index.php?rest_route=%2Fwp%2Fv2%2Fproduct_tag&post=22849"}],"curies":[{"name":"wp","href":"https:\/\/api.w.org\/{rel}","templated":true}]}}