{"id":22841,"date":"2025-07-15T01:42:07","date_gmt":"2025-07-14T17:42:07","guid":{"rendered":"https:\/\/yeezy.xianzhi.org\/?post_type=product&#038;p=22841"},"modified":"2025-07-15T01:47:43","modified_gmt":"2025-07-14T17:47:43","slug":"adidas-yeezy-700-mnvn-honey-flux","status":"publish","type":"product","link":"https:\/\/yeezy.xianzhi.org\/?product=adidas-yeezy-700-mnvn-honey-flux","title":{"rendered":"Adidas Yeezy 700 Mnvn Honey Flux"},"content":{"rendered":"<p>La<strong><strong> Adidas Yeezy 700 MNVN Honey Flux <\/strong><\/strong>b\u00e9n\u00e9ficie d&#8217;une tige synth\u00e9tique <strong>jaune<\/strong> accompagn\u00e9e de l&#8217;imposant branding <strong>700<\/strong> gris sur le quarter panel. le tout \u00e9tant relev\u00e9 d&#8217;accents r\u00e9fl\u00e9chissants sur le mudguard et le talon ainsi que de superpositions <strong>noires<\/strong>. auxquelles s&#8217;accorde la semelle <strong>BOOST<\/strong>.<strong><strong><br \/><\/strong><\/strong><strong><br \/>SKU<\/strong> : <meta charset=\"utf-8\"><span data-mce-fragment=\"1\">GZ0717<\/span><br \/><strong>Date de sortie<\/strong> : Septembre 2021 <br \/><strong>Colorway<\/strong> : <meta charset=\"utf-8\"><span data-mce-fragment=\"1\">HONEY FLUX\/HONEY FLUX\/HONEY FLUX<\/span><\/p>\n","protected":false},"excerpt":{"rendered":"<p>La Adidas Yeezy 700 MNVN Honey Flux b\u00e9n\u00e9ficie d&#8217;u [&hellip;]<\/p>\n","protected":false},"featured_media":22844,"template":"","meta":[],"product_brand":[],"product_cat":[176,69],"product_tag":[],"class_list":{"0":"post-22841","1":"product","2":"type-product","3":"status-publish","4":"has-post-thumbnail","6":"product_cat-sneakers","7":"product_cat-yeezy-700","9":"first","10":"instock","11":"sale","12":"shipping-taxable","13":"purchasable","14":"product-type-variable"},"_links":{"self":[{"href":"https:\/\/yeezy.xianzhi.org\/index.php?rest_route=\/wp\/v2\/product\/22841","targetHints":{"allow":["GET"]}}],"collection":[{"href":"https:\/\/yeezy.xianzhi.org\/index.php?rest_route=\/wp\/v2\/product"}],"about":[{"href":"https:\/\/yeezy.xianzhi.org\/index.php?rest_route=\/wp\/v2\/types\/product"}],"wp:featuredmedia":[{"embeddable":true,"href":"https:\/\/yeezy.xianzhi.org\/index.php?rest_route=\/wp\/v2\/media\/22844"}],"wp:attachment":[{"href":"https:\/\/yeezy.xianzhi.org\/index.php?rest_route=%2Fwp%2Fv2%2Fmedia&parent=22841"}],"wp:term":[{"taxonomy":"product_brand","embeddable":true,"href":"https:\/\/yeezy.xianzhi.org\/index.php?rest_route=%2Fwp%2Fv2%2Fproduct_brand&post=22841"},{"taxonomy":"product_cat","embeddable":true,"href":"https:\/\/yeezy.xianzhi.org\/index.php?rest_route=%2Fwp%2Fv2%2Fproduct_cat&post=22841"},{"taxonomy":"product_tag","embeddable":true,"href":"https:\/\/yeezy.xianzhi.org\/index.php?rest_route=%2Fwp%2Fv2%2Fproduct_tag&post=22841"}],"curies":[{"name":"wp","href":"https:\/\/api.w.org\/{rel}","templated":true}]}}