{"id":22840,"date":"2025-07-15T01:42:07","date_gmt":"2025-07-14T17:42:07","guid":{"rendered":"https:\/\/yeezy.xianzhi.org\/?post_type=product&#038;p=22840"},"modified":"2025-07-15T01:47:43","modified_gmt":"2025-07-14T17:47:43","slug":"adidas-yeezy-700-faded-azure","status":"publish","type":"product","link":"https:\/\/yeezy.xianzhi.org\/?product=adidas-yeezy-700-faded-azure","title":{"rendered":"Adidas Yeezy 700 Faded Azure"},"content":{"rendered":"<p class=\"p1\"><b><\/b>Mod\u00e8le extr\u00eamement populaire issu de la collaboration entre Adidas et Kanye West. la  revient dans un nouveau coloris.<\/p>\n<p class=\"p3\">La <strong>Adidas Yeezy 700 Faded Azure<\/strong> s&#8217;habille d&#8217;un upper m\u00e9langeant diff\u00e9rentes nuances de bleus. On retrouve l&#8217;habituelle base en mesh sur laquelle se superpose des empi\u00e8cements en daim et en cuir pour un <strong>design<\/strong><span class=\"Apple-converted-space\"><strong> moderne<\/strong>. <\/span>La paire vient se poser sur la semelle \u00e9paisse avec des touches orang\u00e9es qui vient rappeler la<span class=\"Apple-converted-space\"> .<\/span> contrast\u00e9e par une outsole noire.<\/p>\n<p class=\"p3\"> pr\u00e9pare la saison hivernale avec une nouvelle it\u00e9ration qui fait d&#8217;ores et d\u00e9j\u00e0 beaucoup parler d&#8217;elle !<\/p>\n<p><meta charset=\"utf-8\"><strong>SKU<\/strong><span> : <meta charset=\"utf-8\">GZ2002<\/span><br \/><strong>Date de sortie<\/strong><span> : Novembre 2021<\/span><br \/><strong>Colorway<\/strong><span> : FADED AZURE\/FADED AZURE\/FADED AZURE<\/span><\/p>\n","protected":false},"excerpt":{"rendered":"<p>Mod\u00e8le extr\u00eamement populaire issu de la collaboration e [&hellip;]<\/p>\n","protected":false},"featured_media":22842,"template":"","meta":[],"product_brand":[],"product_cat":[176,69],"product_tag":[],"class_list":{"0":"post-22840","1":"product","2":"type-product","3":"status-publish","4":"has-post-thumbnail","6":"product_cat-sneakers","7":"product_cat-yeezy-700","9":"first","10":"instock","11":"sale","12":"shipping-taxable","13":"purchasable","14":"product-type-variable"},"_links":{"self":[{"href":"https:\/\/yeezy.xianzhi.org\/index.php?rest_route=\/wp\/v2\/product\/22840","targetHints":{"allow":["GET"]}}],"collection":[{"href":"https:\/\/yeezy.xianzhi.org\/index.php?rest_route=\/wp\/v2\/product"}],"about":[{"href":"https:\/\/yeezy.xianzhi.org\/index.php?rest_route=\/wp\/v2\/types\/product"}],"wp:featuredmedia":[{"embeddable":true,"href":"https:\/\/yeezy.xianzhi.org\/index.php?rest_route=\/wp\/v2\/media\/22842"}],"wp:attachment":[{"href":"https:\/\/yeezy.xianzhi.org\/index.php?rest_route=%2Fwp%2Fv2%2Fmedia&parent=22840"}],"wp:term":[{"taxonomy":"product_brand","embeddable":true,"href":"https:\/\/yeezy.xianzhi.org\/index.php?rest_route=%2Fwp%2Fv2%2Fproduct_brand&post=22840"},{"taxonomy":"product_cat","embeddable":true,"href":"https:\/\/yeezy.xianzhi.org\/index.php?rest_route=%2Fwp%2Fv2%2Fproduct_cat&post=22840"},{"taxonomy":"product_tag","embeddable":true,"href":"https:\/\/yeezy.xianzhi.org\/index.php?rest_route=%2Fwp%2Fv2%2Fproduct_tag&post=22840"}],"curies":[{"name":"wp","href":"https:\/\/api.w.org\/{rel}","templated":true}]}}