{"id":22834,"date":"2025-07-15T01:42:01","date_gmt":"2025-07-14T17:42:01","guid":{"rendered":"https:\/\/yeezy.xianzhi.org\/?post_type=product&#038;p=22834"},"modified":"2025-07-15T01:47:43","modified_gmt":"2025-07-14T17:47:43","slug":"adidas-yeezy-700-v3-copper-fade","status":"publish","type":"product","link":"https:\/\/yeezy.xianzhi.org\/?product=adidas-yeezy-700-v3-copper-fade","title":{"rendered":"Adidas Yeezy 700 V3 Copper Fade"},"content":{"rendered":"<p><strong>Adidas<\/strong> et  reviennent avec une toute nouvelle it\u00e9ration de leur mod\u00e8le futuriste aux tons bruns inspir\u00e9s du cuivre !<\/p>\n<p>La <strong>Adidas Yeezy 700 V3 Copper Fade<\/strong> pr\u00e9sente une base en <strong>mesh marron<\/strong> aux nuances <strong>orang\u00e9es<\/strong> tout le long de l&#8217;empeigne. Une cage translucide en <strong>TPU<\/strong> ainsi que des rayures brunes \u00e9pousent les panels de la silhouette. La semelle <strong>EVA<\/strong>. les lacets ainsi que la toe box affichent une teinte noire aux reflets gris.<\/p>\n<p>Sombre et \u00e9l\u00e9gante. cette  in\u00e9dite ravira les amateurs de mod\u00e8les versatiles ! <\/p>\n<p><strong>SKU<\/strong> : <span data-mce-fragment=\"1\">GY4109<\/span><br \/><strong>Date de sortie<\/strong> : D\u00e9cembre 2021<br \/><strong>Colorway<\/strong> : COPPER FADE\/COPPER FADE-COPPER FADE<\/p>\n","protected":false},"excerpt":{"rendered":"<p>Adidas et reviennent avec une toute nouvelle it\u00e9ration  [&hellip;]<\/p>\n","protected":false},"featured_media":22835,"template":"","meta":[],"product_brand":[],"product_cat":[176,69],"product_tag":[],"class_list":{"0":"post-22834","1":"product","2":"type-product","3":"status-publish","4":"has-post-thumbnail","6":"product_cat-sneakers","7":"product_cat-yeezy-700","9":"first","10":"instock","11":"sale","12":"shipping-taxable","13":"purchasable","14":"product-type-variable"},"_links":{"self":[{"href":"https:\/\/yeezy.xianzhi.org\/index.php?rest_route=\/wp\/v2\/product\/22834","targetHints":{"allow":["GET"]}}],"collection":[{"href":"https:\/\/yeezy.xianzhi.org\/index.php?rest_route=\/wp\/v2\/product"}],"about":[{"href":"https:\/\/yeezy.xianzhi.org\/index.php?rest_route=\/wp\/v2\/types\/product"}],"wp:featuredmedia":[{"embeddable":true,"href":"https:\/\/yeezy.xianzhi.org\/index.php?rest_route=\/wp\/v2\/media\/22835"}],"wp:attachment":[{"href":"https:\/\/yeezy.xianzhi.org\/index.php?rest_route=%2Fwp%2Fv2%2Fmedia&parent=22834"}],"wp:term":[{"taxonomy":"product_brand","embeddable":true,"href":"https:\/\/yeezy.xianzhi.org\/index.php?rest_route=%2Fwp%2Fv2%2Fproduct_brand&post=22834"},{"taxonomy":"product_cat","embeddable":true,"href":"https:\/\/yeezy.xianzhi.org\/index.php?rest_route=%2Fwp%2Fv2%2Fproduct_cat&post=22834"},{"taxonomy":"product_tag","embeddable":true,"href":"https:\/\/yeezy.xianzhi.org\/index.php?rest_route=%2Fwp%2Fv2%2Fproduct_tag&post=22834"}],"curies":[{"name":"wp","href":"https:\/\/api.w.org\/{rel}","templated":true}]}}