{"id":22826,"date":"2025-07-15T01:41:55","date_gmt":"2025-07-14T17:41:55","guid":{"rendered":"https:\/\/yeezy.xianzhi.org\/?post_type=product&#038;p=22826"},"modified":"2025-07-15T01:47:43","modified_gmt":"2025-07-14T17:47:43","slug":"adidas-yeezy-700-hi-res-red","status":"publish","type":"product","link":"https:\/\/yeezy.xianzhi.org\/?product=adidas-yeezy-700-hi-res-red","title":{"rendered":"Adidas Yeezy 700 Hi Res Red"},"content":{"rendered":"<p>Si le label  s&#8217;est fait conna\u00eetre avec sa palette de couleurs sobres. il n&#8217;est pas impossible d&#8217;apercevoir des coloris sp\u00e9ciaux aux <strong>tons vifs<\/strong> !\u00a0<\/p>\n<p>La <strong>Adidas Yeezy 700 Hi-Res Red<\/strong> pr\u00e9sente une base en <strong>cuir rouge<\/strong> qui se voit compl\u00e9t\u00e9e par des superpositions de <strong>daim gris<\/strong> \u00e0 la finition premium. Plusieurs d\u00e9tails en mesh parcourent l&#8217;empeigne design\u00e9e par Steven Smith. Une <strong>semelle bordeaux<\/strong> aux gravures color\u00e9es finalise le look a\u00e9rodynamique de la silhouette.<\/p>\n<p>Faisant suite aux \u00e9ditions  et . cette nouvelle \u00a0saura rehausser vos plus belles tenues de la saison !\u00a0<\/p>\n<p><strong>SKU<\/strong> :\u00a0HQ6979<br \/><strong>Date de sortie<\/strong> : Juin 2022<br \/><strong>Colorway<\/strong> : HIRERED\/HIRERED\/HIRERED<\/p>\n","protected":false},"excerpt":{"rendered":"<p>Si le label s&#8217;est fait conna\u00eetre avec sa palette  [&hellip;]<\/p>\n","protected":false},"featured_media":22828,"template":"","meta":[],"product_brand":[],"product_cat":[176,69],"product_tag":[],"class_list":{"0":"post-22826","1":"product","2":"type-product","3":"status-publish","4":"has-post-thumbnail","6":"product_cat-sneakers","7":"product_cat-yeezy-700","9":"first","10":"instock","11":"sale","12":"shipping-taxable","13":"purchasable","14":"product-type-variable"},"_links":{"self":[{"href":"https:\/\/yeezy.xianzhi.org\/index.php?rest_route=\/wp\/v2\/product\/22826","targetHints":{"allow":["GET"]}}],"collection":[{"href":"https:\/\/yeezy.xianzhi.org\/index.php?rest_route=\/wp\/v2\/product"}],"about":[{"href":"https:\/\/yeezy.xianzhi.org\/index.php?rest_route=\/wp\/v2\/types\/product"}],"wp:featuredmedia":[{"embeddable":true,"href":"https:\/\/yeezy.xianzhi.org\/index.php?rest_route=\/wp\/v2\/media\/22828"}],"wp:attachment":[{"href":"https:\/\/yeezy.xianzhi.org\/index.php?rest_route=%2Fwp%2Fv2%2Fmedia&parent=22826"}],"wp:term":[{"taxonomy":"product_brand","embeddable":true,"href":"https:\/\/yeezy.xianzhi.org\/index.php?rest_route=%2Fwp%2Fv2%2Fproduct_brand&post=22826"},{"taxonomy":"product_cat","embeddable":true,"href":"https:\/\/yeezy.xianzhi.org\/index.php?rest_route=%2Fwp%2Fv2%2Fproduct_cat&post=22826"},{"taxonomy":"product_tag","embeddable":true,"href":"https:\/\/yeezy.xianzhi.org\/index.php?rest_route=%2Fwp%2Fv2%2Fproduct_tag&post=22826"}],"curies":[{"name":"wp","href":"https:\/\/api.w.org\/{rel}","templated":true}]}}