{"id":22821,"date":"2025-07-15T01:41:51","date_gmt":"2025-07-14T17:41:51","guid":{"rendered":"https:\/\/yeezy.xianzhi.org\/?post_type=product&#038;p=22821"},"modified":"2025-07-15T01:47:43","modified_gmt":"2025-07-14T17:47:43","slug":"adidas-yeezy-700-hi-res-blue","status":"publish","type":"product","link":"https:\/\/yeezy.xianzhi.org\/?product=adidas-yeezy-700-hi-res-blue","title":{"rendered":"Adidas Yeezy 700 Hi Res Blue"},"content":{"rendered":"<p>\u00c0 l&#8217;occasion du <strong>Yeezy Day<\/strong> de 2022. le label cr\u00e9atif de <strong>Kanye West<\/strong> nous offre une toute nouvelle \u00e9dition color\u00e9e de son iconique  !<\/p>\n<p>La <strong>Adidas Yeezy Boost 700 Hi-Red Blue<\/strong> <strong><\/strong>se pare d&#8217;une structure mixte \u00e0 la <strong>teinte bleu vif<\/strong>. On retrouve une combinaison de cuir. de mesh et daim \u00e0 la finition premium. Plusieurs empi\u00e8cements de suede noir s&#8217;appliquent sur la toebox et s&#8217;accorde minutieusement aux couches de mesh violet. Tout l&#8217;ensemble repose sur une semelle chunky aux touches d&#8217;orange. Elle est dot\u00e9e d&#8217;un amorti <strong>BOOST<\/strong> pour un confort optimal et durable.\u00a0<\/p>\n<p>Apr\u00e8s plusieurs mod\u00e8les minimalistes. les \u00e9quipes cr\u00e9atives de  semblent se tourner vers des coloris plus \u00e9clatants \u00e0 l&#8217;instar de la .\u00a0<\/p>\n<p><strong>SKU<\/strong> : <meta charset=\"utf-8\"><span data-mce-fragment=\"1\">HP6674<\/span><br \/><strong>Date de sortie<\/strong> : Ao\u00fbt 2022<br \/><strong>Colorway<\/strong> :\u00a0<meta charset=\"utf-8\"><span data-mce-fragment=\"1\">HI-RES BLUE\/HI-RES BLUE-HI-RES BLUE<\/span><\/p>\n","protected":false},"excerpt":{"rendered":"<p>\u00c0 l&#8217;occasion du Yeezy Day de 2022. le label cr\u00e9at [&hellip;]<\/p>\n","protected":false},"featured_media":22824,"template":"","meta":[],"product_brand":[],"product_cat":[176,69],"product_tag":[],"class_list":{"0":"post-22821","1":"product","2":"type-product","3":"status-publish","4":"has-post-thumbnail","6":"product_cat-sneakers","7":"product_cat-yeezy-700","9":"first","10":"instock","11":"sale","12":"shipping-taxable","13":"purchasable","14":"product-type-variable"},"_links":{"self":[{"href":"https:\/\/yeezy.xianzhi.org\/index.php?rest_route=\/wp\/v2\/product\/22821","targetHints":{"allow":["GET"]}}],"collection":[{"href":"https:\/\/yeezy.xianzhi.org\/index.php?rest_route=\/wp\/v2\/product"}],"about":[{"href":"https:\/\/yeezy.xianzhi.org\/index.php?rest_route=\/wp\/v2\/types\/product"}],"wp:featuredmedia":[{"embeddable":true,"href":"https:\/\/yeezy.xianzhi.org\/index.php?rest_route=\/wp\/v2\/media\/22824"}],"wp:attachment":[{"href":"https:\/\/yeezy.xianzhi.org\/index.php?rest_route=%2Fwp%2Fv2%2Fmedia&parent=22821"}],"wp:term":[{"taxonomy":"product_brand","embeddable":true,"href":"https:\/\/yeezy.xianzhi.org\/index.php?rest_route=%2Fwp%2Fv2%2Fproduct_brand&post=22821"},{"taxonomy":"product_cat","embeddable":true,"href":"https:\/\/yeezy.xianzhi.org\/index.php?rest_route=%2Fwp%2Fv2%2Fproduct_cat&post=22821"},{"taxonomy":"product_tag","embeddable":true,"href":"https:\/\/yeezy.xianzhi.org\/index.php?rest_route=%2Fwp%2Fv2%2Fproduct_tag&post=22821"}],"curies":[{"name":"wp","href":"https:\/\/api.w.org\/{rel}","templated":true}]}}