{"id":22817,"date":"2025-07-15T01:41:48","date_gmt":"2025-07-14T17:41:48","guid":{"rendered":"https:\/\/yeezy.xianzhi.org\/?post_type=product&#038;p=22817"},"modified":"2025-07-15T01:47:44","modified_gmt":"2025-07-14T17:47:44","slug":"adidas-yeezy-700-v3-fade-salt","status":"publish","type":"product","link":"https:\/\/yeezy.xianzhi.org\/?product=adidas-yeezy-700-v3-fade-salt","title":{"rendered":"Adidas Yeezy 700 V3 Fade Salt"},"content":{"rendered":"<p>Silhouette futuriste imagin\u00e9e par<span>\u00a0<\/span><strong>Kanye West<\/strong>. le mod\u00e8le avant-gardiste\u00a0ne laisse personne indiff\u00e9rent. Elle est de retour dans un coloris tendance et versatile !\u00a0<\/p>\n<p>La\u00a0<strong>Adidas Yeezy 700 V3 Fade Salt<\/strong>\u00a0s&#8217;affiche dans une teinte grise. La cage en\u00a0<strong>TPU<\/strong>\u00a0ainsi que le upper en\u00a0<strong>Primeknit<\/strong>\u00a0vont du\u00a0<strong>blanc<\/strong>\u00a0au\u00a0<b>noir\u00a0<\/b>tandis que la semelle arbore un l\u00e9ger blanc cass\u00e9 \u00e0 l&#8217;outsole cr\u00e8me.\u00a0<\/p>\n<p>A l&#8217;image de la<span>\u00a0<\/span>\u00a0et ses nuances de bleu ciel. cette nouvelle it\u00e9ration de la<span>\u00a0<\/span>\u00a0saura sublimer n&#8217;importe quel tenue.\u00a0\u00a0\u00a0<\/p>\n<p><strong>SKU<\/strong> :\u00a0<meta charset=\"utf-8\"><span data-mce-fragment=\"1\">ID1674<\/span><br \/><strong>Date de sortie<\/strong> : Septembre 2022<br \/><strong>Colorway<\/strong> : FADE SALT\/FADE SLAT\/FADE SLAT<\/p>\n","protected":false},"excerpt":{"rendered":"<p>Silhouette futuriste imagin\u00e9e par\u00a0Kanye West. le mod\u00e8le [&hellip;]<\/p>\n","protected":false},"featured_media":22818,"template":"","meta":[],"product_brand":[],"product_cat":[176,69],"product_tag":[],"class_list":{"0":"post-22817","1":"product","2":"type-product","3":"status-publish","4":"has-post-thumbnail","6":"product_cat-sneakers","7":"product_cat-yeezy-700","9":"first","10":"instock","11":"sale","12":"shipping-taxable","13":"purchasable","14":"product-type-variable"},"_links":{"self":[{"href":"https:\/\/yeezy.xianzhi.org\/index.php?rest_route=\/wp\/v2\/product\/22817","targetHints":{"allow":["GET"]}}],"collection":[{"href":"https:\/\/yeezy.xianzhi.org\/index.php?rest_route=\/wp\/v2\/product"}],"about":[{"href":"https:\/\/yeezy.xianzhi.org\/index.php?rest_route=\/wp\/v2\/types\/product"}],"wp:featuredmedia":[{"embeddable":true,"href":"https:\/\/yeezy.xianzhi.org\/index.php?rest_route=\/wp\/v2\/media\/22818"}],"wp:attachment":[{"href":"https:\/\/yeezy.xianzhi.org\/index.php?rest_route=%2Fwp%2Fv2%2Fmedia&parent=22817"}],"wp:term":[{"taxonomy":"product_brand","embeddable":true,"href":"https:\/\/yeezy.xianzhi.org\/index.php?rest_route=%2Fwp%2Fv2%2Fproduct_brand&post=22817"},{"taxonomy":"product_cat","embeddable":true,"href":"https:\/\/yeezy.xianzhi.org\/index.php?rest_route=%2Fwp%2Fv2%2Fproduct_cat&post=22817"},{"taxonomy":"product_tag","embeddable":true,"href":"https:\/\/yeezy.xianzhi.org\/index.php?rest_route=%2Fwp%2Fv2%2Fproduct_tag&post=22817"}],"curies":[{"name":"wp","href":"https:\/\/api.w.org\/{rel}","templated":true}]}}