{"id":22809,"date":"2025-07-15T01:41:40","date_gmt":"2025-07-14T17:41:40","guid":{"rendered":"https:\/\/yeezy.xianzhi.org\/?post_type=product&#038;p=22809"},"modified":"2025-07-15T01:47:44","modified_gmt":"2025-07-14T17:47:44","slug":"adidas-yeezy-700-wave-runner-solid-grey","status":"publish","type":"product","link":"https:\/\/yeezy.xianzhi.org\/?product=adidas-yeezy-700-wave-runner-solid-grey","title":{"rendered":"Adidas Yeezy 700 Wave Runner Solid Grey"},"content":{"rendered":"<div>\n<p><b data-stringify-type=\"bold\" data-mce-fragment=\"1\">Sizing<\/b><span data-mce-fragment=\"1\">\u00a0: Ce mod\u00e8le taille l\u00e9g\u00e8rement petit. prendre une \u00bd pointure au dessus de votre taille habituelle.<\/span><\/p>\n<p>Le design de la<span>\u00a0<\/span><strong>Yeezy Wave Runner 700<\/strong><span>\u00a0<\/span>est unique. c&#8217;est un peu le genre de sneakers qu&#8217;on aime ou qu&#8217;on d\u00e9teste. Si vous \u00eates sur cette page. on devine que cette sneaker ne vous laisse pas indiff\u00e9rent.<\/p>\n<p>Compos\u00e9e d&#8217;un upper en toile grise et en daim bleu. la Yeezy Wave Runner 700 se distingue par sa semelle renforc\u00e9e. agr\u00e9ment\u00e9e de note d&#8217;orange et de lacets jaunes clairs.<\/p>\n<p>Sortie en pr\u00e9-commande sur Yeezy Supply lors du d\u00e9voilement de la Yeezy Season 5 et livr\u00e9e courant du mois de novembre 2017. cette silhouette a mis quelque mois avant de convaincre l&#8217;univers streetwear.<\/p>\n<p>Aujourd&#8217;hui elle est en rupture de stock litt\u00e9ralement partout. on ne compte plus le nombre de personnes qui se mordent les doigts de ne pas avoir pass\u00e9 commande sur le site Yeezy Supply au moment de sa sortie.<\/p>\n<p><strong>Date de sortie<\/strong><span>\u00a0<\/span>: Novembre 2017<br \/><strong>Colorway<\/strong><span>\u00a0<\/span>: SOLID GREY\/CHALK WHITE\/CORE BLACK<\/p>\n<\/div>\n","protected":false},"excerpt":{"rendered":"<p>Sizing\u00a0: Ce mod\u00e8le taille l\u00e9g\u00e8rement petit. prendre une [&hellip;]<\/p>\n","protected":false},"featured_media":22812,"template":"","meta":[],"product_brand":[],"product_cat":[176,69],"product_tag":[],"class_list":{"0":"post-22809","1":"product","2":"type-product","3":"status-publish","4":"has-post-thumbnail","6":"product_cat-sneakers","7":"product_cat-yeezy-700","9":"first","10":"instock","11":"sale","12":"shipping-taxable","13":"purchasable","14":"product-type-variable"},"_links":{"self":[{"href":"https:\/\/yeezy.xianzhi.org\/index.php?rest_route=\/wp\/v2\/product\/22809","targetHints":{"allow":["GET"]}}],"collection":[{"href":"https:\/\/yeezy.xianzhi.org\/index.php?rest_route=\/wp\/v2\/product"}],"about":[{"href":"https:\/\/yeezy.xianzhi.org\/index.php?rest_route=\/wp\/v2\/types\/product"}],"wp:featuredmedia":[{"embeddable":true,"href":"https:\/\/yeezy.xianzhi.org\/index.php?rest_route=\/wp\/v2\/media\/22812"}],"wp:attachment":[{"href":"https:\/\/yeezy.xianzhi.org\/index.php?rest_route=%2Fwp%2Fv2%2Fmedia&parent=22809"}],"wp:term":[{"taxonomy":"product_brand","embeddable":true,"href":"https:\/\/yeezy.xianzhi.org\/index.php?rest_route=%2Fwp%2Fv2%2Fproduct_brand&post=22809"},{"taxonomy":"product_cat","embeddable":true,"href":"https:\/\/yeezy.xianzhi.org\/index.php?rest_route=%2Fwp%2Fv2%2Fproduct_cat&post=22809"},{"taxonomy":"product_tag","embeddable":true,"href":"https:\/\/yeezy.xianzhi.org\/index.php?rest_route=%2Fwp%2Fv2%2Fproduct_tag&post=22809"}],"curies":[{"name":"wp","href":"https:\/\/api.w.org\/{rel}","templated":true}]}}