{"id":22808,"date":"2025-07-15T01:41:40","date_gmt":"2025-07-14T17:41:40","guid":{"rendered":"https:\/\/yeezy.xianzhi.org\/?post_type=product&#038;p=22808"},"modified":"2025-07-15T01:47:44","modified_gmt":"2025-07-14T17:47:44","slug":"adidas-yeezy-700-mnvn-resin","status":"publish","type":"product","link":"https:\/\/yeezy.xianzhi.org\/?product=adidas-yeezy-700-mnvn-resin","title":{"rendered":"Adidas Yeezy 700 Mnvn Resin"},"content":{"rendered":"<p><b data-stringify-type=\"bold\" data-mce-fragment=\"1\"><\/b>La <strong>Adidas Yeezy 700 MNVN Resin<\/strong> pr\u00e9sente une base en <strong>nylon<\/strong>. avec un jeu de couleur entre un <strong>vert jade<\/strong> et du noir au niveau de la midsole. On retrouve l&#8217;inscription <strong>700<\/strong> sur le quarter panel ainsi que la classique semelle <strong>Boost<\/strong> venant apporter un confort in\u00e9gal\u00e9 \u00e0 l&#8217;ensemble.<\/p>\n<p><strong>SKU<\/strong> : GW9525<br \/><strong>Date de sortie<\/strong> : F\u00e9vrier 2022<br \/><strong>Colorway<\/strong> : RESIN\/RESIN\/RESIN<\/p>\n","protected":false},"excerpt":{"rendered":"<p>La Adidas Yeezy 700 MNVN Resin pr\u00e9sente une base en nyl [&hellip;]<\/p>\n","protected":false},"featured_media":22810,"template":"","meta":[],"product_brand":[],"product_cat":[176,69],"product_tag":[],"class_list":{"0":"post-22808","1":"product","2":"type-product","3":"status-publish","4":"has-post-thumbnail","6":"product_cat-sneakers","7":"product_cat-yeezy-700","9":"first","10":"instock","11":"sale","12":"shipping-taxable","13":"purchasable","14":"product-type-variable"},"_links":{"self":[{"href":"https:\/\/yeezy.xianzhi.org\/index.php?rest_route=\/wp\/v2\/product\/22808","targetHints":{"allow":["GET"]}}],"collection":[{"href":"https:\/\/yeezy.xianzhi.org\/index.php?rest_route=\/wp\/v2\/product"}],"about":[{"href":"https:\/\/yeezy.xianzhi.org\/index.php?rest_route=\/wp\/v2\/types\/product"}],"wp:featuredmedia":[{"embeddable":true,"href":"https:\/\/yeezy.xianzhi.org\/index.php?rest_route=\/wp\/v2\/media\/22810"}],"wp:attachment":[{"href":"https:\/\/yeezy.xianzhi.org\/index.php?rest_route=%2Fwp%2Fv2%2Fmedia&parent=22808"}],"wp:term":[{"taxonomy":"product_brand","embeddable":true,"href":"https:\/\/yeezy.xianzhi.org\/index.php?rest_route=%2Fwp%2Fv2%2Fproduct_brand&post=22808"},{"taxonomy":"product_cat","embeddable":true,"href":"https:\/\/yeezy.xianzhi.org\/index.php?rest_route=%2Fwp%2Fv2%2Fproduct_cat&post=22808"},{"taxonomy":"product_tag","embeddable":true,"href":"https:\/\/yeezy.xianzhi.org\/index.php?rest_route=%2Fwp%2Fv2%2Fproduct_tag&post=22808"}],"curies":[{"name":"wp","href":"https:\/\/api.w.org\/{rel}","templated":true}]}}