{"id":22803,"date":"2025-07-15T01:41:36","date_gmt":"2025-07-14T17:41:36","guid":{"rendered":"https:\/\/yeezy.xianzhi.org\/?post_type=product&#038;p=22803"},"modified":"2025-07-15T01:47:44","modified_gmt":"2025-07-14T17:47:44","slug":"adidas-yeezy-700-mnvn-metallic","status":"publish","type":"product","link":"https:\/\/yeezy.xianzhi.org\/?product=adidas-yeezy-700-mnvn-metallic","title":{"rendered":"Adidas Yeezy 700 Mnvn Metallic"},"content":{"rendered":"<p>Pour cet hiver. ? et <strong>Kanye West<\/strong> nous offrent une toute nouvelle it\u00e9ration de leur  en version <strong>MNVN<\/strong>.<br \/><strong><\/strong><\/p>\n<p>La <strong>Adidas Yeezy Boost 700 MNVN Metallic<\/strong> se pare d&#8217;une tige synth\u00e9tique grise m\u00e9tallique aux empi\u00e8cements noirs et r\u00e9fl\u00e9chissants dont le &#8220;700&#8221; inscrit sur le quarter panel. Le tout repose sur une semelle BOOST noire qui assure confort et stabilit\u00e9 ! <\/p>\n<p>Apr\u00e8s les versions  et . cette <strong>Yeezy<\/strong> in\u00e9dite se distingue par sa sobri\u00e9t\u00e9 et sa versatilit\u00e9 !   <\/p>\n<p><strong>SKU <\/strong>: <span>GW9524<\/span><strong><br \/><\/strong><strong>Date de sortie <\/strong>: D\u00e9cembre 2021<strong><br \/><\/strong><strong>Colorway <\/strong>: METALLIC\/METALLIC\/METALLIC <\/p>\n","protected":false},"excerpt":{"rendered":"<p>Pour cet hiver. ? et Kanye West nous offrent une toute  [&hellip;]<\/p>\n","protected":false},"featured_media":22804,"template":"","meta":[],"product_brand":[],"product_cat":[176,69],"product_tag":[],"class_list":{"0":"post-22803","1":"product","2":"type-product","3":"status-publish","4":"has-post-thumbnail","6":"product_cat-sneakers","7":"product_cat-yeezy-700","9":"first","10":"instock","11":"sale","12":"shipping-taxable","13":"purchasable","14":"product-type-variable"},"_links":{"self":[{"href":"https:\/\/yeezy.xianzhi.org\/index.php?rest_route=\/wp\/v2\/product\/22803","targetHints":{"allow":["GET"]}}],"collection":[{"href":"https:\/\/yeezy.xianzhi.org\/index.php?rest_route=\/wp\/v2\/product"}],"about":[{"href":"https:\/\/yeezy.xianzhi.org\/index.php?rest_route=\/wp\/v2\/types\/product"}],"wp:featuredmedia":[{"embeddable":true,"href":"https:\/\/yeezy.xianzhi.org\/index.php?rest_route=\/wp\/v2\/media\/22804"}],"wp:attachment":[{"href":"https:\/\/yeezy.xianzhi.org\/index.php?rest_route=%2Fwp%2Fv2%2Fmedia&parent=22803"}],"wp:term":[{"taxonomy":"product_brand","embeddable":true,"href":"https:\/\/yeezy.xianzhi.org\/index.php?rest_route=%2Fwp%2Fv2%2Fproduct_brand&post=22803"},{"taxonomy":"product_cat","embeddable":true,"href":"https:\/\/yeezy.xianzhi.org\/index.php?rest_route=%2Fwp%2Fv2%2Fproduct_cat&post=22803"},{"taxonomy":"product_tag","embeddable":true,"href":"https:\/\/yeezy.xianzhi.org\/index.php?rest_route=%2Fwp%2Fv2%2Fproduct_tag&post=22803"}],"curies":[{"name":"wp","href":"https:\/\/api.w.org\/{rel}","templated":true}]}}