{"id":22795,"date":"2025-07-15T01:41:29","date_gmt":"2025-07-14T17:41:29","guid":{"rendered":"https:\/\/yeezy.xianzhi.org\/?post_type=product&#038;p=22795"},"modified":"2025-07-15T01:47:44","modified_gmt":"2025-07-14T17:47:44","slug":"adidas-yeezy-700-mnvn-triple-black","status":"publish","type":"product","link":"https:\/\/yeezy.xianzhi.org\/?product=adidas-yeezy-700-mnvn-triple-black","title":{"rendered":"Adidas Yeezy 700 MNVN Triple Black"},"content":{"rendered":"<p>\u00a0La<span>\u00a0<\/span><strong>Yeezy 700 MNVN Triple Black<\/strong><span>\u00a0<\/span>pr\u00e9sente une tige noire monochrome et affiche un upper diff\u00e9rent des version<span>\u00a0<\/span><strong>V1<\/strong><span>\u00a0<\/span>et<span>\u00a0<\/span><span>\u00a0<\/span>avec cette fois-ci du nylon. Les diff\u00e9rents empi\u00e8cements en mati\u00e8res vari\u00e9s sont eux aussi remplac\u00e9s par le branding \u00ab<span>\u00a0<\/span><span>\u00a0<\/span>\u00bb sur les cot\u00e9s lat\u00e9raux. La semelle. quant \u00e0 elle. conserve sa shape d&#8217;origine et sa technologie<span>\u00a0<\/span><strong>Boost.<\/strong><\/p>\n<p>Ce nouveau mod\u00e8le. qui n&#8217;est pas sans rappeler la<span>\u00a0<\/span><span><strong>Yeezy 700 Vanta<\/strong><\/span>. apporte une touche de modernit\u00e9 dans la gamme Yeezy 700.<\/p>\n<p><strong>Couleur<\/strong><span>\u00a0<\/span>: BLACK\/BLACK\/BLACK<\/p>\n<p><strong>Date de sortie<\/strong><span>\u00a0<\/span><span>: F\u00e9vrier 2020<br \/><\/span><\/p>\n","protected":false},"excerpt":{"rendered":"<p>\u00a0La\u00a0Yeezy 700 MNVN Triple Black\u00a0pr\u00e9sente une tige noire [&hellip;]<\/p>\n","protected":false},"featured_media":22800,"template":"","meta":[],"product_brand":[],"product_cat":[176,69],"product_tag":[],"class_list":{"0":"post-22795","1":"product","2":"type-product","3":"status-publish","4":"has-post-thumbnail","6":"product_cat-sneakers","7":"product_cat-yeezy-700","9":"first","10":"instock","11":"sale","12":"shipping-taxable","13":"purchasable","14":"product-type-variable"},"_links":{"self":[{"href":"https:\/\/yeezy.xianzhi.org\/index.php?rest_route=\/wp\/v2\/product\/22795","targetHints":{"allow":["GET"]}}],"collection":[{"href":"https:\/\/yeezy.xianzhi.org\/index.php?rest_route=\/wp\/v2\/product"}],"about":[{"href":"https:\/\/yeezy.xianzhi.org\/index.php?rest_route=\/wp\/v2\/types\/product"}],"wp:featuredmedia":[{"embeddable":true,"href":"https:\/\/yeezy.xianzhi.org\/index.php?rest_route=\/wp\/v2\/media\/22800"}],"wp:attachment":[{"href":"https:\/\/yeezy.xianzhi.org\/index.php?rest_route=%2Fwp%2Fv2%2Fmedia&parent=22795"}],"wp:term":[{"taxonomy":"product_brand","embeddable":true,"href":"https:\/\/yeezy.xianzhi.org\/index.php?rest_route=%2Fwp%2Fv2%2Fproduct_brand&post=22795"},{"taxonomy":"product_cat","embeddable":true,"href":"https:\/\/yeezy.xianzhi.org\/index.php?rest_route=%2Fwp%2Fv2%2Fproduct_cat&post=22795"},{"taxonomy":"product_tag","embeddable":true,"href":"https:\/\/yeezy.xianzhi.org\/index.php?rest_route=%2Fwp%2Fv2%2Fproduct_tag&post=22795"}],"curies":[{"name":"wp","href":"https:\/\/api.w.org\/{rel}","templated":true}]}}