{"id":22794,"date":"2025-07-15T01:41:29","date_gmt":"2025-07-14T17:41:29","guid":{"rendered":"https:\/\/yeezy.xianzhi.org\/?post_type=product&#038;p=22794"},"modified":"2025-07-15T01:47:44","modified_gmt":"2025-07-14T17:47:44","slug":"adidas-yeezy-700-mnvn-blue-tint","status":"publish","type":"product","link":"https:\/\/yeezy.xianzhi.org\/?product=adidas-yeezy-700-mnvn-blue-tint","title":{"rendered":"Adidas Yeezy 700 Mnvn Blue Tint"},"content":{"rendered":"<p><meta charset=\"utf-8\"><meta charset=\"utf-8\"><\/p>\n<p class=\"p1\"><span data-mce-fragment=\"1\">Apr\u00e8s la <\/span><strong><\/strong><b data-mce-fragment=\"1\">. <\/b><strong><\/strong><span data-mce-fragment=\"1\"> et <\/span><strong><\/strong><span data-mce-fragment=\"1\">. Adidas et Kanye West nous proposent un nouveau coloris <\/span><b data-mce-fragment=\"1\">Blue Tint. <br \/><\/b><br \/>La <strong>Yeezy 700 MNVN Blue Tint<\/strong> b\u00e9n\u00e9ficie d&#8217;une base en<span> <strong>synth\u00e9tique<\/strong> <strong>bleu<\/strong> <strong>clair<\/strong> accompagn\u00e9e de l&#8217;imposant branding <strong>700<\/strong> <strong>gris<\/strong> sur le quarter panel. le tout \u00e9tant relev\u00e9 d&#8217;accents <strong>r\u00e9fl\u00e9chissants<\/strong> au niveau du mudguard et du talon ainsi que de superpositions <strong>noires<\/strong>. auxquelles s&#8217;accorde la semelle <strong>BOOST<\/strong>.<\/span><\/p>\n<p><meta charset=\"utf-8\"><\/p>\n<p class=\"p1\"><meta charset=\"utf-8\">Cette version <span class=\"s1\"><b>MNVN<\/b><\/span> de la silhouette chunky Yeezy va sans aucun doute faire parler d&#8217;elle aupr\u00e8s des fans inconditionnels du mod\u00e8le.<\/p>\n<p><strong data-mce-fragment=\"1\">SKU<\/strong><span data-mce-fragment=\"1\"> : GZ0711<\/span><br data-mce-fragment=\"1\"><strong data-mce-fragment=\"1\">Date de sortie <\/strong>: Juillet 2021<br data-mce-fragment=\"1\"><strong data-mce-fragment=\"1\">Colorway <\/strong>: <meta charset=\"utf-8\"><span data-mce-fragment=\"1\">BLUE TINT\/BLACK<\/span><\/p>\n","protected":false},"excerpt":{"rendered":"<p>Apr\u00e8s la . et . Adidas et Kanye West nous proposent un  [&hellip;]<\/p>\n","protected":false},"featured_media":22796,"template":"","meta":[],"product_brand":[],"product_cat":[176,69],"product_tag":[],"class_list":{"0":"post-22794","1":"product","2":"type-product","3":"status-publish","4":"has-post-thumbnail","6":"product_cat-sneakers","7":"product_cat-yeezy-700","9":"first","10":"instock","11":"sale","12":"shipping-taxable","13":"purchasable","14":"product-type-variable"},"_links":{"self":[{"href":"https:\/\/yeezy.xianzhi.org\/index.php?rest_route=\/wp\/v2\/product\/22794","targetHints":{"allow":["GET"]}}],"collection":[{"href":"https:\/\/yeezy.xianzhi.org\/index.php?rest_route=\/wp\/v2\/product"}],"about":[{"href":"https:\/\/yeezy.xianzhi.org\/index.php?rest_route=\/wp\/v2\/types\/product"}],"wp:featuredmedia":[{"embeddable":true,"href":"https:\/\/yeezy.xianzhi.org\/index.php?rest_route=\/wp\/v2\/media\/22796"}],"wp:attachment":[{"href":"https:\/\/yeezy.xianzhi.org\/index.php?rest_route=%2Fwp%2Fv2%2Fmedia&parent=22794"}],"wp:term":[{"taxonomy":"product_brand","embeddable":true,"href":"https:\/\/yeezy.xianzhi.org\/index.php?rest_route=%2Fwp%2Fv2%2Fproduct_brand&post=22794"},{"taxonomy":"product_cat","embeddable":true,"href":"https:\/\/yeezy.xianzhi.org\/index.php?rest_route=%2Fwp%2Fv2%2Fproduct_cat&post=22794"},{"taxonomy":"product_tag","embeddable":true,"href":"https:\/\/yeezy.xianzhi.org\/index.php?rest_route=%2Fwp%2Fv2%2Fproduct_tag&post=22794"}],"curies":[{"name":"wp","href":"https:\/\/api.w.org\/{rel}","templated":true}]}}