{"id":22785,"date":"2025-07-15T01:41:21","date_gmt":"2025-07-14T17:41:21","guid":{"rendered":"https:\/\/yeezy.xianzhi.org\/?post_type=product&#038;p=22785"},"modified":"2025-07-15T01:47:44","modified_gmt":"2025-07-14T17:47:44","slug":"adidas-yeezy-700-v3-kyanite","status":"publish","type":"product","link":"https:\/\/yeezy.xianzhi.org\/?product=adidas-yeezy-700-v3-kyanite","title":{"rendered":"Adidas Yeezy 700 V3 Kyanite"},"content":{"rendered":"<p><b data-stringify-type=\"bold\" data-mce-fragment=\"1\"><\/b>La <strong>Yeezy 700 V3<\/strong> est de retour dans un coloris tr\u00e8s attendu. Celle-ci fait peau neuve avec un colorway inspir\u00e9 de la <strong>Kyanite<\/strong>. une pierre caract\u00e9ris\u00e9e par sa couleur d&#8217;un bleu intense.<br \/><meta charset=\"utf-8\"><\/p>\n<p data-mce-fragment=\"1\">La<span data-mce-fragment=\"1\"> <\/span><strong data-mce-fragment=\"1\">Adidas<\/strong><span data-mce-fragment=\"1\"> <\/span><strong data-mce-fragment=\"1\">Yeezy 700 V3 Kyanite <\/strong><span data-mce-fragment=\"1\">se pare d&#8217;un upper structur\u00e9 autour d&#8217;<\/span>une cage blanche glow in the dark. La touche de couleur est apport\u00e9e au niveau du tissu en<span data-mce-fragment=\"1\"> <\/span><strong data-mce-fragment=\"1\">Primeknit<\/strong>. prenant des accents de bleu. La semelle blanche \u00e9quip\u00e9e de la technologie EVA donne tout le confort au mod\u00e8le.<\/p>\n<p>Avec son coloris \u00e0 <meta charset=\"utf-8\">mi-chemin entre la version  et la version <span data-mce-fragment=\"1\"><\/span> et son aspect <strong>futuriste<\/strong> tant appr\u00e9ci\u00e9. cette Yeezy 700 V3 <meta charset=\"utf-8\"><span data-mce-fragment=\"1\"> est l&#8217;une des sorties Adidas les originales !<\/span><\/p>\n<p><strong>SKU<\/strong> : <meta charset=\"utf-8\"><span data-mce-fragment=\"1\">GY0260<\/span><br \/><strong>Date de sortie<\/strong> : Mars 2021<br \/><strong>Colorway<\/strong> : KYANITE\/<meta charset=\"utf-8\"><span data-mce-fragment=\"1\">KYANITE\/<meta charset=\"utf-8\">KYANITE<\/span><\/p>\n<p><span style=\"margin: 0px auto; border: 2px dotted #000000; position: absolute; z-index: 2147483647; visibility: hidden; left: 213px; width: 0px; top: 97px; height: 0px;\"><\/span><span style=\"z-index: 2147483647; position: absolute; visibility: hidden; left: 198px; width: 50px; top: 82px; height: 20px; font-size: 10px; color: black;\"><\/span><\/p>\n","protected":false},"excerpt":{"rendered":"<p>La Yeezy 700 V3 est de retour dans un coloris tr\u00e8s atte [&hellip;]<\/p>\n","protected":false},"featured_media":22790,"template":"","meta":[],"product_brand":[],"product_cat":[176,69],"product_tag":[],"class_list":{"0":"post-22785","1":"product","2":"type-product","3":"status-publish","4":"has-post-thumbnail","6":"product_cat-sneakers","7":"product_cat-yeezy-700","9":"first","10":"instock","11":"sale","12":"shipping-taxable","13":"purchasable","14":"product-type-variable"},"_links":{"self":[{"href":"https:\/\/yeezy.xianzhi.org\/index.php?rest_route=\/wp\/v2\/product\/22785","targetHints":{"allow":["GET"]}}],"collection":[{"href":"https:\/\/yeezy.xianzhi.org\/index.php?rest_route=\/wp\/v2\/product"}],"about":[{"href":"https:\/\/yeezy.xianzhi.org\/index.php?rest_route=\/wp\/v2\/types\/product"}],"wp:featuredmedia":[{"embeddable":true,"href":"https:\/\/yeezy.xianzhi.org\/index.php?rest_route=\/wp\/v2\/media\/22790"}],"wp:attachment":[{"href":"https:\/\/yeezy.xianzhi.org\/index.php?rest_route=%2Fwp%2Fv2%2Fmedia&parent=22785"}],"wp:term":[{"taxonomy":"product_brand","embeddable":true,"href":"https:\/\/yeezy.xianzhi.org\/index.php?rest_route=%2Fwp%2Fv2%2Fproduct_brand&post=22785"},{"taxonomy":"product_cat","embeddable":true,"href":"https:\/\/yeezy.xianzhi.org\/index.php?rest_route=%2Fwp%2Fv2%2Fproduct_cat&post=22785"},{"taxonomy":"product_tag","embeddable":true,"href":"https:\/\/yeezy.xianzhi.org\/index.php?rest_route=%2Fwp%2Fv2%2Fproduct_tag&post=22785"}],"curies":[{"name":"wp","href":"https:\/\/api.w.org\/{rel}","templated":true}]}}