{"id":22781,"date":"2025-07-15T01:41:18","date_gmt":"2025-07-14T17:41:18","guid":{"rendered":"https:\/\/yeezy.xianzhi.org\/?post_type=product&#038;p=22781"},"modified":"2025-07-15T01:47:44","modified_gmt":"2025-07-14T17:47:44","slug":"adidas-yeezy-700-v3-azael","status":"publish","type":"product","link":"https:\/\/yeezy.xianzhi.org\/?product=adidas-yeezy-700-v3-azael","title":{"rendered":"Adidas Yeezy 700 V3 Azael"},"content":{"rendered":"<div>\n<div>\n<p><b data-stringify-type=\"bold\" data-mce-fragment=\"1\">Sizing<\/b><span data-mce-fragment=\"1\">\u00a0: Ce mod\u00e8le taille petit. prendre une pointure au dessus de votre taille habituelle.<\/span><\/p>\n<p>Apr\u00e8s le succ\u00e8s des deux premi\u00e8res versions. Adidas et Kanye nous d\u00e9voilent la<span>\u00a0<\/span><span>\u00a0<\/span>avec une importante \u00e9volution au niveau du design !<\/p>\n<p>La<span>\u00a0<\/span><strong>Yeezy 700 V3 Azael<\/strong><span>\u00a0<\/span>est compos\u00e9e d&#8217;un upper translucide gris laissant apparaitre les motifs pr\u00e9sents sur les<span>\u00a0<\/span><b>deux premi\u00e8res versions<\/b>. Au-dessus des parties gris\u00e9es. on trouve une cage en plastique blanc cr\u00e8me. celle-ci est<span>\u00a0<\/span><strong>phosphorescente<\/strong>. Tous les empi\u00e8cements autour des lacets sont noirs ce qui vient contraster avec le design plut\u00f4t clair de la paire. Le tout se finalise sur une semelle blanche \u00e9quip\u00e9e de la technologie<span>\u00a0<\/span><strong>adiPRENE\u00a0<\/strong>pour un confort de r\u00eave.<\/p>\n<p>Cette paire de Yeezy V3 est la premi\u00e8re (et surement pas la derni\u00e8re) de cette nouvelle \u00e9dition. Ce coloris<span>\u00a0<\/span><strong>OG<\/strong><span>\u00a0<\/span>est tr\u00e8s attendu par tous les sneakerheads et est disponible sur\u00a0Addict d\u00e8s maintenant !<\/p>\n<p><strong>Date de sortie<\/strong><span>\u00a0<\/span>: D\u00e9cembre 2019<br \/><strong>Colorway<\/strong><span>\u00a0<\/span>: AZAEL<\/p>\n<\/div>\n<\/div>\n<p><span><\/span><span><\/span><\/p>\n","protected":false},"excerpt":{"rendered":"<p>Sizing\u00a0: Ce mod\u00e8le taille petit. prendre une pointure a [&hellip;]<\/p>\n","protected":false},"featured_media":22782,"template":"","meta":[],"product_brand":[],"product_cat":[176,69],"product_tag":[],"class_list":{"0":"post-22781","1":"product","2":"type-product","3":"status-publish","4":"has-post-thumbnail","6":"product_cat-sneakers","7":"product_cat-yeezy-700","9":"first","10":"instock","11":"sale","12":"shipping-taxable","13":"purchasable","14":"product-type-variable"},"_links":{"self":[{"href":"https:\/\/yeezy.xianzhi.org\/index.php?rest_route=\/wp\/v2\/product\/22781","targetHints":{"allow":["GET"]}}],"collection":[{"href":"https:\/\/yeezy.xianzhi.org\/index.php?rest_route=\/wp\/v2\/product"}],"about":[{"href":"https:\/\/yeezy.xianzhi.org\/index.php?rest_route=\/wp\/v2\/types\/product"}],"wp:featuredmedia":[{"embeddable":true,"href":"https:\/\/yeezy.xianzhi.org\/index.php?rest_route=\/wp\/v2\/media\/22782"}],"wp:attachment":[{"href":"https:\/\/yeezy.xianzhi.org\/index.php?rest_route=%2Fwp%2Fv2%2Fmedia&parent=22781"}],"wp:term":[{"taxonomy":"product_brand","embeddable":true,"href":"https:\/\/yeezy.xianzhi.org\/index.php?rest_route=%2Fwp%2Fv2%2Fproduct_brand&post=22781"},{"taxonomy":"product_cat","embeddable":true,"href":"https:\/\/yeezy.xianzhi.org\/index.php?rest_route=%2Fwp%2Fv2%2Fproduct_cat&post=22781"},{"taxonomy":"product_tag","embeddable":true,"href":"https:\/\/yeezy.xianzhi.org\/index.php?rest_route=%2Fwp%2Fv2%2Fproduct_tag&post=22781"}],"curies":[{"name":"wp","href":"https:\/\/api.w.org\/{rel}","templated":true}]}}