{"id":22776,"date":"2025-07-15T01:41:14","date_gmt":"2025-07-14T17:41:14","guid":{"rendered":"https:\/\/yeezy.xianzhi.org\/?post_type=product&#038;p=22776"},"modified":"2025-07-15T01:47:45","modified_gmt":"2025-07-14T17:47:45","slug":"adidas-yeezy-700-v3-alvah","status":"publish","type":"product","link":"https:\/\/yeezy.xianzhi.org\/?product=adidas-yeezy-700-v3-alvah","title":{"rendered":"Adidas Yeezy 700 V3 Alvah"},"content":{"rendered":"<div>\n<div>\n<div>\n<p class=\"p1\" data-mce-fragment=\"1\"><b data-stringify-type=\"bold\" data-mce-fragment=\"1\"><\/b>La<span>\u00a0<\/span><strong>Yeezy Boost 700 V3 Alvah<\/strong><span>\u00a0<\/span>se pare d&#8217;une empeigne noire monochrome. constitu\u00e9e d&#8217;un upper mixant<span>\u00a0<\/span><strong>mesh<\/strong>.<span>\u00a0<\/span><strong>n\u00e9opr\u00e8ne<\/strong><span>\u00a0<\/span>et<span>\u00a0<\/span><strong>Primeknit<\/strong>. On retrouve des z\u00e9brures semi translucides sur les c\u00f4t\u00e9s lat\u00e9raux. reprenant la forme des motifs pr\u00e9sents sur les mod\u00e8les de<span>\u00a0<\/span><span><strong>Yeezy 700 V2<\/strong><\/span>. La base est surmont\u00e9e d&#8217;une cage en TPE fluorescent. soulignant l&#8217;aspect singulier de ce nouveau mod\u00e8le. Le tout repose sur une semelle \u00e9paisse dot\u00e9e de la technologie<span>\u00a0<\/span><strong>adiPRENE<\/strong>.<\/p>\n<p>Cette deuxi\u00e8me \u00e9dition plut\u00f4t sobre arrive pour le plus grand plaisir des admiratifs de la version<span>\u00a0<\/span><strong>AZAEL<\/strong>. laissant peut \u00eatre place \u00e0 d&#8217;autres versions plus color\u00e9es pour le futur.<br \/><strong><\/strong><\/p>\n<p><strong>Couleur<\/strong><span>\u00a0<\/span>: ALVAH\/ALVAH\/ALVAH<\/p>\n<p><strong>Date de sortie<\/strong><span>\u00a0<\/span><span>: F\u00e9vrier 2019<\/span><\/p>\n<\/div>\n<\/div>\n<\/div>\n<p><span><\/span><span><\/span><\/p>\n","protected":false},"excerpt":{"rendered":"<p>La\u00a0Yeezy Boost 700 V3 Alvah\u00a0se pare d&#8217;une empeign [&hellip;]<\/p>\n","protected":false},"featured_media":22779,"template":"","meta":[],"product_brand":[],"product_cat":[176,69],"product_tag":[],"class_list":{"0":"post-22776","1":"product","2":"type-product","3":"status-publish","4":"has-post-thumbnail","6":"product_cat-sneakers","7":"product_cat-yeezy-700","9":"first","10":"instock","11":"sale","12":"shipping-taxable","13":"purchasable","14":"product-type-variable"},"_links":{"self":[{"href":"https:\/\/yeezy.xianzhi.org\/index.php?rest_route=\/wp\/v2\/product\/22776","targetHints":{"allow":["GET"]}}],"collection":[{"href":"https:\/\/yeezy.xianzhi.org\/index.php?rest_route=\/wp\/v2\/product"}],"about":[{"href":"https:\/\/yeezy.xianzhi.org\/index.php?rest_route=\/wp\/v2\/types\/product"}],"wp:featuredmedia":[{"embeddable":true,"href":"https:\/\/yeezy.xianzhi.org\/index.php?rest_route=\/wp\/v2\/media\/22779"}],"wp:attachment":[{"href":"https:\/\/yeezy.xianzhi.org\/index.php?rest_route=%2Fwp%2Fv2%2Fmedia&parent=22776"}],"wp:term":[{"taxonomy":"product_brand","embeddable":true,"href":"https:\/\/yeezy.xianzhi.org\/index.php?rest_route=%2Fwp%2Fv2%2Fproduct_brand&post=22776"},{"taxonomy":"product_cat","embeddable":true,"href":"https:\/\/yeezy.xianzhi.org\/index.php?rest_route=%2Fwp%2Fv2%2Fproduct_cat&post=22776"},{"taxonomy":"product_tag","embeddable":true,"href":"https:\/\/yeezy.xianzhi.org\/index.php?rest_route=%2Fwp%2Fv2%2Fproduct_tag&post=22776"}],"curies":[{"name":"wp","href":"https:\/\/api.w.org\/{rel}","templated":true}]}}