{"id":22775,"date":"2025-07-15T01:41:13","date_gmt":"2025-07-14T17:41:13","guid":{"rendered":"https:\/\/yeezy.xianzhi.org\/?post_type=product&#038;p=22775"},"modified":"2025-07-15T01:47:45","modified_gmt":"2025-07-14T17:47:45","slug":"adidas-yeezy-700-v3-safflower","status":"publish","type":"product","link":"https:\/\/yeezy.xianzhi.org\/?product=adidas-yeezy-700-v3-safflower","title":{"rendered":"Adidas Yeezy 700 V3 Safflower"},"content":{"rendered":"<div>\n<div>\n<div>\n<div>\n<p class=\"p1\" data-mce-fragment=\"1\"><b data-stringify-type=\"bold\" data-mce-fragment=\"1\">Sizing<\/b><span data-mce-fragment=\"1\">\u00a0: Ce mod\u00e8le taille petit. prendre une pointure au dessus de votre taille habituelle.<\/span><\/p>\n<p class=\"p1\" data-mce-fragment=\"1\">Reconnaissable au premier coup d&#8217;oeil grace \u00e0 sa<span>\u00a0<\/span><strong>shape futuriste<\/strong>. la Yeezy 700 V3 adopte des teintes jaune orang\u00e9 de saison. proches de celles du safran dont elle tient son nom.<\/p>\n<p class=\"p1\" data-mce-fragment=\"1\">La<span>\u00a0<\/span><strong>Adidas Yeezy 700 V3 Safflower<\/strong><span>\u00a0<\/span>affiche la construction habituelle du mod\u00e8le. compos\u00e9e de mat\u00e9riaux vari\u00e9s. La cage caract\u00e9ristique des 700 V3 en<span>\u00a0<\/span><strong>TPU<\/strong>\u00a0glow in the dark blanc cass\u00e9 laisse apparaitre des empi\u00e8cements en<span>\u00a0<\/span><strong>Primeknit<\/strong><span>\u00a0<\/span>jaune orang\u00e9. Un empi\u00e8cement sur la toebox et une semelle qui tire sur le beige s&#8217;associent parfaitement \u00e0 la base pour un design tout en nuance. On y retrouve enfin une languette noire en<span>\u00a0<\/span><strong>n\u00e9opr\u00e8ne<\/strong><span>\u00a0<\/span>accord\u00e9e aux lacets. qui se d\u00e9marquent du reste de l&#8217;empeigne et cr\u00e9ent du contraste.<\/p>\n<p class=\"p1\" data-mce-fragment=\"1\">Apr\u00e8s deux premi\u00e8res it\u00e9rations plut\u00f4t sobres. la marque aux trois bandes exp\u00e9rimente des coloris plus audacieux. \u00e0 l&#8217;instar de la<span>\u00a0<\/span><span><strong>Yeezy 700 V3 Arzareth.<\/strong><\/span><\/p>\n<p class=\"p1\" data-mce-fragment=\"1\">\u00a0<\/p>\n<p class=\"p1\" data-mce-fragment=\"1\"><strong>Date de sortie :<\/strong><span>\u00a0<\/span>Novembre<br \/><strong>Colorway :<\/strong><span>\u00a0<\/span>SAFFLOWER\/SAFFLOWER\/SAFFLOWER<\/p>\n<\/div>\n<\/div>\n<\/div>\n<\/div>\n<p><span><\/span><span><\/span><\/p>\n","protected":false},"excerpt":{"rendered":"<p>Sizing\u00a0: Ce mod\u00e8le taille petit. prendre une pointure a [&hellip;]<\/p>\n","protected":false},"featured_media":22777,"template":"","meta":[],"product_brand":[],"product_cat":[176,69],"product_tag":[],"class_list":{"0":"post-22775","1":"product","2":"type-product","3":"status-publish","4":"has-post-thumbnail","6":"product_cat-sneakers","7":"product_cat-yeezy-700","9":"first","10":"instock","11":"sale","12":"shipping-taxable","13":"purchasable","14":"product-type-variable"},"_links":{"self":[{"href":"https:\/\/yeezy.xianzhi.org\/index.php?rest_route=\/wp\/v2\/product\/22775","targetHints":{"allow":["GET"]}}],"collection":[{"href":"https:\/\/yeezy.xianzhi.org\/index.php?rest_route=\/wp\/v2\/product"}],"about":[{"href":"https:\/\/yeezy.xianzhi.org\/index.php?rest_route=\/wp\/v2\/types\/product"}],"wp:featuredmedia":[{"embeddable":true,"href":"https:\/\/yeezy.xianzhi.org\/index.php?rest_route=\/wp\/v2\/media\/22777"}],"wp:attachment":[{"href":"https:\/\/yeezy.xianzhi.org\/index.php?rest_route=%2Fwp%2Fv2%2Fmedia&parent=22775"}],"wp:term":[{"taxonomy":"product_brand","embeddable":true,"href":"https:\/\/yeezy.xianzhi.org\/index.php?rest_route=%2Fwp%2Fv2%2Fproduct_brand&post=22775"},{"taxonomy":"product_cat","embeddable":true,"href":"https:\/\/yeezy.xianzhi.org\/index.php?rest_route=%2Fwp%2Fv2%2Fproduct_cat&post=22775"},{"taxonomy":"product_tag","embeddable":true,"href":"https:\/\/yeezy.xianzhi.org\/index.php?rest_route=%2Fwp%2Fv2%2Fproduct_tag&post=22775"}],"curies":[{"name":"wp","href":"https:\/\/api.w.org\/{rel}","templated":true}]}}