{"id":22767,"date":"2025-07-15T01:41:07","date_gmt":"2025-07-14T17:41:07","guid":{"rendered":"https:\/\/yeezy.xianzhi.org\/?post_type=product&#038;p=22767"},"modified":"2025-07-15T01:47:45","modified_gmt":"2025-07-14T17:47:45","slug":"adidas-yeezy-700-v3-dark-glow","status":"publish","type":"product","link":"https:\/\/yeezy.xianzhi.org\/?product=adidas-yeezy-700-v3-dark-glow","title":{"rendered":"Adidas Yeezy 700 V3 Dark Glow"},"content":{"rendered":"<p><b data-mce-fragment=\"1\" data-stringify-type=\"bold\"><\/b>Bien d\u00e9cid\u00e9 \u00e0 peaufiner les derniers d\u00e9tails de l&#8217;un de ses albums les plus attendus. le rappeur de <strong>Chicago<\/strong> d\u00e9voile une nouvelle  avec un effet glow in the dark.<\/p>\n<p>La <strong>Adidas Yeezy 700 V3 Dark Glow<\/strong> affiche une base en <strong>Primeknit<\/strong> noir. qui se d\u00e9marque par un aspect <strong>glow in the dark<\/strong> avec des nuances de bleu sur l&#8217;empeigne. On note la pr\u00e9sence de z\u00e9brures semi translucides sur les c\u00f4t\u00e9s lat\u00e9raux. Le tout repose sur une semelle \u00e9paisse dot\u00e9e de la technologie <strong data-mce-fragment=\"1\">adiPRENE.<\/strong><\/p>\n<p>Apr\u00e8s le succ\u00e8s des \u00e9ditions  et . Adidas et Kanye se tournent vers des nuances de couleurs plus ternes qui ne sont pas sans rappeler la <strong>Yeezy 700 V3 Alvah<\/strong> !<\/p>\n<p><strong>SKU<\/strong> : GX6144<br \/><strong>Date de sortie<\/strong> : Ao\u00fbt 2021<br \/><strong>Colorway<\/strong> : DARK GLOW\/DARK GLOW\/DARK GLOW<\/p>\n","protected":false},"excerpt":{"rendered":"<p>Bien d\u00e9cid\u00e9 \u00e0 peaufiner les derniers d\u00e9tails de l&#038;#8217 [&hellip;]<\/p>\n","protected":false},"featured_media":22771,"template":"","meta":[],"product_brand":[],"product_cat":[176,69],"product_tag":[],"class_list":{"0":"post-22767","1":"product","2":"type-product","3":"status-publish","4":"has-post-thumbnail","6":"product_cat-sneakers","7":"product_cat-yeezy-700","9":"first","10":"instock","11":"sale","12":"shipping-taxable","13":"purchasable","14":"product-type-variable"},"_links":{"self":[{"href":"https:\/\/yeezy.xianzhi.org\/index.php?rest_route=\/wp\/v2\/product\/22767","targetHints":{"allow":["GET"]}}],"collection":[{"href":"https:\/\/yeezy.xianzhi.org\/index.php?rest_route=\/wp\/v2\/product"}],"about":[{"href":"https:\/\/yeezy.xianzhi.org\/index.php?rest_route=\/wp\/v2\/types\/product"}],"wp:featuredmedia":[{"embeddable":true,"href":"https:\/\/yeezy.xianzhi.org\/index.php?rest_route=\/wp\/v2\/media\/22771"}],"wp:attachment":[{"href":"https:\/\/yeezy.xianzhi.org\/index.php?rest_route=%2Fwp%2Fv2%2Fmedia&parent=22767"}],"wp:term":[{"taxonomy":"product_brand","embeddable":true,"href":"https:\/\/yeezy.xianzhi.org\/index.php?rest_route=%2Fwp%2Fv2%2Fproduct_brand&post=22767"},{"taxonomy":"product_cat","embeddable":true,"href":"https:\/\/yeezy.xianzhi.org\/index.php?rest_route=%2Fwp%2Fv2%2Fproduct_cat&post=22767"},{"taxonomy":"product_tag","embeddable":true,"href":"https:\/\/yeezy.xianzhi.org\/index.php?rest_route=%2Fwp%2Fv2%2Fproduct_tag&post=22767"}],"curies":[{"name":"wp","href":"https:\/\/api.w.org\/{rel}","templated":true}]}}