{"id":22760,"date":"2025-07-15T01:41:01","date_gmt":"2025-07-14T17:41:01","guid":{"rendered":"https:\/\/yeezy.xianzhi.org\/?post_type=product&#038;p=22760"},"modified":"2025-07-15T01:47:45","modified_gmt":"2025-07-14T17:47:45","slug":"adidas-yeezy-700-v2-mauve","status":"publish","type":"product","link":"https:\/\/yeezy.xianzhi.org\/?product=adidas-yeezy-700-v2-mauve","title":{"rendered":"Adidas Yeezy 700 V2 Mauve"},"content":{"rendered":"<p><b data-stringify-type=\"bold\" data-mce-fragment=\"1\"><\/b>D\u00e9voil\u00e9e en avant premi\u00e8re en juillet. Kanye West pr\u00e9sente une nouvelle <span style=\"text-decoration: underline;\"><strong><\/strong><\/span> qui s&#8217;inscrit dans la lign\u00e9e des pr\u00e9c\u00e9dentes versions &#8220;<strong>Tephra<\/strong>&#8221; et &#8220;<strong>Geode<\/strong>&#8220;.<\/p>\n<p>La<strong> Yeezy 700 V2 Mauve<\/strong> affiche des couleurs naturels et terrestres avec diff\u00e9rentes nuances de marron. L&#8217;empeigne arbore une superposition de daim et de mesh aux <strong>tons automnaux<\/strong>. On remarque aussi des <strong>empi\u00e8cements r\u00e9fl\u00e9chissants<\/strong> sur l&#8217;upper et le talon. ainsi que les lacets. Sans oublier l&#8217;iconique semelle Boost. en mauve cette fois-ci.<\/p>\n<p>\u00c0 la fois audacieuse et sophistiqu\u00e9e. cette nouvelle d\u00e9clinaison s\u00e9duit d\u00e9j\u00e0 et promet un nouveau hit pour le rappeur et la marque aux trois bandes.<span class=\"Apple-converted-space\"> <\/span><\/p>\n<p><strong>SKU :<\/strong> <span data-mce-fragment=\"1\">GZ0724<br \/><\/span><span data-mce-fragment=\"1\"><strong>Date de sortie :<\/strong> Septembre 2021<br \/><\/span><span data-mce-fragment=\"1\"><strong>Colorway :<\/strong> MAUVE\/MAUVE\/MAUVE <\/span><\/p>\n","protected":false},"excerpt":{"rendered":"<p>D\u00e9voil\u00e9e en avant premi\u00e8re en juillet. Kanye West pr\u00e9se [&hellip;]<\/p>\n","protected":false},"featured_media":22761,"template":"","meta":[],"product_brand":[],"product_cat":[176,69],"product_tag":[],"class_list":{"0":"post-22760","1":"product","2":"type-product","3":"status-publish","4":"has-post-thumbnail","6":"product_cat-sneakers","7":"product_cat-yeezy-700","9":"first","10":"instock","11":"sale","12":"shipping-taxable","13":"purchasable","14":"product-type-variable"},"_links":{"self":[{"href":"https:\/\/yeezy.xianzhi.org\/index.php?rest_route=\/wp\/v2\/product\/22760","targetHints":{"allow":["GET"]}}],"collection":[{"href":"https:\/\/yeezy.xianzhi.org\/index.php?rest_route=\/wp\/v2\/product"}],"about":[{"href":"https:\/\/yeezy.xianzhi.org\/index.php?rest_route=\/wp\/v2\/types\/product"}],"wp:featuredmedia":[{"embeddable":true,"href":"https:\/\/yeezy.xianzhi.org\/index.php?rest_route=\/wp\/v2\/media\/22761"}],"wp:attachment":[{"href":"https:\/\/yeezy.xianzhi.org\/index.php?rest_route=%2Fwp%2Fv2%2Fmedia&parent=22760"}],"wp:term":[{"taxonomy":"product_brand","embeddable":true,"href":"https:\/\/yeezy.xianzhi.org\/index.php?rest_route=%2Fwp%2Fv2%2Fproduct_brand&post=22760"},{"taxonomy":"product_cat","embeddable":true,"href":"https:\/\/yeezy.xianzhi.org\/index.php?rest_route=%2Fwp%2Fv2%2Fproduct_cat&post=22760"},{"taxonomy":"product_tag","embeddable":true,"href":"https:\/\/yeezy.xianzhi.org\/index.php?rest_route=%2Fwp%2Fv2%2Fproduct_tag&post=22760"}],"curies":[{"name":"wp","href":"https:\/\/api.w.org\/{rel}","templated":true}]}}