{"id":22751,"date":"2025-07-15T01:40:54","date_gmt":"2025-07-14T17:40:54","guid":{"rendered":"https:\/\/yeezy.xianzhi.org\/?post_type=product&#038;p=22751"},"modified":"2025-07-15T01:47:45","modified_gmt":"2025-07-14T17:47:45","slug":"adidas-yeezy-700-bright-blue","status":"publish","type":"product","link":"https:\/\/yeezy.xianzhi.org\/?product=adidas-yeezy-700-bright-blue","title":{"rendered":"Adidas Yeezy 700 Bright Blue"},"content":{"rendered":"<div>\n<div>\n<div>\n<div>\n<div>\n<div>\n<div>\n<p>La<span>\u00a0<\/span><strong>Adidas Yeezy Boost 700 Bright Blue<\/strong><span>\u00a0<\/span>affiche une base m\u00e9langeant cuir<span>\u00a0<\/span><strong>su\u00e9d\u00e9<\/strong><span>\u00a0<\/span>et maille<span>\u00a0<\/span><strong>synth\u00e9tique<\/strong><span>\u00a0<\/span>reprenant un bleu<span>\u00a0<\/span><strong>\u00e9lectrique<\/strong>. On y retrouve plusieurs superpositions noires apportant un contraste \u00e0 l&#8217;ensemble. Une midsole orange \u00e9quip\u00e9e de la technologie<span>\u00a0<\/span><strong>Boost<\/strong><span>\u00a0<\/span>vient compl\u00e9ter cette it\u00e9ration haute en couleur !<\/p>\n<p><span data-mce-fragment=\"1\"><br \/><strong>Couleur<\/strong>\u00a0: BRIGHT BLUE\/ORANGE<\/span><\/p>\n<p><strong>Date de sortie<\/strong>\u00a0: Avril 2021<\/p>\n<\/div>\n<\/div>\n<\/div>\n<\/div>\n<\/div>\n<\/div>\n<\/div>\n<p><span><\/span><span><\/span><\/p>\n","protected":false},"excerpt":{"rendered":"<p>La\u00a0Adidas Yeezy Boost 700 Bright Blue\u00a0affiche une base  [&hellip;]<\/p>\n","protected":false},"featured_media":22757,"template":"","meta":[],"product_brand":[],"product_cat":[176,69],"product_tag":[],"class_list":{"0":"post-22751","1":"product","2":"type-product","3":"status-publish","4":"has-post-thumbnail","6":"product_cat-sneakers","7":"product_cat-yeezy-700","9":"first","10":"instock","11":"sale","12":"shipping-taxable","13":"purchasable","14":"product-type-variable"},"_links":{"self":[{"href":"https:\/\/yeezy.xianzhi.org\/index.php?rest_route=\/wp\/v2\/product\/22751","targetHints":{"allow":["GET"]}}],"collection":[{"href":"https:\/\/yeezy.xianzhi.org\/index.php?rest_route=\/wp\/v2\/product"}],"about":[{"href":"https:\/\/yeezy.xianzhi.org\/index.php?rest_route=\/wp\/v2\/types\/product"}],"wp:featuredmedia":[{"embeddable":true,"href":"https:\/\/yeezy.xianzhi.org\/index.php?rest_route=\/wp\/v2\/media\/22757"}],"wp:attachment":[{"href":"https:\/\/yeezy.xianzhi.org\/index.php?rest_route=%2Fwp%2Fv2%2Fmedia&parent=22751"}],"wp:term":[{"taxonomy":"product_brand","embeddable":true,"href":"https:\/\/yeezy.xianzhi.org\/index.php?rest_route=%2Fwp%2Fv2%2Fproduct_brand&post=22751"},{"taxonomy":"product_cat","embeddable":true,"href":"https:\/\/yeezy.xianzhi.org\/index.php?rest_route=%2Fwp%2Fv2%2Fproduct_cat&post=22751"},{"taxonomy":"product_tag","embeddable":true,"href":"https:\/\/yeezy.xianzhi.org\/index.php?rest_route=%2Fwp%2Fv2%2Fproduct_tag&post=22751"}],"curies":[{"name":"wp","href":"https:\/\/api.w.org\/{rel}","templated":true}]}}