{"id":22733,"date":"2025-07-15T01:40:40","date_gmt":"2025-07-14T17:40:40","guid":{"rendered":"https:\/\/yeezy.xianzhi.org\/?post_type=product&#038;p=22733"},"modified":"2025-07-15T01:47:46","modified_gmt":"2025-07-14T17:47:46","slug":"adidas-yeezy-700-salt","status":"publish","type":"product","link":"https:\/\/yeezy.xianzhi.org\/?product=adidas-yeezy-700-salt","title":{"rendered":"Adidas Yeezy 700 Salt"},"content":{"rendered":"<p><strong><\/strong><meta charset=\"utf-8\"><b data-stringify-type=\"bold\" data-mce-fragment=\"1\"><\/b>La <strong>Yeezy<\/strong> <strong>700<\/strong> <strong>Salt<\/strong> est la toute nouvelle \u00e9dition de la Yeezy 700. Mod\u00e8le extr\u00eamement populaire issu de la collaboration entre Adidas et Kanye West. cette silhouette fait partie des paires de sneakers qui s&#8217;inscrivent dans la tendance &#8220;Dad-Shoe&#8221;.<\/p>\n<p>Reprenant le coloris pr\u00e9c\u00e9demment utilis\u00e9 sur la . en plus clair tout de m\u00eame. cette version in\u00e9dite de la 700 s&#8217;habille d&#8217;un upper monochrome. m\u00e9langeant du mesh. du synth\u00e9tique et une finition en cuir su\u00e8de. L&#8217;ensemble adopte des tons blancs cass\u00e9s et gris. La paire vient se poser sur la semelle \u00e9paisse blanche \u00e9quip\u00e9 de la technologie boost. Enfin une outsole en caoutchouc dans un gris plus fonc\u00e9 vient souligner le <strong>design avant-gardiste<\/strong> de ce mod\u00e8le !<\/p>\n<p>Troisi\u00e8me d\u00e9clinaison du mod\u00e8le pl\u00e9biscit\u00e9 de la Yeezy 700. cette paire intitul\u00e9e Salt pour son coloris sobre fera sensation chez les fans de Yeezus et plus globalement chez tous les amateurs de sneakers !<\/p>\n<p><strong>SKU :<\/strong> EG7487<br \/><strong>Date de sortie :<\/strong> F\u00e9vrier 2019<br \/><strong>Colorway :<\/strong> SALT\/SALT\/SALT<\/p>\n","protected":false},"excerpt":{"rendered":"<p>La Yeezy 700 Salt est la toute nouvelle \u00e9dition de la Y [&hellip;]<\/p>\n","protected":false},"featured_media":22736,"template":"","meta":[],"product_brand":[],"product_cat":[176,69],"product_tag":[],"class_list":{"0":"post-22733","1":"product","2":"type-product","3":"status-publish","4":"has-post-thumbnail","6":"product_cat-sneakers","7":"product_cat-yeezy-700","9":"first","10":"instock","11":"sale","12":"shipping-taxable","13":"purchasable","14":"product-type-variable"},"_links":{"self":[{"href":"https:\/\/yeezy.xianzhi.org\/index.php?rest_route=\/wp\/v2\/product\/22733","targetHints":{"allow":["GET"]}}],"collection":[{"href":"https:\/\/yeezy.xianzhi.org\/index.php?rest_route=\/wp\/v2\/product"}],"about":[{"href":"https:\/\/yeezy.xianzhi.org\/index.php?rest_route=\/wp\/v2\/types\/product"}],"wp:featuredmedia":[{"embeddable":true,"href":"https:\/\/yeezy.xianzhi.org\/index.php?rest_route=\/wp\/v2\/media\/22736"}],"wp:attachment":[{"href":"https:\/\/yeezy.xianzhi.org\/index.php?rest_route=%2Fwp%2Fv2%2Fmedia&parent=22733"}],"wp:term":[{"taxonomy":"product_brand","embeddable":true,"href":"https:\/\/yeezy.xianzhi.org\/index.php?rest_route=%2Fwp%2Fv2%2Fproduct_brand&post=22733"},{"taxonomy":"product_cat","embeddable":true,"href":"https:\/\/yeezy.xianzhi.org\/index.php?rest_route=%2Fwp%2Fv2%2Fproduct_cat&post=22733"},{"taxonomy":"product_tag","embeddable":true,"href":"https:\/\/yeezy.xianzhi.org\/index.php?rest_route=%2Fwp%2Fv2%2Fproduct_tag&post=22733"}],"curies":[{"name":"wp","href":"https:\/\/api.w.org\/{rel}","templated":true}]}}