{"id":22732,"date":"2025-07-15T01:40:39","date_gmt":"2025-07-14T17:40:39","guid":{"rendered":"https:\/\/yeezy.xianzhi.org\/?post_type=product&#038;p=22732"},"modified":"2025-07-15T01:47:46","modified_gmt":"2025-07-14T17:47:46","slug":"adidas-yeezy-700-v3-fade-carbon","status":"publish","type":"product","link":"https:\/\/yeezy.xianzhi.org\/?product=adidas-yeezy-700-v3-fade-carbon","title":{"rendered":"Adidas Yeezy 700 V3 Fade Carbon"},"content":{"rendered":"<p>Mod\u00e8le futuriste imagin\u00e9 par <strong>Kanye West<\/strong>. la\u00a0??silhouette avant-gardiste\u00a0ne laisse personne indiff\u00e9rent. Elle est de retour dans un coloris audacieux !\u00a0<\/p>\n<p>La <strong>Adidas Yeezy 700 V3 Fade Carbon<\/strong> s&#8217;affiche dans une teinte d\u00e9grad\u00e9e. La cage en <strong>TPU<\/strong> ainsi que le upper en <strong>Primeknit<\/strong> vont du <strong>bleu<\/strong> au <strong>rose<\/strong>\u00a0tandis que la semelle arbore un l\u00e9ger blanc cass\u00e9 nuanc\u00e9e de rose au niveau du talon.\u00a0<\/p>\n<p>A l&#8217;image de la \u00a0et ses nuances de cuivre. cette nouvelle it\u00e9ration de la \u00a0conviendra parfaitement \u00e0 ceux qui aiment oser.\u00a0<\/p>\n<p><strong>SKU<\/strong> :\u00a0GW1814<br \/><strong>Date de sortie<\/strong> : Mai 2022<br \/><strong>Colorway<\/strong> :\u00a0FADCAR\/FADCAR\/FADCAR<\/p>\n","protected":false},"excerpt":{"rendered":"<p>Mod\u00e8le futuriste imagin\u00e9 par Kanye West. la\u00a0??silhouett [&hellip;]<\/p>\n","protected":false},"featured_media":22734,"template":"","meta":[],"product_brand":[],"product_cat":[176,69],"product_tag":[],"class_list":{"0":"post-22732","1":"product","2":"type-product","3":"status-publish","4":"has-post-thumbnail","6":"product_cat-sneakers","7":"product_cat-yeezy-700","9":"first","10":"instock","11":"sale","12":"shipping-taxable","13":"purchasable","14":"product-type-variable"},"_links":{"self":[{"href":"https:\/\/yeezy.xianzhi.org\/index.php?rest_route=\/wp\/v2\/product\/22732","targetHints":{"allow":["GET"]}}],"collection":[{"href":"https:\/\/yeezy.xianzhi.org\/index.php?rest_route=\/wp\/v2\/product"}],"about":[{"href":"https:\/\/yeezy.xianzhi.org\/index.php?rest_route=\/wp\/v2\/types\/product"}],"wp:featuredmedia":[{"embeddable":true,"href":"https:\/\/yeezy.xianzhi.org\/index.php?rest_route=\/wp\/v2\/media\/22734"}],"wp:attachment":[{"href":"https:\/\/yeezy.xianzhi.org\/index.php?rest_route=%2Fwp%2Fv2%2Fmedia&parent=22732"}],"wp:term":[{"taxonomy":"product_brand","embeddable":true,"href":"https:\/\/yeezy.xianzhi.org\/index.php?rest_route=%2Fwp%2Fv2%2Fproduct_brand&post=22732"},{"taxonomy":"product_cat","embeddable":true,"href":"https:\/\/yeezy.xianzhi.org\/index.php?rest_route=%2Fwp%2Fv2%2Fproduct_cat&post=22732"},{"taxonomy":"product_tag","embeddable":true,"href":"https:\/\/yeezy.xianzhi.org\/index.php?rest_route=%2Fwp%2Fv2%2Fproduct_tag&post=22732"}],"curies":[{"name":"wp","href":"https:\/\/api.w.org\/{rel}","templated":true}]}}