{"id":22726,"date":"2025-07-15T01:37:57","date_gmt":"2025-07-14T17:37:57","guid":{"rendered":"https:\/\/yeezy.xianzhi.org\/?post_type=product&#038;p=22726"},"modified":"2025-07-15T01:39:09","modified_gmt":"2025-07-14T17:39:09","slug":"adidas-yeezy-500-ash-grey","status":"publish","type":"product","link":"https:\/\/yeezy.xianzhi.org\/?product=adidas-yeezy-500-ash-grey","title":{"rendered":"Adidas Yeezy 500 Ash Grey"},"content":{"rendered":"<p><meta charset=\"utf-8\">Apr\u00e8s avoir exp\u00e9rimenter sur plusieurs nouvelles silhouettes. Kanye West remet la <strong>Yeezy 500<\/strong> sur le devant de la sc\u00e8ne. <strong><\/p>\n<p><\/strong>La<strong> Adidas Yeezy 500 Ash Grey<\/strong> pr\u00e9sente l&#8217;habituelle base en su\u00e8de et mesh. C\u00f4t\u00e9 coloris. un gris taupe de saison compose toute l&#8217;empeigne et la semelle. pour une finition tout en sobri\u00e9t\u00e9.<strong><\/p>\n<p><\/strong>Proche de la. cette it\u00e9ration elle la bienvenue pour la saison !<strong><\/p>\n<p>SKU :<\/strong> <meta charset=\"utf-8\"><span data-mce-fragment=\"1\">GX3607<\/span><br \/><strong>Date de sortie :<\/strong> D\u00e9cembre 2021<br \/><strong>Colorway :<\/strong> <meta charset=\"utf-8\"><span data-mce-fragment=\"1\">ASH GREY\/ASH GREY\/ASH GREY<\/span><\/p>\n","protected":false},"excerpt":{"rendered":"<p>Apr\u00e8s avoir exp\u00e9rimenter sur plusieurs nouvelles silhou [&hellip;]<\/p>\n","protected":false},"featured_media":22727,"template":"","meta":[],"product_brand":[],"product_cat":[176,61],"product_tag":[],"class_list":{"0":"post-22726","1":"product","2":"type-product","3":"status-publish","4":"has-post-thumbnail","6":"product_cat-sneakers","7":"product_cat-yeezy-500","9":"first","10":"instock","11":"sale","12":"shipping-taxable","13":"purchasable","14":"product-type-variable"},"_links":{"self":[{"href":"https:\/\/yeezy.xianzhi.org\/index.php?rest_route=\/wp\/v2\/product\/22726","targetHints":{"allow":["GET"]}}],"collection":[{"href":"https:\/\/yeezy.xianzhi.org\/index.php?rest_route=\/wp\/v2\/product"}],"about":[{"href":"https:\/\/yeezy.xianzhi.org\/index.php?rest_route=\/wp\/v2\/types\/product"}],"wp:featuredmedia":[{"embeddable":true,"href":"https:\/\/yeezy.xianzhi.org\/index.php?rest_route=\/wp\/v2\/media\/22727"}],"wp:attachment":[{"href":"https:\/\/yeezy.xianzhi.org\/index.php?rest_route=%2Fwp%2Fv2%2Fmedia&parent=22726"}],"wp:term":[{"taxonomy":"product_brand","embeddable":true,"href":"https:\/\/yeezy.xianzhi.org\/index.php?rest_route=%2Fwp%2Fv2%2Fproduct_brand&post=22726"},{"taxonomy":"product_cat","embeddable":true,"href":"https:\/\/yeezy.xianzhi.org\/index.php?rest_route=%2Fwp%2Fv2%2Fproduct_cat&post=22726"},{"taxonomy":"product_tag","embeddable":true,"href":"https:\/\/yeezy.xianzhi.org\/index.php?rest_route=%2Fwp%2Fv2%2Fproduct_tag&post=22726"}],"curies":[{"name":"wp","href":"https:\/\/api.w.org\/{rel}","templated":true}]}}