{"id":22717,"date":"2025-07-15T01:37:49","date_gmt":"2025-07-14T17:37:49","guid":{"rendered":"https:\/\/yeezy.xianzhi.org\/?post_type=product&#038;p=22717"},"modified":"2025-07-15T01:38:40","modified_gmt":"2025-07-14T17:38:40","slug":"adidas-yeezy-500-high-mist-stone","status":"publish","type":"product","link":"https:\/\/yeezy.xianzhi.org\/?product=adidas-yeezy-500-high-mist-stone","title":{"rendered":"Adidas Yeezy 500 High Mist Stone"},"content":{"rendered":"<p>D\u00e9voil\u00e9e pour la premi\u00e8re fois par Ye lui m\u00eame lors d&#8217;un passage chez le dentiste. la nouvelle <strong>Yeezy 500 High<\/strong> est enfin disponible.<\/p>\n<p>La <strong>Yeezy 500 High Mist Stone<\/strong> est construite d&#8217;un m\u00e9lange de <strong>neoprene. cuir et daim<\/strong> dans des tons rocheux. comme son nom l&#8217;indique. Cette superposition de mati\u00e8res gris\u00e9es associ\u00e9e au design bulbeux de la paire. donne un effet sophistiqu\u00e9. presque futuriste. L&#8217;habituelle semelle Boost a \u00e9t\u00e9 remplac\u00e9e par une complexe <strong>semelle interm\u00e9diaire adiPRENE<\/strong> pour un look robuste et imposant.<\/p>\n<p>Cette it\u00e9ration haute de la populaire  capture depuis quelque mois d\u00e9j\u00e0 l&#8217;attention et promet d&#8217;\u00eatre un succ\u00e8s.<\/p>\n<p><meta charset=\"UTF-8\"><strong data-mce-fragment=\"1\">SKU<\/strong><span data-mce-fragment=\"1\"> : GV7775<\/span><br data-mce-fragment=\"1\"><strong data-mce-fragment=\"1\">Date de sortie<\/strong><span data-mce-fragment=\"1\"> : Octobre 2021<\/span><br data-mce-fragment=\"1\"><strong data-mce-fragment=\"1\">Colorway<\/strong><span data-mce-fragment=\"1\"> : MIST STONE<\/span><\/p>\n","protected":false},"excerpt":{"rendered":"<p>D\u00e9voil\u00e9e pour la premi\u00e8re fois par Ye lui m\u00eame lors d&#038;# [&hellip;]<\/p>\n","protected":false},"featured_media":22722,"template":"","meta":[],"product_brand":[],"product_cat":[176,61],"product_tag":[],"class_list":{"0":"post-22717","1":"product","2":"type-product","3":"status-publish","4":"has-post-thumbnail","6":"product_cat-sneakers","7":"product_cat-yeezy-500","9":"first","10":"instock","11":"sale","12":"shipping-taxable","13":"purchasable","14":"product-type-variable"},"_links":{"self":[{"href":"https:\/\/yeezy.xianzhi.org\/index.php?rest_route=\/wp\/v2\/product\/22717","targetHints":{"allow":["GET"]}}],"collection":[{"href":"https:\/\/yeezy.xianzhi.org\/index.php?rest_route=\/wp\/v2\/product"}],"about":[{"href":"https:\/\/yeezy.xianzhi.org\/index.php?rest_route=\/wp\/v2\/types\/product"}],"wp:featuredmedia":[{"embeddable":true,"href":"https:\/\/yeezy.xianzhi.org\/index.php?rest_route=\/wp\/v2\/media\/22722"}],"wp:attachment":[{"href":"https:\/\/yeezy.xianzhi.org\/index.php?rest_route=%2Fwp%2Fv2%2Fmedia&parent=22717"}],"wp:term":[{"taxonomy":"product_brand","embeddable":true,"href":"https:\/\/yeezy.xianzhi.org\/index.php?rest_route=%2Fwp%2Fv2%2Fproduct_brand&post=22717"},{"taxonomy":"product_cat","embeddable":true,"href":"https:\/\/yeezy.xianzhi.org\/index.php?rest_route=%2Fwp%2Fv2%2Fproduct_cat&post=22717"},{"taxonomy":"product_tag","embeddable":true,"href":"https:\/\/yeezy.xianzhi.org\/index.php?rest_route=%2Fwp%2Fv2%2Fproduct_tag&post=22717"}],"curies":[{"name":"wp","href":"https:\/\/api.w.org\/{rel}","templated":true}]}}