{"id":22699,"date":"2025-07-15T01:37:34","date_gmt":"2025-07-14T17:37:34","guid":{"rendered":"https:\/\/yeezy.xianzhi.org\/?post_type=product&#038;p=22699"},"modified":"2025-07-15T01:38:41","modified_gmt":"2025-07-14T17:38:41","slug":"adidas-yeezy-500-high-tactile-orange","status":"publish","type":"product","link":"https:\/\/yeezy.xianzhi.org\/?product=adidas-yeezy-500-high-tactile-orange","title":{"rendered":"Adidas Yeezy 500 High Tactile Orange"},"content":{"rendered":"<p class=\"p1\"><strong>Kanye West<\/strong> s&#8217;est pris d&#8217;amour pour le orange. Apr\u00e8s la <span class=\"s1\"><strong><\/strong>. c&#8217;est au tour de la silhouette <strong>Yeezy 500 High<\/strong> d&#8217;arborer ce coloris <\/span>au sein de la collection YZY printemps \u00e9t\u00e9 2021.<\/p>\n<p class=\"p1\">La <strong>Adidas Yeezy 500 High Tactile Orange<\/strong> arbore un upper marron avec des <strong>superpositions<\/strong> bleu marine et reprend les codes de la dad shoe ainsi que les attributs du mod\u00e8le dont elle est inspir\u00e9e. On retrouve sur cette nouvelle cr\u00e9ation. u<span data-mce-fragment=\"1\">ne imposante outsole <\/span><strong data-mce-fragment=\"1\">orange<\/strong><span data-mce-fragment=\"1\"> \u00e9quip\u00e9e de la technologie <\/span><strong data-mce-fragment=\"1\">adiPRENE<\/strong><span data-mce-fragment=\"1\"> qui vient parachever la nouvelle cr\u00e9ation du rappeur de Chicago.<\/span><\/p>\n<p class=\"p1\"><meta charset=\"utf-8\"><span>Coloris original. silhouette <\/span><b>montante<\/b><span> et mat\u00e9riaux <\/span><b>premiums<\/b><span> cette nouvelle \u00e9dition tombe \u00e0 pic pour vos balades <\/span><b>printani\u00e8res. <\/b><\/p>\n<p><meta charset=\"utf-8\"><meta charset=\"utf-8\"><meta charset=\"utf-8\"><strong>SKU<\/strong> : GW2873<br \/><strong>Date de sortie<\/strong><span> : Mai 2021<\/span><br \/><strong>Colorway<\/strong><span> : <meta charset=\"utf-8\">BROWN\/NAVY\/TACTILE ORANGE<\/span><span data-mce-fragment=\"1\"><br \/><\/span><\/p>\n","protected":false},"excerpt":{"rendered":"<p>Kanye West s&#8217;est pris d&#8217;amour pour le orang [&hellip;]<\/p>\n","protected":false},"featured_media":22700,"template":"","meta":[],"product_brand":[],"product_cat":[176,61],"product_tag":[],"class_list":{"0":"post-22699","1":"product","2":"type-product","3":"status-publish","4":"has-post-thumbnail","6":"product_cat-sneakers","7":"product_cat-yeezy-500","9":"first","10":"instock","11":"sale","12":"shipping-taxable","13":"purchasable","14":"product-type-variable"},"_links":{"self":[{"href":"https:\/\/yeezy.xianzhi.org\/index.php?rest_route=\/wp\/v2\/product\/22699","targetHints":{"allow":["GET"]}}],"collection":[{"href":"https:\/\/yeezy.xianzhi.org\/index.php?rest_route=\/wp\/v2\/product"}],"about":[{"href":"https:\/\/yeezy.xianzhi.org\/index.php?rest_route=\/wp\/v2\/types\/product"}],"wp:featuredmedia":[{"embeddable":true,"href":"https:\/\/yeezy.xianzhi.org\/index.php?rest_route=\/wp\/v2\/media\/22700"}],"wp:attachment":[{"href":"https:\/\/yeezy.xianzhi.org\/index.php?rest_route=%2Fwp%2Fv2%2Fmedia&parent=22699"}],"wp:term":[{"taxonomy":"product_brand","embeddable":true,"href":"https:\/\/yeezy.xianzhi.org\/index.php?rest_route=%2Fwp%2Fv2%2Fproduct_brand&post=22699"},{"taxonomy":"product_cat","embeddable":true,"href":"https:\/\/yeezy.xianzhi.org\/index.php?rest_route=%2Fwp%2Fv2%2Fproduct_cat&post=22699"},{"taxonomy":"product_tag","embeddable":true,"href":"https:\/\/yeezy.xianzhi.org\/index.php?rest_route=%2Fwp%2Fv2%2Fproduct_tag&post=22699"}],"curies":[{"name":"wp","href":"https:\/\/api.w.org\/{rel}","templated":true}]}}