{"id":22690,"date":"2025-07-15T01:37:26","date_gmt":"2025-07-14T17:37:26","guid":{"rendered":"https:\/\/yeezy.xianzhi.org\/?post_type=product&#038;p=22690"},"modified":"2025-07-15T01:38:41","modified_gmt":"2025-07-14T17:38:41","slug":"adidas-yeezy-500-enflame","status":"publish","type":"product","link":"https:\/\/yeezy.xianzhi.org\/?product=adidas-yeezy-500-enflame","title":{"rendered":"Adidas Yeezy 500 Enflame"},"content":{"rendered":"<p><b data-stringify-type=\"bold\" data-mce-fragment=\"1\"><\/b>La marque au trois bande et <strong>Kanye West<\/strong> l\u00e8ve le voile sur une nouvelle  qui saura sans aucun doute enflammer votre look !<\/p>\n<p>La <strong>Adidas Yeezy 500 Enflame<\/strong> affiche une base m\u00ealant <strong>cuir<\/strong> su\u00e9d\u00e9 et <strong>mesh<\/strong>. avec un jeu de couleur tr\u00e8s int\u00e9ressant. On note un bleu <strong>oc\u00e9an<\/strong> sur le quarter panel et du beige pr\u00e8s de la toebox. Une imposante outsole <strong>orange<\/strong> \u00e9quip\u00e9e de la technologie <strong>adiPRENE<\/strong> vient parachever la nouvelle cr\u00e9ation du rappeur de Chicago.<\/p>\n<p>Cette nouvelle version de la populaire \u00ab <strong>Dad Shoe<\/strong> \u00bb apporte une certaine originalit\u00e9 qui ne manquera pas d&#8217;attirer l&#8217;attention des amateurs de sneakers !<\/p>\n<p><strong>SKU<\/strong> : GZ5541<br \/><strong>Date de sortie<\/strong> : Mai 2021<br \/><strong>Colorway<\/strong> : ENFLAME\/ENFLAME\/ENFLAME<\/p>\n","protected":false},"excerpt":{"rendered":"<p>La marque au trois bande et Kanye West l\u00e8ve le voile su [&hellip;]<\/p>\n","protected":false},"featured_media":22694,"template":"","meta":[],"product_brand":[],"product_cat":[176,61],"product_tag":[],"class_list":{"0":"post-22690","1":"product","2":"type-product","3":"status-publish","4":"has-post-thumbnail","6":"product_cat-sneakers","7":"product_cat-yeezy-500","9":"first","10":"instock","11":"sale","12":"shipping-taxable","13":"purchasable","14":"product-type-variable"},"_links":{"self":[{"href":"https:\/\/yeezy.xianzhi.org\/index.php?rest_route=\/wp\/v2\/product\/22690","targetHints":{"allow":["GET"]}}],"collection":[{"href":"https:\/\/yeezy.xianzhi.org\/index.php?rest_route=\/wp\/v2\/product"}],"about":[{"href":"https:\/\/yeezy.xianzhi.org\/index.php?rest_route=\/wp\/v2\/types\/product"}],"wp:featuredmedia":[{"embeddable":true,"href":"https:\/\/yeezy.xianzhi.org\/index.php?rest_route=\/wp\/v2\/media\/22694"}],"wp:attachment":[{"href":"https:\/\/yeezy.xianzhi.org\/index.php?rest_route=%2Fwp%2Fv2%2Fmedia&parent=22690"}],"wp:term":[{"taxonomy":"product_brand","embeddable":true,"href":"https:\/\/yeezy.xianzhi.org\/index.php?rest_route=%2Fwp%2Fv2%2Fproduct_brand&post=22690"},{"taxonomy":"product_cat","embeddable":true,"href":"https:\/\/yeezy.xianzhi.org\/index.php?rest_route=%2Fwp%2Fv2%2Fproduct_cat&post=22690"},{"taxonomy":"product_tag","embeddable":true,"href":"https:\/\/yeezy.xianzhi.org\/index.php?rest_route=%2Fwp%2Fv2%2Fproduct_tag&post=22690"}],"curies":[{"name":"wp","href":"https:\/\/api.w.org\/{rel}","templated":true}]}}