{"id":22689,"date":"2025-07-15T01:37:26","date_gmt":"2025-07-14T17:37:26","guid":{"rendered":"https:\/\/yeezy.xianzhi.org\/?post_type=product&#038;p=22689"},"modified":"2025-07-15T01:38:41","modified_gmt":"2025-07-14T17:38:41","slug":"adidas-yeezy-500-blush","status":"publish","type":"product","link":"https:\/\/yeezy.xianzhi.org\/?product=adidas-yeezy-500-blush","title":{"rendered":"Adidas Yeezy 500 Blush"},"content":{"rendered":"<p><meta charset=\"utf-8\">Apr\u00e8s le succ\u00e8s de la . Kanye West et Adidas sont de retour avec une nouvelle silhouette : la Yeezy 500 Desert Rat Blush.<\/p>\n<p>La <strong>Yeezy 500 Desert Rat Blush<\/strong> est un savant m\u00e9lange entre \u00e9l\u00e9ments r\u00e9tro. tout droit sorti des archives Adidas. \u00e0 l&#8217;image de la semelle \u00ab Feet You Wear \u00bb en Adiprene et du regard novateur de Kanye West. comme en t\u00e9moigne l&#8217;upper en mesh et en daim beige. directement emprunt\u00e9s \u00e0 la haute couture.<\/p>\n<p>Sortie en exclusivit\u00e9 lors du NBA All Star Week-end en f\u00e9vrier dernier. la Yeezy 500 Desert Rat Blush est disponible aupr\u00e8s du grand public depuis le mois d&#8217;avril. L&#8217;originalit\u00e9 de ce mod\u00e8le en fera un incontournable de l&#8217;\u00e9t\u00e9 !<\/p>\n<p><strong>SKU<\/strong> : DB2908 <br \/><strong>Date de sortie<\/strong> : Avril 2018 <br \/><strong>Colorway<\/strong> : BLUSH\/BLUSH\/BLUSH<\/p>\n","protected":false},"excerpt":{"rendered":"<p>Apr\u00e8s le succ\u00e8s de la . Kanye West et Adidas sont de re [&hellip;]<\/p>\n","protected":false},"featured_media":22691,"template":"","meta":[],"product_brand":[],"product_cat":[176,61],"product_tag":[],"class_list":{"0":"post-22689","1":"product","2":"type-product","3":"status-publish","4":"has-post-thumbnail","6":"product_cat-sneakers","7":"product_cat-yeezy-500","9":"first","10":"instock","11":"sale","12":"shipping-taxable","13":"purchasable","14":"product-type-variable"},"_links":{"self":[{"href":"https:\/\/yeezy.xianzhi.org\/index.php?rest_route=\/wp\/v2\/product\/22689","targetHints":{"allow":["GET"]}}],"collection":[{"href":"https:\/\/yeezy.xianzhi.org\/index.php?rest_route=\/wp\/v2\/product"}],"about":[{"href":"https:\/\/yeezy.xianzhi.org\/index.php?rest_route=\/wp\/v2\/types\/product"}],"wp:featuredmedia":[{"embeddable":true,"href":"https:\/\/yeezy.xianzhi.org\/index.php?rest_route=\/wp\/v2\/media\/22691"}],"wp:attachment":[{"href":"https:\/\/yeezy.xianzhi.org\/index.php?rest_route=%2Fwp%2Fv2%2Fmedia&parent=22689"}],"wp:term":[{"taxonomy":"product_brand","embeddable":true,"href":"https:\/\/yeezy.xianzhi.org\/index.php?rest_route=%2Fwp%2Fv2%2Fproduct_brand&post=22689"},{"taxonomy":"product_cat","embeddable":true,"href":"https:\/\/yeezy.xianzhi.org\/index.php?rest_route=%2Fwp%2Fv2%2Fproduct_cat&post=22689"},{"taxonomy":"product_tag","embeddable":true,"href":"https:\/\/yeezy.xianzhi.org\/index.php?rest_route=%2Fwp%2Fv2%2Fproduct_tag&post=22689"}],"curies":[{"name":"wp","href":"https:\/\/api.w.org\/{rel}","templated":true}]}}