{"id":22677,"date":"2025-07-15T01:37:14","date_gmt":"2025-07-14T17:37:14","guid":{"rendered":"https:\/\/yeezy.xianzhi.org\/?post_type=product&#038;p=22677"},"modified":"2025-07-15T01:38:41","modified_gmt":"2025-07-14T17:38:41","slug":"adidas-yeezy-500-utility-black","status":"publish","type":"product","link":"https:\/\/yeezy.xianzhi.org\/?product=adidas-yeezy-500-utility-black","title":{"rendered":"Adidas Yeezy 500 Utility Black"},"content":{"rendered":"<p><meta charset=\"utf-8\">Seulement quelques semaines apr\u00e8s la sortie de la Yeezy 500 Supermoon Yellow. Adidas et Kanye West sortent la tant attendue <strong>Yeezy 500 Utility Black<\/strong>. d\u00e9voil\u00e9e pour la premi\u00e8re fois dans le lookbook \u00ab Yeezy Season 6 \u00bb d\u00e9but 2018.<\/p>\n<p>La Yeezy 500 Utility Black. troisi\u00e8me d\u00e9clinaison de cette silhouette devenue un classique en quelques mois. rev\u00eat pour l&#8217;occasion. un upper en mesh et nubuck noir d\u00e9lav\u00e9.<\/p>\n<p>La semelle embl\u00e9matique d&#8217;Adidas en adiprene lui donne sa fameuse allure chunky. et les touches de \u00ab high fashion \u00bb int\u00e9gr\u00e9es au design par Kanye West font de la Yeezy 500 Utility Black une des d\u00e9clinaisons les plus attendues de la Yeezy 500.<\/p>\n<p>Apr\u00e8s les sorties cons\u00e9cutives de la <strong>Yeezy 500 Supermoon Yellow<\/strong> et de la Yeezy 350 Boost V2 Butter. on peut assur\u00e9ment affirmer que Kanye West et Adidas on l&#8217;intention de conqu\u00e9rir tous les fans de sneakers cet \u00e9t\u00e9 !<\/p>\n<p><strong>SKU :<\/strong> F36640<br \/><strong>Date de sortie :<\/strong> Juillet 2018<br \/><strong>Colorway :<\/strong> UTILITY BLACK\/UTILITY BLACK\/UTILITY BLACK<\/p>\n","protected":false},"excerpt":{"rendered":"<p>Seulement quelques semaines apr\u00e8s la sortie de la Yeezy [&hellip;]<\/p>\n","protected":false},"featured_media":22679,"template":"","meta":[],"product_brand":[],"product_cat":[176,61],"product_tag":[],"class_list":{"0":"post-22677","1":"product","2":"type-product","3":"status-publish","4":"has-post-thumbnail","6":"product_cat-sneakers","7":"product_cat-yeezy-500","9":"first","10":"instock","11":"sale","12":"shipping-taxable","13":"purchasable","14":"product-type-variable"},"_links":{"self":[{"href":"https:\/\/yeezy.xianzhi.org\/index.php?rest_route=\/wp\/v2\/product\/22677","targetHints":{"allow":["GET"]}}],"collection":[{"href":"https:\/\/yeezy.xianzhi.org\/index.php?rest_route=\/wp\/v2\/product"}],"about":[{"href":"https:\/\/yeezy.xianzhi.org\/index.php?rest_route=\/wp\/v2\/types\/product"}],"wp:featuredmedia":[{"embeddable":true,"href":"https:\/\/yeezy.xianzhi.org\/index.php?rest_route=\/wp\/v2\/media\/22679"}],"wp:attachment":[{"href":"https:\/\/yeezy.xianzhi.org\/index.php?rest_route=%2Fwp%2Fv2%2Fmedia&parent=22677"}],"wp:term":[{"taxonomy":"product_brand","embeddable":true,"href":"https:\/\/yeezy.xianzhi.org\/index.php?rest_route=%2Fwp%2Fv2%2Fproduct_brand&post=22677"},{"taxonomy":"product_cat","embeddable":true,"href":"https:\/\/yeezy.xianzhi.org\/index.php?rest_route=%2Fwp%2Fv2%2Fproduct_cat&post=22677"},{"taxonomy":"product_tag","embeddable":true,"href":"https:\/\/yeezy.xianzhi.org\/index.php?rest_route=%2Fwp%2Fv2%2Fproduct_tag&post=22677"}],"curies":[{"name":"wp","href":"https:\/\/api.w.org\/{rel}","templated":true}]}}