{"id":22669,"date":"2025-07-15T01:37:07","date_gmt":"2025-07-14T17:37:07","guid":{"rendered":"https:\/\/yeezy.xianzhi.org\/?post_type=product&#038;p=22669"},"modified":"2025-07-15T01:38:42","modified_gmt":"2025-07-14T17:38:42","slug":"adidas-yeezy-500-salt","status":"publish","type":"product","link":"https:\/\/yeezy.xianzhi.org\/?product=adidas-yeezy-500-salt","title":{"rendered":"Adidas Yeezy 500 Salt"},"content":{"rendered":"<p>Apr\u00e8s le succ\u00e8s de la . des . et des . Adidas et Kanye West sortent une nouvelle version de la populaire Yeezy 500. <\/p>\n<p>\u00c0 l&#8217;image des coloris pr\u00e9c\u00e9dents. on retrouve un pattern quasi monochrome. Dans ce coloris &#8220;Salt&#8221;. la Yeezy 500 se voit drap\u00e9e de tons gris clairs. encore in\u00e9dits.<\/p>\n<p>On retrouve l&#8217;architecture &#8220;dad shoe&#8221; tant pl\u00e9biscit\u00e9e de cette silhouette. Ses finitions en suede et son mesh viennent se fondre dans l&#8217;esth\u00e9tique g\u00e9n\u00e9rale. Le design moderne de la Yeezy 500 Salt est parachev\u00e9 par l&#8217;inimitable semelle adiPrene.<\/p>\n<p><strong>SKU :<\/strong> EE7287<br \/><strong>Date de sortie :<\/strong> Novembre 2018<br \/><strong>Colorway :<\/strong> SALT\/SALT\/SALT<\/p>\n","protected":false},"excerpt":{"rendered":"<p>Apr\u00e8s le succ\u00e8s de la . des . et des . Adidas et Kanye  [&hellip;]<\/p>\n","protected":false},"featured_media":22672,"template":"","meta":[],"product_brand":[],"product_cat":[176,61],"product_tag":[],"class_list":{"0":"post-22669","1":"product","2":"type-product","3":"status-publish","4":"has-post-thumbnail","6":"product_cat-sneakers","7":"product_cat-yeezy-500","9":"first","10":"instock","11":"sale","12":"shipping-taxable","13":"purchasable","14":"product-type-variable"},"_links":{"self":[{"href":"https:\/\/yeezy.xianzhi.org\/index.php?rest_route=\/wp\/v2\/product\/22669","targetHints":{"allow":["GET"]}}],"collection":[{"href":"https:\/\/yeezy.xianzhi.org\/index.php?rest_route=\/wp\/v2\/product"}],"about":[{"href":"https:\/\/yeezy.xianzhi.org\/index.php?rest_route=\/wp\/v2\/types\/product"}],"wp:featuredmedia":[{"embeddable":true,"href":"https:\/\/yeezy.xianzhi.org\/index.php?rest_route=\/wp\/v2\/media\/22672"}],"wp:attachment":[{"href":"https:\/\/yeezy.xianzhi.org\/index.php?rest_route=%2Fwp%2Fv2%2Fmedia&parent=22669"}],"wp:term":[{"taxonomy":"product_brand","embeddable":true,"href":"https:\/\/yeezy.xianzhi.org\/index.php?rest_route=%2Fwp%2Fv2%2Fproduct_brand&post=22669"},{"taxonomy":"product_cat","embeddable":true,"href":"https:\/\/yeezy.xianzhi.org\/index.php?rest_route=%2Fwp%2Fv2%2Fproduct_cat&post=22669"},{"taxonomy":"product_tag","embeddable":true,"href":"https:\/\/yeezy.xianzhi.org\/index.php?rest_route=%2Fwp%2Fv2%2Fproduct_tag&post=22669"}],"curies":[{"name":"wp","href":"https:\/\/api.w.org\/{rel}","templated":true}]}}