{"id":22661,"date":"2025-07-15T01:37:01","date_gmt":"2025-07-14T17:37:01","guid":{"rendered":"https:\/\/yeezy.xianzhi.org\/?post_type=product&#038;p=22661"},"modified":"2025-07-15T01:38:42","modified_gmt":"2025-07-14T17:38:42","slug":"adidas-yeezy-500-high-frosted-blue","status":"publish","type":"product","link":"https:\/\/yeezy.xianzhi.org\/?product=adidas-yeezy-500-high-frosted-blue","title":{"rendered":"Adidas Yeezy 500 High Frosted Blue"},"content":{"rendered":"<p class=\"p1\">Apr\u00e8s la version &#8220;<strong><span style=\"text-decoration: underline;\"><\/span><\/strong>&#8220;. le designer de Chicago ouvre le bal du printemps 2021 en d\u00e9voilant un nouveau coloris pour la version High des <strong><span style=\"text-decoration: underline;\"><\/span><\/strong>.<\/p>\n<p class=\"p1\">La <b>Yeezy 500 High Frosted Blue <\/b>dispose d&#8217;une empeigne en n\u00e9opr\u00e8ne <b>bleu \u00e9lectrique<\/b>. ainsi que de superpositions en daim <b>bleu p\u00e9trole<\/b>. On distingue ensuite des empi\u00e8cements en <b>daim gris<\/b>. des lacets ronds. de m\u00eame qu&#8217;un co-branding sur les insoles. Une imposante semelle <b>bicolore<\/b>. pourvue de la technologie adiprene. vient parachever le design de <b>Kanye West.<\/b><\/p>\n<p> Coloris agr\u00e9able \u00e0 porter. silhouette <b>montante<\/b> et mat\u00e9riaux <b>premiums<\/b> cette nouvelle \u00e9dition tombe \u00e0 pic pour vos balades <b>printani\u00e8res. <\/b><\/p>\n<p><meta charset=\"utf-8\"><strong data-mce-fragment=\"1\">SKU<\/strong><span data-mce-fragment=\"1\"> : GZ5544<\/span><br data-mce-fragment=\"1\"><strong data-mce-fragment=\"1\">Date de sortie<\/strong><span data-mce-fragment=\"1\"> : Avril 2021<\/span><br data-mce-fragment=\"1\"><strong data-mce-fragment=\"1\">Colorway<\/strong><span data-mce-fragment=\"1\"> : <meta charset=\"utf-8\">FROSTED BLUE\/FROSTED BLUE-FROSTED BLUE<\/span><\/p>\n","protected":false},"excerpt":{"rendered":"<p>Apr\u00e8s la version &#8220;&#8220;. le designer de Chicago [&hellip;]<\/p>\n","protected":false},"featured_media":22665,"template":"","meta":[],"product_brand":[],"product_cat":[176,61],"product_tag":[],"class_list":{"0":"post-22661","1":"product","2":"type-product","3":"status-publish","4":"has-post-thumbnail","6":"product_cat-sneakers","7":"product_cat-yeezy-500","9":"first","10":"instock","11":"sale","12":"shipping-taxable","13":"purchasable","14":"product-type-variable"},"_links":{"self":[{"href":"https:\/\/yeezy.xianzhi.org\/index.php?rest_route=\/wp\/v2\/product\/22661","targetHints":{"allow":["GET"]}}],"collection":[{"href":"https:\/\/yeezy.xianzhi.org\/index.php?rest_route=\/wp\/v2\/product"}],"about":[{"href":"https:\/\/yeezy.xianzhi.org\/index.php?rest_route=\/wp\/v2\/types\/product"}],"wp:featuredmedia":[{"embeddable":true,"href":"https:\/\/yeezy.xianzhi.org\/index.php?rest_route=\/wp\/v2\/media\/22665"}],"wp:attachment":[{"href":"https:\/\/yeezy.xianzhi.org\/index.php?rest_route=%2Fwp%2Fv2%2Fmedia&parent=22661"}],"wp:term":[{"taxonomy":"product_brand","embeddable":true,"href":"https:\/\/yeezy.xianzhi.org\/index.php?rest_route=%2Fwp%2Fv2%2Fproduct_brand&post=22661"},{"taxonomy":"product_cat","embeddable":true,"href":"https:\/\/yeezy.xianzhi.org\/index.php?rest_route=%2Fwp%2Fv2%2Fproduct_cat&post=22661"},{"taxonomy":"product_tag","embeddable":true,"href":"https:\/\/yeezy.xianzhi.org\/index.php?rest_route=%2Fwp%2Fv2%2Fproduct_tag&post=22661"}],"curies":[{"name":"wp","href":"https:\/\/api.w.org\/{rel}","templated":true}]}}