{"id":22660,"date":"2025-07-15T01:37:01","date_gmt":"2025-07-14T17:37:01","guid":{"rendered":"https:\/\/yeezy.xianzhi.org\/?post_type=product&#038;p=22660"},"modified":"2025-07-15T01:38:42","modified_gmt":"2025-07-14T17:38:42","slug":"adidas-yeezy-500-high-shale-warm","status":"publish","type":"product","link":"https:\/\/yeezy.xianzhi.org\/?product=adidas-yeezy-500-high-shale-warm","title":{"rendered":"Adidas Yeezy 500 High Shale Warm"},"content":{"rendered":"<p><meta charset=\"utf-8\"><\/p>\n<p data-mce-fragment=\"1\"><b data-stringify-type=\"bold\" data-mce-fragment=\"1\"><\/b><span data-mce-fragment=\"1\">La silhouette <strong data-mce-fragment=\"1\">Yeezy 500 High<\/strong> signe son grand retour ! Plus d&#8217;un an apr\u00e8s la premi\u00e8re version <span style=\"text-decoration: underline;\"><\/span>. Kanye et Adidas nous d\u00e9voilent deux nouveaux coloris.<\/span><\/p>\n<p data-mce-fragment=\"1\"><span data-mce-fragment=\"1\">La <strong data-mce-fragment=\"1\">Adidas Yeezy 500 High Shale Warm<\/strong> se pare d&#8217;un upper m\u00e9langeant des empi\u00e8cements beiges en <strong data-mce-fragment=\"1\">n\u00e9opr\u00e8ne et en daim<\/strong>. La silhouette <strong data-mce-fragment=\"1\">chunky<\/strong> repose sur une semelle en caoutchouc gris fonc\u00e9. offrant un contraste avec l&#8217;ensemble. La technologie <strong>Adiprene<\/strong> vient assurer la touche de confort.<\/span><\/p>\n<p data-mce-fragment=\"1\"><span data-mce-fragment=\"1\">Coloris agr\u00e9able \u00e0 porter. silhouette montante et mat\u00e9riaux premiums cette nouvelle \u00e9dition tombe \u00e0 pic pour l&#8217;hiver !<\/span><\/p>\n<p data-mce-fragment=\"1\"><strong data-mce-fragment=\"1\">SKU<\/strong><span data-mce-fragment=\"1\"> <\/span>: GZ7074<br data-mce-fragment=\"1\"><strong data-mce-fragment=\"1\">Date de sortie<\/strong><span data-mce-fragment=\"1\"> <\/span>: F\u00e9vrier 2021<br data-mce-fragment=\"1\"><strong data-mce-fragment=\"1\">Colorway<\/strong><span data-mce-fragment=\"1\"> <\/span>: SHALE WARM\/ SHALE WARM<\/p>\n<p><span style=\"margin: 0px auto; border: 2px dotted #000000; position: absolute; z-index: 2147483647; visibility: hidden; left: 44px; width: 0px; top: 161px; height: 0px;\"><\/span><span style=\"z-index: 2147483647; position: absolute; visibility: hidden; left: 29px; width: 50px; top: 146px; height: 20px; font-size: 10px; color: black;\">0<\/span><\/p>\n","protected":false},"excerpt":{"rendered":"<p>La silhouette Yeezy 500 High signe son grand retour ! P [&hellip;]<\/p>\n","protected":false},"featured_media":22662,"template":"","meta":[],"product_brand":[],"product_cat":[176,61],"product_tag":[],"class_list":{"0":"post-22660","1":"product","2":"type-product","3":"status-publish","4":"has-post-thumbnail","6":"product_cat-sneakers","7":"product_cat-yeezy-500","9":"first","10":"instock","11":"sale","12":"shipping-taxable","13":"purchasable","14":"product-type-variable"},"_links":{"self":[{"href":"https:\/\/yeezy.xianzhi.org\/index.php?rest_route=\/wp\/v2\/product\/22660","targetHints":{"allow":["GET"]}}],"collection":[{"href":"https:\/\/yeezy.xianzhi.org\/index.php?rest_route=\/wp\/v2\/product"}],"about":[{"href":"https:\/\/yeezy.xianzhi.org\/index.php?rest_route=\/wp\/v2\/types\/product"}],"wp:featuredmedia":[{"embeddable":true,"href":"https:\/\/yeezy.xianzhi.org\/index.php?rest_route=\/wp\/v2\/media\/22662"}],"wp:attachment":[{"href":"https:\/\/yeezy.xianzhi.org\/index.php?rest_route=%2Fwp%2Fv2%2Fmedia&parent=22660"}],"wp:term":[{"taxonomy":"product_brand","embeddable":true,"href":"https:\/\/yeezy.xianzhi.org\/index.php?rest_route=%2Fwp%2Fv2%2Fproduct_brand&post=22660"},{"taxonomy":"product_cat","embeddable":true,"href":"https:\/\/yeezy.xianzhi.org\/index.php?rest_route=%2Fwp%2Fv2%2Fproduct_cat&post=22660"},{"taxonomy":"product_tag","embeddable":true,"href":"https:\/\/yeezy.xianzhi.org\/index.php?rest_route=%2Fwp%2Fv2%2Fproduct_tag&post=22660"}],"curies":[{"name":"wp","href":"https:\/\/api.w.org\/{rel}","templated":true}]}}